{"id":238331,"date":"2019-10-28T13:51:04","date_gmt":"2019-10-28T13:51:04","guid":{"rendered":"http:\/\/www.demo.co.mg\/ranowash\/?page_id=238331"},"modified":"2021-05-31T13:15:10","modified_gmt":"2021-05-31T11:15:10","slug":"care","status":"publish","type":"page","link":"https:\/\/care.mg\/ranowash\/care\/","title":{"rendered":"CARE"},"content":{"rendered":"\n<div class=\"wp-block-image is-style-default\"><figure class=\"alignleft size-large is-resized\"><img loading=\"lazy\" decoding=\"async\" src=\"https:\/\/care.mg\/ranowash\/wp-content\/uploads\/2021\/05\/care-logo.png\" alt=\"\" class=\"wp-image-240034\" width=\"268\" height=\"86\" srcset=\"https:\/\/care.mg\/ranowash\/wp-content\/uploads\/2021\/05\/care-logo.png 357w, https:\/\/care.mg\/ranowash\/wp-content\/uploads\/2021\/05\/care-logo-300x97.png 300w\" sizes=\"(max-width: 268px) 100vw, 268px\" \/><\/figure><\/div>\n\n\n\n<p><\/p>\n\n\n\n<p><\/p>\n\n\n\n<p>Fond\u00e9 en 1945, CARE International est l\u2019un des plus grands r\u00e9seaux humanitaires apolitiques et non confessionnels du monde, avec 14 pays membres du Nord et du Sud, dont CARE France, travaillant ensemble pour mettre en \u0153uvre plus de 1 000 projets d\u2019urgence et de d\u00e9veloppement dans le monde \u00e0 travers plus de 65 bureaux locaux. Les pays membres mettent \u00e0 la disposition des bureaux hors Si\u00e8ge leur expertise technique, leur financement, leur contr\u00f4le de gestion, leur audit, le suivi des projets et leurs ressources humaines, si n\u00e9cessaire. Un membre du r\u00e9seau CARE est d\u00e9sign\u00e9 comme \u00a0\u00bb chef de file \u00a0\u00bb pour chaque bureau ext\u00e9rieur afin de coordonner toutes les op\u00e9rations dans ce pays. Ce r\u00f4le est confi\u00e9 \u00e0 CARE France pour Madagascar depuis juillet 2016, s\u2019il \u00e9tait auparavant assur\u00e9 par CARE USA. Ensemble, les deux bureaux assurent la qualit\u00e9 de la mise en \u0153uvre des projets.<\/p>\n\n\n\n<p>CARE a commenc\u00e9 ses interventions \u00e0 Madagascar en 1992 et a mis en \u0153uvre des projets dans diff\u00e9rents domaines programmatiques : s\u00e9curit\u00e9 alimentaire et nutrition, r\u00e9duction des risques de catastrophe, autonomisation des femmes et des filles, gouvernance, \u00e9ducation, eau et assainissement, sant\u00e9 (\u2026). CARE a \u00e9galement toujours \u00e9t\u00e9 un acteur majeur dans la r\u00e9ponse aux urgences qui affectent r\u00e9guli\u00e8rement le pays (s\u00e9cheresse, cyclones\u2026).<\/p>\n\n\n\n<p>Depuis plus de 10 ans, CARE Madagascar, en partenariat avec de multiples organisations telles que WSUP, CRS, BushProof, Sandandrano et Voahary Salama, met en \u0153uvre des projets visant \u00e0 am\u00e9liorer l\u2019acc\u00e8s de la population aux services WASH dans les zones rurales et urbaines de Madagascar, notamment dans les r\u00e9gions de Analanjirofo, Atsinanana, Vatovavy Fitovinany, Atsimo Atsinanana, Analamanga, Anosy. Pour ce faire, CARE travaille en \u00e9troite collaboration avec le Minist\u00e8re de l\u2019Eau, de l\u2019Assainissement et de l\u2019Hygi\u00e8ne aux niveaux national et r\u00e9gional ainsi qu\u2019avec les structures d\u00e9centralis\u00e9es au niveau local.<\/p>\n\n\n\n<p>CARE dirige le consortium dans la mise en \u0153uvre du projet RANO WASH, financ\u00e9 par l\u2019USAID.<\/p>\n","protected":false},"excerpt":{"rendered":"<p>Fond\u00e9 en 1945, CARE International est l\u2019un des plus grands r\u00e9seaux humanitaires apolitiques et non confessionnels du monde, avec 14 pays membres du Nord et du Sud, dont CARE France, travaillant ensemble pour mettre en \u0153uvre plus de 1 000 projets d\u2019urgence et de d\u00e9veloppement dans le monde \u00e0 travers plus de 65 bureaux locaux. [&hellip;]<\/p>\n","protected":false},"author":5,"featured_media":0,"parent":0,"menu_order":0,"comment_status":"closed","ping_status":"closed","template":"","meta":{"footnotes":""},"acf":[],"yoast_head":"<!-- This site is optimized with the Yoast SEO plugin v23.5 - https:\/\/yoast.com\/wordpress\/plugins\/seo\/ -->\n<title>CARE - RANO WASH<\/title>\n<meta name=\"robots\" content=\"index, follow, max-snippet:-1, max-image-preview:large, max-video-preview:-1\" \/>\n<link rel=\"canonical\" href=\"https:\/\/care.mg\/ranowash\/care\/\" \/>\n<meta property=\"og:locale\" content=\"fr_FR\" \/>\n<meta property=\"og:type\" content=\"article\" \/>\n<meta property=\"og:title\" content=\"CARE - RANO WASH\" \/>\n<meta property=\"og:description\" content=\"Fond\u00e9 en 1945, CARE International est l\u2019un des plus grands r\u00e9seaux humanitaires apolitiques et non confessionnels du monde, avec 14 pays membres du Nord et du Sud, dont CARE France, travaillant ensemble pour mettre en \u0153uvre plus de 1 000 projets d\u2019urgence et de d\u00e9veloppement dans le monde \u00e0 travers plus de 65 bureaux locaux. [&hellip;]\" \/>\n<meta property=\"og:url\" content=\"https:\/\/care.mg\/ranowash\/care\/\" \/>\n<meta property=\"og:site_name\" content=\"RANO WASH\" \/>\n<meta property=\"article:publisher\" content=\"https:\/\/www.facebook.com\/CAREMadagascar\" \/>\n<meta property=\"article:modified_time\" content=\"2021-05-31T11:15:10+00:00\" \/>\n<meta property=\"og:image\" content=\"https:\/\/care.mg\/ranowash\/wp-content\/uploads\/2021\/05\/care-logo.png\" \/>\n<meta name=\"twitter:card\" content=\"summary_large_image\" \/>\n<meta name=\"twitter:site\" content=\"@CAREMadagascar\" \/>\n<meta name=\"twitter:label1\" content=\"Dur\u00e9e de lecture estim\u00e9e\" \/>\n\t<meta name=\"twitter:data1\" content=\"2 minutes\" \/>\n<script type=\"application\/ld+json\" class=\"yoast-schema-graph\">{\"@context\":\"https:\/\/schema.org\",\"@graph\":[{\"@type\":\"WebPage\",\"@id\":\"https:\/\/care.mg\/ranowash\/care\/\",\"url\":\"https:\/\/care.mg\/ranowash\/care\/\",\"name\":\"CARE - RANO WASH\",\"isPartOf\":{\"@id\":\"https:\/\/care.mg\/ranowash\/#website\"},\"primaryImageOfPage\":{\"@id\":\"https:\/\/care.mg\/ranowash\/care\/#primaryimage\"},\"image\":{\"@id\":\"https:\/\/care.mg\/ranowash\/care\/#primaryimage\"},\"thumbnailUrl\":\"https:\/\/care.mg\/ranowash\/wp-content\/uploads\/2021\/05\/care-logo.png\",\"datePublished\":\"2019-10-28T13:51:04+00:00\",\"dateModified\":\"2021-05-31T11:15:10+00:00\",\"inLanguage\":\"fr-FR\",\"potentialAction\":[{\"@type\":\"ReadAction\",\"target\":[\"https:\/\/care.mg\/ranowash\/care\/\"]}]},{\"@type\":\"ImageObject\",\"inLanguage\":\"fr-FR\",\"@id\":\"https:\/\/care.mg\/ranowash\/care\/#primaryimage\",\"url\":\"https:\/\/care.mg\/ranowash\/wp-content\/uploads\/2021\/05\/care-logo.png\",\"contentUrl\":\"https:\/\/care.mg\/ranowash\/wp-content\/uploads\/2021\/05\/care-logo.png\",\"width\":357,\"height\":115},{\"@type\":\"WebSite\",\"@id\":\"https:\/\/care.mg\/ranowash\/#website\",\"url\":\"https:\/\/care.mg\/ranowash\/\",\"name\":\"RANO WASH\",\"description\":\"Rural Access to New Opportunities in Water, Sanitation and Hygiene\",\"publisher\":{\"@id\":\"https:\/\/care.mg\/ranowash\/#organization\"},\"potentialAction\":[{\"@type\":\"SearchAction\",\"target\":{\"@type\":\"EntryPoint\",\"urlTemplate\":\"https:\/\/care.mg\/ranowash\/?s={search_term_string}\"},\"query-input\":{\"@type\":\"PropertyValueSpecification\",\"valueRequired\":true,\"valueName\":\"search_term_string\"}}],\"inLanguage\":\"fr-FR\"},{\"@type\":\"Organization\",\"@id\":\"https:\/\/care.mg\/ranowash\/#organization\",\"name\":\"RANO WASH\",\"url\":\"https:\/\/care.mg\/ranowash\/\",\"logo\":{\"@type\":\"ImageObject\",\"inLanguage\":\"fr-FR\",\"@id\":\"https:\/\/care.mg\/ranowash\/#\/schema\/logo\/image\/\",\"url\":\"https:\/\/care.mg\/ranowash\/wp-content\/uploads\/2022\/08\/logo-mini-usaid-rw.png\",\"contentUrl\":\"https:\/\/care.mg\/ranowash\/wp-content\/uploads\/2022\/08\/logo-mini-usaid-rw.png\",\"width\":470,\"height\":97,\"caption\":\"RANO WASH\"},\"image\":{\"@id\":\"https:\/\/care.mg\/ranowash\/#\/schema\/logo\/image\/\"},\"sameAs\":[\"https:\/\/www.facebook.com\/CAREMadagascar\",\"https:\/\/x.com\/CAREMadagascar\"]}]}<\/script>\n<!-- \/ Yoast SEO plugin. -->","yoast_head_json":{"title":"CARE - RANO WASH","robots":{"index":"index","follow":"follow","max-snippet":"max-snippet:-1","max-image-preview":"max-image-preview:large","max-video-preview":"max-video-preview:-1"},"canonical":"https:\/\/care.mg\/ranowash\/care\/","og_locale":"fr_FR","og_type":"article","og_title":"CARE - RANO WASH","og_description":"Fond\u00e9 en 1945, CARE International est l\u2019un des plus grands r\u00e9seaux humanitaires apolitiques et non confessionnels du monde, avec 14 pays membres du Nord et du Sud, dont CARE France, travaillant ensemble pour mettre en \u0153uvre plus de 1 000 projets d\u2019urgence et de d\u00e9veloppement dans le monde \u00e0 travers plus de 65 bureaux locaux. [&hellip;]","og_url":"https:\/\/care.mg\/ranowash\/care\/","og_site_name":"RANO WASH","article_publisher":"https:\/\/www.facebook.com\/CAREMadagascar","article_modified_time":"2021-05-31T11:15:10+00:00","og_image":[{"url":"https:\/\/care.mg\/ranowash\/wp-content\/uploads\/2021\/05\/care-logo.png"}],"twitter_card":"summary_large_image","twitter_site":"@CAREMadagascar","twitter_misc":{"Dur\u00e9e de lecture estim\u00e9e":"2 minutes"},"schema":{"@context":"https:\/\/schema.org","@graph":[{"@type":"WebPage","@id":"https:\/\/care.mg\/ranowash\/care\/","url":"https:\/\/care.mg\/ranowash\/care\/","name":"CARE - RANO WASH","isPartOf":{"@id":"https:\/\/care.mg\/ranowash\/#website"},"primaryImageOfPage":{"@id":"https:\/\/care.mg\/ranowash\/care\/#primaryimage"},"image":{"@id":"https:\/\/care.mg\/ranowash\/care\/#primaryimage"},"thumbnailUrl":"https:\/\/care.mg\/ranowash\/wp-content\/uploads\/2021\/05\/care-logo.png","datePublished":"2019-10-28T13:51:04+00:00","dateModified":"2021-05-31T11:15:10+00:00","inLanguage":"fr-FR","potentialAction":[{"@type":"ReadAction","target":["https:\/\/care.mg\/ranowash\/care\/"]}]},{"@type":"ImageObject","inLanguage":"fr-FR","@id":"https:\/\/care.mg\/ranowash\/care\/#primaryimage","url":"https:\/\/care.mg\/ranowash\/wp-content\/uploads\/2021\/05\/care-logo.png","contentUrl":"https:\/\/care.mg\/ranowash\/wp-content\/uploads\/2021\/05\/care-logo.png","width":357,"height":115},{"@type":"WebSite","@id":"https:\/\/care.mg\/ranowash\/#website","url":"https:\/\/care.mg\/ranowash\/","name":"RANO WASH","description":"Rural Access to New Opportunities in Water, Sanitation and Hygiene","publisher":{"@id":"https:\/\/care.mg\/ranowash\/#organization"},"potentialAction":[{"@type":"SearchAction","target":{"@type":"EntryPoint","urlTemplate":"https:\/\/care.mg\/ranowash\/?s={search_term_string}"},"query-input":{"@type":"PropertyValueSpecification","valueRequired":true,"valueName":"search_term_string"}}],"inLanguage":"fr-FR"},{"@type":"Organization","@id":"https:\/\/care.mg\/ranowash\/#organization","name":"RANO WASH","url":"https:\/\/care.mg\/ranowash\/","logo":{"@type":"ImageObject","inLanguage":"fr-FR","@id":"https:\/\/care.mg\/ranowash\/#\/schema\/logo\/image\/","url":"https:\/\/care.mg\/ranowash\/wp-content\/uploads\/2022\/08\/logo-mini-usaid-rw.png","contentUrl":"https:\/\/care.mg\/ranowash\/wp-content\/uploads\/2022\/08\/logo-mini-usaid-rw.png","width":470,"height":97,"caption":"RANO WASH"},"image":{"@id":"https:\/\/care.mg\/ranowash\/#\/schema\/logo\/image\/"},"sameAs":["https:\/\/www.facebook.com\/CAREMadagascar","https:\/\/x.com\/CAREMadagascar"]}]}},"_links":{"self":[{"href":"https:\/\/care.mg\/ranowash\/wp-json\/wp\/v2\/pages\/238331"}],"collection":[{"href":"https:\/\/care.mg\/ranowash\/wp-json\/wp\/v2\/pages"}],"about":[{"href":"https:\/\/care.mg\/ranowash\/wp-json\/wp\/v2\/types\/page"}],"author":[{"embeddable":true,"href":"https:\/\/care.mg\/ranowash\/wp-json\/wp\/v2\/users\/5"}],"replies":[{"embeddable":true,"href":"https:\/\/care.mg\/ranowash\/wp-json\/wp\/v2\/comments?post=238331"}],"version-history":[{"count":11,"href":"https:\/\/care.mg\/ranowash\/wp-json\/wp\/v2\/pages\/238331\/revisions"}],"predecessor-version":[{"id":240177,"href":"https:\/\/care.mg\/ranowash\/wp-json\/wp\/v2\/pages\/238331\/revisions\/240177"}],"wp:attachment":[{"href":"https:\/\/care.mg\/ranowash\/wp-json\/wp\/v2\/media?parent=238331"}],"curies":[{"name":"wp","href":"https:\/\/api.w.org\/{rel}","templated":true}]}}