{"id":238336,"date":"2019-10-28T13:57:04","date_gmt":"2019-10-28T13:57:04","guid":{"rendered":"http:\/\/www.demo.co.mg\/ranowash\/?page_id=238336"},"modified":"2021-05-31T13:16:34","modified_gmt":"2021-05-31T11:16:34","slug":"wateraid","status":"publish","type":"page","link":"https:\/\/care.mg\/ranowash\/wateraid\/","title":{"rendered":"WaterAid"},"content":{"rendered":"\n<div class=\"wp-block-image\"><figure class=\"alignleft size-large is-resized\"><img loading=\"lazy\" decoding=\"async\" src=\"https:\/\/care.mg\/ranowash\/wp-content\/uploads\/2021\/05\/wateraid-tertiary-lrg-logo_rgb-1024x381.png\" alt=\"\" class=\"wp-image-240040\" width=\"256\" height=\"95\" srcset=\"https:\/\/care.mg\/ranowash\/wp-content\/uploads\/2021\/05\/wateraid-tertiary-lrg-logo_rgb-1024x381.png 1024w, https:\/\/care.mg\/ranowash\/wp-content\/uploads\/2021\/05\/wateraid-tertiary-lrg-logo_rgb-300x112.png 300w, https:\/\/care.mg\/ranowash\/wp-content\/uploads\/2021\/05\/wateraid-tertiary-lrg-logo_rgb-768x286.png 768w, https:\/\/care.mg\/ranowash\/wp-content\/uploads\/2021\/05\/wateraid-tertiary-lrg-logo_rgb.png 1300w\" sizes=\"(max-width: 256px) 100vw, 256px\" \/><\/figure><\/div>\n\n\n\n<p><a href=\"https:\/\/www.wateraid.org\/us\/\">WaterAid<\/a>&nbsp;est officiellement \u00e9tabli le 21 Juillet 1981 au Royaume-Uni et \u00e0 Madagascar en 1989.<br>Notre vision est: \u00abUn monde o\u00f9 l\u2019eau, l\u2019assainissement et l\u2019hygi\u00e8ne sont accessibles partout et pour tous en 2030. \u00bb<br>Notre mission est de \u00ab Transformer la vie des plus pauvres et des plus marginalis\u00e9s en am\u00e9liorant l\u2019acc\u00e8s \u00e0 l\u2019Eau potable, l\u2019Assainissement et l\u2019Hygi\u00e8ne \u00bb.<\/p>\n\n\n\n<p>Nous contribuons dans la lutte contre l\u2019extr\u00eame pauvret\u00e9 en am\u00e9liorant les conditions de vie du plus grand nombre possible de personnes gr\u00e2ce \u00e0 l\u2019Acc\u00e8s Universel \u00e0 l\u2019Eau, l\u2019Assainissement et l\u2019Hygi\u00e8ne (EAH). Notre \u00e9quipe a contribu\u00e9 activement \u00e0 l\u2019autonomisation du secteur de l\u2019Eau, l\u2019Assainissement et de l\u2019Hygi\u00e8ne dans le processus de d\u00e9veloppement du pays. Ses actions ont abouti \u00e0 la cr\u00e9ation d\u2019un Minist\u00e8re sp\u00e9cifique d\u00e9di\u00e9 \u00e0 l\u2019Eau Assainissement Hygi\u00e8ne. Le plaidoyer continu avec la Soci\u00e9t\u00e9 civile et les activit\u00e9s de sensibilisation en Eau Assainissement Hygi\u00e8ne font de WaterAid un acteur incontournable dans le secteur social.<\/p>\n\n\n\n<p>La fourniture de services d\u2019eau et d\u2019assainissement \u00e9quitables et inclusifs aux communaut\u00e9s b\u00e9n\u00e9ficiaires de nos interventions est notre fer de lance, accompagn\u00e9 du renforcement du leadership et de la redevabilit\u00e9 du gouvernement dans le secteur EAH \u00e0 tous les niveaux en s\u2019assurant que les capacit\u00e9s ad\u00e9quates existent aux niveaux national, r\u00e9gional et communal pour acc\u00e9l\u00e9rer les progr\u00e8s en EAH suite \u00e0 un plaidoyer soutenu et des sensibilisations intensifi\u00e9es d\u2019ann\u00e9e en ann\u00e9e.<\/p>\n\n\n\n<p>WaterAid Madagascar est un partenaire membre actif du consortium de&nbsp;<a href=\"https:\/\/care.mg\/ranowash\/wateraid\/care.mg\/ranowash\">RANO WASH<\/a>.<br>Forte de ses exp\u00e9riences dans le secteur Eau Assainissement Hygi\u00e8ne tant au niveau national que r\u00e9gional, WaterAid se charge du renforcement du volet gouvernance du secteur.<\/p>\n\n\n\n<p>Comme le stipule l\u2019Objectif Strat\u00e9gique num\u00e9ro un (OS1) de RANO WASH \u00ab Renforcer les capacit\u00e9s des autorit\u00e9s locales des zones concern\u00e9es, appuyer la mise en place toutes les structures charg\u00e9es de la bonne gestion du secteur et plaider pour une politique et budg\u00e9tisation pro EAH en r\u00e9ponse aux besoins r\u00e9els des populations b\u00e9n\u00e9ficiaires, et en d\u00e9veloppant le leadership des institutions r\u00e9gionales et communales \u00bb<\/p>\n\n\n\n<p>En outre, l\u2019\u00e9quipe de WaterAid plaide pour l\u2019accroissement de l\u2019engagement du secteur priv\u00e9 dans la fourniture des services de l\u2019eau, de l\u2019Assainissement et de l\u2019Hygi\u00e8ne. Et elle met tout en \u0153uvre pour acc\u00e9l\u00e9rer l\u2019adoption de comportements sains et l\u2019utilisation des services de l\u2019Eau, de l\u2019Assainissement et de l\u2019Hygi\u00e8ne.<\/p>\n\n\n\n<p>Ses actions clefs sont :<\/p>\n\n\n\n<ul><li>Renforcement de capacit\u00e9 des autorit\u00e9s locales qu\u2019elles puissent adresser les solutions adapt\u00e9es aux besoins r\u00e9els en Eau Assainissement Hygi\u00e8ne de leur communaut\u00e9 par l\u2019\u00e9laboration d\u2019un Plan Communal de D\u00e9veloppement pro WASH budg\u00e9tis\u00e9 et mis en \u0153uvre;<\/li><\/ul>\n\n\n\n<ul><li>Appui \u00e0 la mise en place de toutes les structures locales telles que les services techniques en EAH (STEAH) et les Structures locales de concertation pour la mise en \u0153uvre et suivi de ces PCDEAH. Et de l\u00e0, \u00e9tendre l\u2019influence jusqu\u2019\u00e0 l\u2019\u00e9laboration du BPOR Budget Programme par Objectif R\u00e9gional du secteur Eau Assainissement Hygi\u00e8ne. Signalons que cet outil est maintenant disponible au niveau national gr\u00e2ce essentiellement \u00e0 WaterAid.<\/li><li>Appui \u00e0 la mise \u00e0 jour du SE&amp;AME ou Syst\u00e8me de base de donn\u00e9es du secteur Eau Assainissement et hygi\u00e8ne \u00e0 Madagascar comme outil de suivi et d\u2019\u00e9valuation du projet.<\/li><li>Plaidoyer pour le respect par les autorit\u00e9s locales de ces droits d\u2019acc\u00e8s \u00e0 l\u2019Eau, l\u2019Assainissement et l\u2019Hygi\u00e8ne tout en informant la communaut\u00e9 sur ses droits.<\/li><li>Appui \u00e0 la mise en place et entretien des r\u00e9seaux de Soci\u00e9t\u00e9 Civiles (OSC EAH) comme entit\u00e9 charg\u00e9e d\u2019observer et de soulever les questions relatives au secteur EAH pour le respect des droits de la communaut\u00e9 \u00e0 ce triptyque EAH.<\/li><\/ul>\n\n\n\n<p>Notons \u00e9galement que WaterAid s\u2019int\u00e8gre dans l\u2019atteinte des 2 autres objectifs strat\u00e9giques de RANO WASH \u00e0 savoir en OS2 visant l\u2019am\u00e9lioration et renforcement de l\u2019engagement du secteur priv\u00e9 dans la fourniture de services WASH.<\/p>\n\n\n\n<p>Inspir\u00e9es des exp\u00e9riences ant\u00e9rieures de WaterAid, les activit\u00e9s s\u2019appuient sur l\u2019engagement structur\u00e9 des acteurs du secteur priv\u00e9 \u00e0 fournir des services et des produits WASH fond\u00e9s sur le march\u00e9. Il s\u2019agit d\u2019allier l\u2019offre du secteur priv\u00e9 \u00e0 la demande des usagers\/clients en se basant sur des donn\u00e9es factuelles pour transposer \u00e0 grande \u00e9chelle et tester une gamme de produits et mod\u00e8les commerciaux nouveaux \/r\u00e9invent\u00e9s. D\u00e9marche transpos\u00e9e \u00e0 grande \u00e9chelle apr\u00e8s le constat positif fait post facto.<\/p>\n\n\n\n<p>Quant \u00e0 l\u2019OS3 sur l\u2019adoption de comportements sains et utilisation des services WASH acc\u00e9l\u00e9r\u00e9e. WaterAid avec un de ses partenaires d\u2019ex\u00e9cution la SAF\/FJKM m\u00e8ne comme elle l\u2019a fait depuis une vingtaine d\u2019ann\u00e9es des campagnes de lutte contre la d\u00e9f\u00e9cation \u00e0 l\u2019air libre, la latrinisation au niveau des m\u00e9nages et des institutions publiques comme les \u00e9coles et les formations sanitaires labellis\u00e9es par la suite en Institutions Amies de WASH, la promotion des comportements sains en Hygi\u00e8ne afin de stopper la maladie diarrh\u00e9ique dans cette zone.<br>L\u2019aspect intersectoriel de l\u2019EAH motive WaterAid \u00e0 inclure les agents de sant\u00e9 et de Nutrition dans les b\u00e9n\u00e9ficiaires de ses formations pour assurer plus d\u2019impacts aux sensibilisations men\u00e9es.<\/p>\n\n\n\n<p>WaterAid Madagascar livre ce paquet d\u2019interventions en Gouvernance et fourniture de services du secteur de l\u2019Eau Assainissement et Hygi\u00e8ne \u00e0 Alaotra Mangoro mais \u00e9galement dans les r\u00e9gions de Vatovavy Fitovinany et Atsinanana et bient\u00f4t \u00e0 Amoron\u2019i Mania, Haute Matsiatra et Vakinankaratra.<\/p>\n","protected":false},"excerpt":{"rendered":"<p>WaterAid&nbsp;est officiellement \u00e9tabli le 21 Juillet 1981 au Royaume-Uni et \u00e0 Madagascar en 1989.Notre vision est: \u00abUn monde o\u00f9 l\u2019eau, l\u2019assainissement et l\u2019hygi\u00e8ne sont accessibles partout et pour tous en 2030. \u00bbNotre mission est de \u00ab Transformer la vie des plus pauvres et des plus marginalis\u00e9s en am\u00e9liorant l\u2019acc\u00e8s \u00e0 l\u2019Eau potable, l\u2019Assainissement et l\u2019Hygi\u00e8ne [&hellip;]<\/p>\n","protected":false},"author":5,"featured_media":0,"parent":0,"menu_order":0,"comment_status":"closed","ping_status":"closed","template":"","meta":{"footnotes":""},"acf":[],"yoast_head":"<!-- This site is optimized with the Yoast SEO plugin v23.5 - https:\/\/yoast.com\/wordpress\/plugins\/seo\/ -->\n<title>WaterAid - RANO WASH<\/title>\n<meta name=\"robots\" content=\"index, follow, max-snippet:-1, max-image-preview:large, max-video-preview:-1\" \/>\n<link rel=\"canonical\" href=\"https:\/\/care.mg\/ranowash\/wateraid\/\" \/>\n<meta property=\"og:locale\" content=\"fr_FR\" \/>\n<meta property=\"og:type\" content=\"article\" \/>\n<meta property=\"og:title\" content=\"WaterAid - RANO WASH\" \/>\n<meta property=\"og:description\" content=\"WaterAid&nbsp;est officiellement \u00e9tabli le 21 Juillet 1981 au Royaume-Uni et \u00e0 Madagascar en 1989.Notre vision est: \u00abUn monde o\u00f9 l\u2019eau, l\u2019assainissement et l\u2019hygi\u00e8ne sont accessibles partout et pour tous en 2030. \u00bbNotre mission est de \u00ab Transformer la vie des plus pauvres et des plus marginalis\u00e9s en am\u00e9liorant l\u2019acc\u00e8s \u00e0 l\u2019Eau potable, l\u2019Assainissement et l\u2019Hygi\u00e8ne [&hellip;]\" \/>\n<meta property=\"og:url\" content=\"https:\/\/care.mg\/ranowash\/wateraid\/\" \/>\n<meta property=\"og:site_name\" content=\"RANO WASH\" \/>\n<meta property=\"article:publisher\" content=\"https:\/\/www.facebook.com\/CAREMadagascar\" \/>\n<meta property=\"article:modified_time\" content=\"2021-05-31T11:16:34+00:00\" \/>\n<meta property=\"og:image\" content=\"https:\/\/care.mg\/ranowash\/wp-content\/uploads\/2021\/05\/wateraid-tertiary-lrg-logo_rgb-1024x381.png\" \/>\n<meta name=\"twitter:card\" content=\"summary_large_image\" \/>\n<meta name=\"twitter:site\" content=\"@CAREMadagascar\" \/>\n<meta name=\"twitter:label1\" content=\"Dur\u00e9e de lecture estim\u00e9e\" \/>\n\t<meta name=\"twitter:data1\" content=\"5 minutes\" \/>\n<script type=\"application\/ld+json\" class=\"yoast-schema-graph\">{\"@context\":\"https:\/\/schema.org\",\"@graph\":[{\"@type\":\"WebPage\",\"@id\":\"https:\/\/care.mg\/ranowash\/wateraid\/\",\"url\":\"https:\/\/care.mg\/ranowash\/wateraid\/\",\"name\":\"WaterAid - RANO WASH\",\"isPartOf\":{\"@id\":\"https:\/\/care.mg\/ranowash\/#website\"},\"primaryImageOfPage\":{\"@id\":\"https:\/\/care.mg\/ranowash\/wateraid\/#primaryimage\"},\"image\":{\"@id\":\"https:\/\/care.mg\/ranowash\/wateraid\/#primaryimage\"},\"thumbnailUrl\":\"https:\/\/care.mg\/ranowash\/wp-content\/uploads\/2021\/05\/wateraid-tertiary-lrg-logo_rgb-1024x381.png\",\"datePublished\":\"2019-10-28T13:57:04+00:00\",\"dateModified\":\"2021-05-31T11:16:34+00:00\",\"inLanguage\":\"fr-FR\",\"potentialAction\":[{\"@type\":\"ReadAction\",\"target\":[\"https:\/\/care.mg\/ranowash\/wateraid\/\"]}]},{\"@type\":\"ImageObject\",\"inLanguage\":\"fr-FR\",\"@id\":\"https:\/\/care.mg\/ranowash\/wateraid\/#primaryimage\",\"url\":\"https:\/\/care.mg\/ranowash\/wp-content\/uploads\/2021\/05\/wateraid-tertiary-lrg-logo_rgb.png\",\"contentUrl\":\"https:\/\/care.mg\/ranowash\/wp-content\/uploads\/2021\/05\/wateraid-tertiary-lrg-logo_rgb.png\",\"width\":1300,\"height\":484},{\"@type\":\"WebSite\",\"@id\":\"https:\/\/care.mg\/ranowash\/#website\",\"url\":\"https:\/\/care.mg\/ranowash\/\",\"name\":\"RANO WASH\",\"description\":\"Rural Access to New Opportunities in Water, Sanitation and Hygiene\",\"publisher\":{\"@id\":\"https:\/\/care.mg\/ranowash\/#organization\"},\"potentialAction\":[{\"@type\":\"SearchAction\",\"target\":{\"@type\":\"EntryPoint\",\"urlTemplate\":\"https:\/\/care.mg\/ranowash\/?s={search_term_string}\"},\"query-input\":{\"@type\":\"PropertyValueSpecification\",\"valueRequired\":true,\"valueName\":\"search_term_string\"}}],\"inLanguage\":\"fr-FR\"},{\"@type\":\"Organization\",\"@id\":\"https:\/\/care.mg\/ranowash\/#organization\",\"name\":\"RANO WASH\",\"url\":\"https:\/\/care.mg\/ranowash\/\",\"logo\":{\"@type\":\"ImageObject\",\"inLanguage\":\"fr-FR\",\"@id\":\"https:\/\/care.mg\/ranowash\/#\/schema\/logo\/image\/\",\"url\":\"https:\/\/care.mg\/ranowash\/wp-content\/uploads\/2022\/08\/logo-mini-usaid-rw.png\",\"contentUrl\":\"https:\/\/care.mg\/ranowash\/wp-content\/uploads\/2022\/08\/logo-mini-usaid-rw.png\",\"width\":470,\"height\":97,\"caption\":\"RANO WASH\"},\"image\":{\"@id\":\"https:\/\/care.mg\/ranowash\/#\/schema\/logo\/image\/\"},\"sameAs\":[\"https:\/\/www.facebook.com\/CAREMadagascar\",\"https:\/\/x.com\/CAREMadagascar\"]}]}<\/script>\n<!-- \/ Yoast SEO plugin. -->","yoast_head_json":{"title":"WaterAid - RANO WASH","robots":{"index":"index","follow":"follow","max-snippet":"max-snippet:-1","max-image-preview":"max-image-preview:large","max-video-preview":"max-video-preview:-1"},"canonical":"https:\/\/care.mg\/ranowash\/wateraid\/","og_locale":"fr_FR","og_type":"article","og_title":"WaterAid - RANO WASH","og_description":"WaterAid&nbsp;est officiellement \u00e9tabli le 21 Juillet 1981 au Royaume-Uni et \u00e0 Madagascar en 1989.Notre vision est: \u00abUn monde o\u00f9 l\u2019eau, l\u2019assainissement et l\u2019hygi\u00e8ne sont accessibles partout et pour tous en 2030. \u00bbNotre mission est de \u00ab Transformer la vie des plus pauvres et des plus marginalis\u00e9s en am\u00e9liorant l\u2019acc\u00e8s \u00e0 l\u2019Eau potable, l\u2019Assainissement et l\u2019Hygi\u00e8ne [&hellip;]","og_url":"https:\/\/care.mg\/ranowash\/wateraid\/","og_site_name":"RANO WASH","article_publisher":"https:\/\/www.facebook.com\/CAREMadagascar","article_modified_time":"2021-05-31T11:16:34+00:00","og_image":[{"url":"https:\/\/care.mg\/ranowash\/wp-content\/uploads\/2021\/05\/wateraid-tertiary-lrg-logo_rgb-1024x381.png"}],"twitter_card":"summary_large_image","twitter_site":"@CAREMadagascar","twitter_misc":{"Dur\u00e9e de lecture estim\u00e9e":"5 minutes"},"schema":{"@context":"https:\/\/schema.org","@graph":[{"@type":"WebPage","@id":"https:\/\/care.mg\/ranowash\/wateraid\/","url":"https:\/\/care.mg\/ranowash\/wateraid\/","name":"WaterAid - RANO WASH","isPartOf":{"@id":"https:\/\/care.mg\/ranowash\/#website"},"primaryImageOfPage":{"@id":"https:\/\/care.mg\/ranowash\/wateraid\/#primaryimage"},"image":{"@id":"https:\/\/care.mg\/ranowash\/wateraid\/#primaryimage"},"thumbnailUrl":"https:\/\/care.mg\/ranowash\/wp-content\/uploads\/2021\/05\/wateraid-tertiary-lrg-logo_rgb-1024x381.png","datePublished":"2019-10-28T13:57:04+00:00","dateModified":"2021-05-31T11:16:34+00:00","inLanguage":"fr-FR","potentialAction":[{"@type":"ReadAction","target":["https:\/\/care.mg\/ranowash\/wateraid\/"]}]},{"@type":"ImageObject","inLanguage":"fr-FR","@id":"https:\/\/care.mg\/ranowash\/wateraid\/#primaryimage","url":"https:\/\/care.mg\/ranowash\/wp-content\/uploads\/2021\/05\/wateraid-tertiary-lrg-logo_rgb.png","contentUrl":"https:\/\/care.mg\/ranowash\/wp-content\/uploads\/2021\/05\/wateraid-tertiary-lrg-logo_rgb.png","width":1300,"height":484},{"@type":"WebSite","@id":"https:\/\/care.mg\/ranowash\/#website","url":"https:\/\/care.mg\/ranowash\/","name":"RANO WASH","description":"Rural Access to New Opportunities in Water, Sanitation and Hygiene","publisher":{"@id":"https:\/\/care.mg\/ranowash\/#organization"},"potentialAction":[{"@type":"SearchAction","target":{"@type":"EntryPoint","urlTemplate":"https:\/\/care.mg\/ranowash\/?s={search_term_string}"},"query-input":{"@type":"PropertyValueSpecification","valueRequired":true,"valueName":"search_term_string"}}],"inLanguage":"fr-FR"},{"@type":"Organization","@id":"https:\/\/care.mg\/ranowash\/#organization","name":"RANO WASH","url":"https:\/\/care.mg\/ranowash\/","logo":{"@type":"ImageObject","inLanguage":"fr-FR","@id":"https:\/\/care.mg\/ranowash\/#\/schema\/logo\/image\/","url":"https:\/\/care.mg\/ranowash\/wp-content\/uploads\/2022\/08\/logo-mini-usaid-rw.png","contentUrl":"https:\/\/care.mg\/ranowash\/wp-content\/uploads\/2022\/08\/logo-mini-usaid-rw.png","width":470,"height":97,"caption":"RANO WASH"},"image":{"@id":"https:\/\/care.mg\/ranowash\/#\/schema\/logo\/image\/"},"sameAs":["https:\/\/www.facebook.com\/CAREMadagascar","https:\/\/x.com\/CAREMadagascar"]}]}},"_links":{"self":[{"href":"https:\/\/care.mg\/ranowash\/wp-json\/wp\/v2\/pages\/238336"}],"collection":[{"href":"https:\/\/care.mg\/ranowash\/wp-json\/wp\/v2\/pages"}],"about":[{"href":"https:\/\/care.mg\/ranowash\/wp-json\/wp\/v2\/types\/page"}],"author":[{"embeddable":true,"href":"https:\/\/care.mg\/ranowash\/wp-json\/wp\/v2\/users\/5"}],"replies":[{"embeddable":true,"href":"https:\/\/care.mg\/ranowash\/wp-json\/wp\/v2\/comments?post=238336"}],"version-history":[{"count":13,"href":"https:\/\/care.mg\/ranowash\/wp-json\/wp\/v2\/pages\/238336\/revisions"}],"predecessor-version":[{"id":240179,"href":"https:\/\/care.mg\/ranowash\/wp-json\/wp\/v2\/pages\/238336\/revisions\/240179"}],"wp:attachment":[{"href":"https:\/\/care.mg\/ranowash\/wp-json\/wp\/v2\/media?parent=238336"}],"curies":[{"name":"wp","href":"https:\/\/api.w.org\/{rel}","templated":true}]}}