{"id":238340,"date":"2019-10-28T14:01:49","date_gmt":"2019-10-28T14:01:49","guid":{"rendered":"http:\/\/www.demo.co.mg\/ranowash\/?page_id=238340"},"modified":"2021-05-31T13:17:25","modified_gmt":"2021-05-31T11:17:25","slug":"bushproof","status":"publish","type":"page","link":"https:\/\/care.mg\/ranowash\/bushproof\/","title":{"rendered":"BushProof"},"content":{"rendered":"\n<div class=\"wp-block-image\"><figure class=\"alignleft size-large is-resized\"><img loading=\"lazy\" decoding=\"async\" src=\"https:\/\/care.mg\/ranowash\/wp-content\/uploads\/2021\/05\/bushproof_logo-1.jpg\" alt=\"\" class=\"wp-image-240042\" width=\"173\" height=\"21\" srcset=\"https:\/\/care.mg\/ranowash\/wp-content\/uploads\/2021\/05\/bushproof_logo-1.jpg 690w, https:\/\/care.mg\/ranowash\/wp-content\/uploads\/2021\/05\/bushproof_logo-1-300x37.jpg 300w\" sizes=\"(max-width: 173px) 100vw, 173px\" \/><\/figure><\/div>\n\n\n\n<p>BushProof est une entreprise qui a \u00e9t\u00e9 lanc\u00e9e en 2005 par des professionnels de l\u2019aide d\u2019urgence et du d\u00e9veloppement. L\u2019organisation est enregistr\u00e9e dans le portefeuille du Programme des Nations Unies pour le D\u00e9veloppement \/ Growing Sustainable Business \u00e0 Madagascar. BushProof poss\u00e8de des comp\u00e9tences \u00e9tendues dans la gestion des ressources en eau souterraine et le forage de puits d\u2019eau. L\u2019entreprise a d\u00e9velopp\u00e9 diff\u00e9rentes techniques de forage manuel et poss\u00e8de et exploite quatre foreuses l\u00e9g\u00e8res.<\/p>\n\n\n\n<p>Depuis 2005, BushProof a for\u00e9 plus de 1500 puits \u00e0 Madagascar, dans diff\u00e9rents contextes hydrog\u00e9ologiques et \u00e0 des fins d\u2019extraction diverses. BushProof a \u00e9galement de l\u2019exp\u00e9rience dans la conception et la construction de syst\u00e8mes d\u2019approvisionnement en eau \u00e0 diff\u00e9rentes \u00e9chelles. Il s\u2019agit notamment des protections des sources, des syst\u00e8mes de pompage solaire, des syst\u00e8mes d\u2019alimentation en eau par gravit\u00e9 et des syst\u00e8mes de collecte des eaux de pluie. De plus, BushProof a de l\u2019exp\u00e9rience avec divers produits et technologies de traitement de l\u2019eau et dirige un laboratoire reconnu pour l\u2019analyse de la qualit\u00e9 de l\u2019eau.<\/p>\n\n\n\n<p>L\u2019une des nouvelles techniques de construction de puits de BushProof a acquis une reconnaissance internationale. BushProof a \u00e9t\u00e9 laur\u00e9at du prix Development Marketplace Award 2005 de la Banque mondiale \u2013 \u00ab&nbsp;Innovations for Livelihoods in a Sustainable Environment&nbsp;\u00bb \u2013 pour la pompe \u00e0 main Canzee bien ajust\u00e9e \u00e0 l\u2019eau. BushProof r\u00e9alise \u00e9galement des missions de conseil et de formation. Le d\u00e9veloppement et la fabrication de solutions techniques appropri\u00e9es est une activit\u00e9 en pleine croissance.<\/p>\n\n\n\n<p>Une partie du personnel de BushProof poss\u00e8de \u00e9galement une vaste exp\u00e9rience en analyse g\u00e9ologique et hydrog\u00e9ologique et en gestion des ressources en eau. Nous sommes souvent consult\u00e9s pour des \u00e9tudes d\u2019implantation de points d\u2019eau, des tests de pompage et l\u2019exploration et l\u2019exploitation d\u2019aquif\u00e8res.<\/p>\n\n\n\n<div class=\"wp-block-image\"><figure class=\"aligncenter size-large\"><img loading=\"lazy\" decoding=\"async\" width=\"300\" height=\"186\" src=\"https:\/\/care.mg\/ranowash\/wp-content\/uploads\/2021\/05\/IMG-20191101-WA0002-1-300x186-1.jpg\" alt=\"\" class=\"wp-image-240045\"\/><\/figure><\/div>\n\n\n\n<p class=\"has-text-align-center\"><strong><em>Photo:&nbsp;BushProof<\/em><\/strong><\/p>\n\n\n\n<p>BushProof participe \u00e0 plusieurs r\u00e9seaux professionnels internationaux dont&nbsp;<a href=\"https:\/\/www.rural-water-supply.net\/en\/\">RWSN<\/a>&nbsp;et&nbsp;<a href=\"http:\/\/www.aguasan.ch\/\">Aguasan<\/a>, et est membre du&nbsp;<a href=\"http:\/\/pshp-mada.org\/\">PSHP<\/a>, Emergency Cluster. BushProof est une entreprise leader dans le secteur de l\u2019eau \u00e0 Madagascar.<\/p>\n\n\n\n<p>En ce qui concerne le projet&nbsp;<a href=\"https:\/\/care.mg\/ranowash\/\">RANO WASH<\/a>, BushProof est l\u2019un des deux partenaires du secteur priv\u00e9 et nous sommes responsables de mettre en oeuvre ces actions:&nbsp;<\/p>\n\n\n\n<ul><li>Aider l\u2019Unit\u00e9 de coordination du programme \u00e0 \u00e9laborer et \u00e0 mettre en \u0153uvre des strat\u00e9gies et des outils sur la participation du secteur priv\u00e9 \u00e0 la prestation des services d\u2019AEPHA, en particulier l\u2019approvisionnement en eau potable<\/li><li>Fournir un appui \u00e0 l\u2019Unit\u00e9 de coordination du programme pour documenter les exp\u00e9riences de RANO WASH sur l\u2019engagement du secteur priv\u00e9.<\/li><li>R\u00e9aliser l\u2019\u00e9tude technique de faisabilit\u00e9 (avant-projet et \u00e9tudes techniques d\u00e9taill\u00e9es) relative au syst\u00e8me d\u2019approvisionnement en eau .<\/li><li>Fournir une assistance technique \u00e0 l\u2019Unit\u00e9 de Coordination du Programme pour l\u2019introduction, le d\u00e9veloppement et la mise en \u0153uvre de technologies efficaces et rentables pour les services d\u2019eau et d\u2019assainissement, l\u2019\u00e9laboration de mod\u00e8les de partenariat public et priv\u00e9 et l\u2019\u00e9tablissement de mod\u00e8les de petites entreprises pour les principaux acteurs et b\u00e9n\u00e9ficiaires concern\u00e9s .<\/li><li>Travailler avec l\u2019Unit\u00e9 de Coordination du Programme pour fournir des formations et un soutien technique aux op\u00e9rateurs priv\u00e9s locaux en ce qui concerne la construction, l\u2019exploitation et la maintenance du syst\u00e8me d\u2019approvisionnement en eau construit et r\u00e9habilit\u00e9 dans le cadre du projet RANO WASH.<\/li><li>Appuyer l\u2019Unit\u00e9 de Coordination du Programme pour surveiller la construction, l\u2019exploitation et l\u2019entretien des syst\u00e8mes d\u2019approvisionnement en eau.<\/li><li>Participer \u00e0 l\u2019\u00e9laboration des plans de travail annuels et des rapports annuels.<\/li><li>Participer aux activit\u00e9s du comit\u00e9 consultatif (r\u00e9union r\u00e9guli\u00e8re, suivi, d\u00e9veloppement de partenariats,\u2026).<\/li><\/ul>\n","protected":false},"excerpt":{"rendered":"<p>BushProof est une entreprise qui a \u00e9t\u00e9 lanc\u00e9e en 2005 par des professionnels de l\u2019aide d\u2019urgence et du d\u00e9veloppement. L\u2019organisation est enregistr\u00e9e dans le portefeuille du Programme des Nations Unies pour le D\u00e9veloppement \/ Growing Sustainable Business \u00e0 Madagascar. BushProof poss\u00e8de des comp\u00e9tences \u00e9tendues dans la gestion des ressources en eau souterraine et le forage [&hellip;]<\/p>\n","protected":false},"author":5,"featured_media":0,"parent":0,"menu_order":0,"comment_status":"closed","ping_status":"closed","template":"","meta":{"footnotes":""},"acf":[],"yoast_head":"<!-- This site is optimized with the Yoast SEO plugin v23.5 - https:\/\/yoast.com\/wordpress\/plugins\/seo\/ -->\n<title>BushProof - RANO WASH<\/title>\n<meta name=\"robots\" content=\"index, follow, max-snippet:-1, max-image-preview:large, max-video-preview:-1\" \/>\n<link rel=\"canonical\" href=\"https:\/\/care.mg\/ranowash\/bushproof\/\" \/>\n<meta property=\"og:locale\" content=\"fr_FR\" \/>\n<meta property=\"og:type\" content=\"article\" \/>\n<meta property=\"og:title\" content=\"BushProof - RANO WASH\" \/>\n<meta property=\"og:description\" content=\"BushProof est une entreprise qui a \u00e9t\u00e9 lanc\u00e9e en 2005 par des professionnels de l\u2019aide d\u2019urgence et du d\u00e9veloppement. L\u2019organisation est enregistr\u00e9e dans le portefeuille du Programme des Nations Unies pour le D\u00e9veloppement \/ Growing Sustainable Business \u00e0 Madagascar. BushProof poss\u00e8de des comp\u00e9tences \u00e9tendues dans la gestion des ressources en eau souterraine et le forage [&hellip;]\" \/>\n<meta property=\"og:url\" content=\"https:\/\/care.mg\/ranowash\/bushproof\/\" \/>\n<meta property=\"og:site_name\" content=\"RANO WASH\" \/>\n<meta property=\"article:publisher\" content=\"https:\/\/www.facebook.com\/CAREMadagascar\" \/>\n<meta property=\"article:modified_time\" content=\"2021-05-31T11:17:25+00:00\" \/>\n<meta property=\"og:image\" content=\"https:\/\/care.mg\/ranowash\/wp-content\/uploads\/2021\/05\/bushproof_logo-1.jpg\" \/>\n<meta name=\"twitter:card\" content=\"summary_large_image\" \/>\n<meta name=\"twitter:site\" content=\"@CAREMadagascar\" \/>\n<meta name=\"twitter:label1\" content=\"Dur\u00e9e de lecture estim\u00e9e\" \/>\n\t<meta name=\"twitter:data1\" content=\"3 minutes\" \/>\n<script type=\"application\/ld+json\" class=\"yoast-schema-graph\">{\"@context\":\"https:\/\/schema.org\",\"@graph\":[{\"@type\":\"WebPage\",\"@id\":\"https:\/\/care.mg\/ranowash\/bushproof\/\",\"url\":\"https:\/\/care.mg\/ranowash\/bushproof\/\",\"name\":\"BushProof - RANO WASH\",\"isPartOf\":{\"@id\":\"https:\/\/care.mg\/ranowash\/#website\"},\"primaryImageOfPage\":{\"@id\":\"https:\/\/care.mg\/ranowash\/bushproof\/#primaryimage\"},\"image\":{\"@id\":\"https:\/\/care.mg\/ranowash\/bushproof\/#primaryimage\"},\"thumbnailUrl\":\"https:\/\/care.mg\/ranowash\/wp-content\/uploads\/2021\/05\/bushproof_logo-1.jpg\",\"datePublished\":\"2019-10-28T14:01:49+00:00\",\"dateModified\":\"2021-05-31T11:17:25+00:00\",\"inLanguage\":\"fr-FR\",\"potentialAction\":[{\"@type\":\"ReadAction\",\"target\":[\"https:\/\/care.mg\/ranowash\/bushproof\/\"]}]},{\"@type\":\"ImageObject\",\"inLanguage\":\"fr-FR\",\"@id\":\"https:\/\/care.mg\/ranowash\/bushproof\/#primaryimage\",\"url\":\"https:\/\/care.mg\/ranowash\/wp-content\/uploads\/2021\/05\/bushproof_logo-1.jpg\",\"contentUrl\":\"https:\/\/care.mg\/ranowash\/wp-content\/uploads\/2021\/05\/bushproof_logo-1.jpg\",\"width\":690,\"height\":84,\"caption\":\"Business Set - Hotel\"},{\"@type\":\"WebSite\",\"@id\":\"https:\/\/care.mg\/ranowash\/#website\",\"url\":\"https:\/\/care.mg\/ranowash\/\",\"name\":\"RANO WASH\",\"description\":\"Rural Access to New Opportunities in Water, Sanitation and Hygiene\",\"publisher\":{\"@id\":\"https:\/\/care.mg\/ranowash\/#organization\"},\"potentialAction\":[{\"@type\":\"SearchAction\",\"target\":{\"@type\":\"EntryPoint\",\"urlTemplate\":\"https:\/\/care.mg\/ranowash\/?s={search_term_string}\"},\"query-input\":{\"@type\":\"PropertyValueSpecification\",\"valueRequired\":true,\"valueName\":\"search_term_string\"}}],\"inLanguage\":\"fr-FR\"},{\"@type\":\"Organization\",\"@id\":\"https:\/\/care.mg\/ranowash\/#organization\",\"name\":\"RANO WASH\",\"url\":\"https:\/\/care.mg\/ranowash\/\",\"logo\":{\"@type\":\"ImageObject\",\"inLanguage\":\"fr-FR\",\"@id\":\"https:\/\/care.mg\/ranowash\/#\/schema\/logo\/image\/\",\"url\":\"https:\/\/care.mg\/ranowash\/wp-content\/uploads\/2022\/08\/logo-mini-usaid-rw.png\",\"contentUrl\":\"https:\/\/care.mg\/ranowash\/wp-content\/uploads\/2022\/08\/logo-mini-usaid-rw.png\",\"width\":470,\"height\":97,\"caption\":\"RANO WASH\"},\"image\":{\"@id\":\"https:\/\/care.mg\/ranowash\/#\/schema\/logo\/image\/\"},\"sameAs\":[\"https:\/\/www.facebook.com\/CAREMadagascar\",\"https:\/\/x.com\/CAREMadagascar\"]}]}<\/script>\n<!-- \/ Yoast SEO plugin. -->","yoast_head_json":{"title":"BushProof - RANO WASH","robots":{"index":"index","follow":"follow","max-snippet":"max-snippet:-1","max-image-preview":"max-image-preview:large","max-video-preview":"max-video-preview:-1"},"canonical":"https:\/\/care.mg\/ranowash\/bushproof\/","og_locale":"fr_FR","og_type":"article","og_title":"BushProof - RANO WASH","og_description":"BushProof est une entreprise qui a \u00e9t\u00e9 lanc\u00e9e en 2005 par des professionnels de l\u2019aide d\u2019urgence et du d\u00e9veloppement. L\u2019organisation est enregistr\u00e9e dans le portefeuille du Programme des Nations Unies pour le D\u00e9veloppement \/ Growing Sustainable Business \u00e0 Madagascar. BushProof poss\u00e8de des comp\u00e9tences \u00e9tendues dans la gestion des ressources en eau souterraine et le forage [&hellip;]","og_url":"https:\/\/care.mg\/ranowash\/bushproof\/","og_site_name":"RANO WASH","article_publisher":"https:\/\/www.facebook.com\/CAREMadagascar","article_modified_time":"2021-05-31T11:17:25+00:00","og_image":[{"url":"https:\/\/care.mg\/ranowash\/wp-content\/uploads\/2021\/05\/bushproof_logo-1.jpg"}],"twitter_card":"summary_large_image","twitter_site":"@CAREMadagascar","twitter_misc":{"Dur\u00e9e de lecture estim\u00e9e":"3 minutes"},"schema":{"@context":"https:\/\/schema.org","@graph":[{"@type":"WebPage","@id":"https:\/\/care.mg\/ranowash\/bushproof\/","url":"https:\/\/care.mg\/ranowash\/bushproof\/","name":"BushProof - RANO WASH","isPartOf":{"@id":"https:\/\/care.mg\/ranowash\/#website"},"primaryImageOfPage":{"@id":"https:\/\/care.mg\/ranowash\/bushproof\/#primaryimage"},"image":{"@id":"https:\/\/care.mg\/ranowash\/bushproof\/#primaryimage"},"thumbnailUrl":"https:\/\/care.mg\/ranowash\/wp-content\/uploads\/2021\/05\/bushproof_logo-1.jpg","datePublished":"2019-10-28T14:01:49+00:00","dateModified":"2021-05-31T11:17:25+00:00","inLanguage":"fr-FR","potentialAction":[{"@type":"ReadAction","target":["https:\/\/care.mg\/ranowash\/bushproof\/"]}]},{"@type":"ImageObject","inLanguage":"fr-FR","@id":"https:\/\/care.mg\/ranowash\/bushproof\/#primaryimage","url":"https:\/\/care.mg\/ranowash\/wp-content\/uploads\/2021\/05\/bushproof_logo-1.jpg","contentUrl":"https:\/\/care.mg\/ranowash\/wp-content\/uploads\/2021\/05\/bushproof_logo-1.jpg","width":690,"height":84,"caption":"Business Set - Hotel"},{"@type":"WebSite","@id":"https:\/\/care.mg\/ranowash\/#website","url":"https:\/\/care.mg\/ranowash\/","name":"RANO WASH","description":"Rural Access to New Opportunities in Water, Sanitation and Hygiene","publisher":{"@id":"https:\/\/care.mg\/ranowash\/#organization"},"potentialAction":[{"@type":"SearchAction","target":{"@type":"EntryPoint","urlTemplate":"https:\/\/care.mg\/ranowash\/?s={search_term_string}"},"query-input":{"@type":"PropertyValueSpecification","valueRequired":true,"valueName":"search_term_string"}}],"inLanguage":"fr-FR"},{"@type":"Organization","@id":"https:\/\/care.mg\/ranowash\/#organization","name":"RANO WASH","url":"https:\/\/care.mg\/ranowash\/","logo":{"@type":"ImageObject","inLanguage":"fr-FR","@id":"https:\/\/care.mg\/ranowash\/#\/schema\/logo\/image\/","url":"https:\/\/care.mg\/ranowash\/wp-content\/uploads\/2022\/08\/logo-mini-usaid-rw.png","contentUrl":"https:\/\/care.mg\/ranowash\/wp-content\/uploads\/2022\/08\/logo-mini-usaid-rw.png","width":470,"height":97,"caption":"RANO WASH"},"image":{"@id":"https:\/\/care.mg\/ranowash\/#\/schema\/logo\/image\/"},"sameAs":["https:\/\/www.facebook.com\/CAREMadagascar","https:\/\/x.com\/CAREMadagascar"]}]}},"_links":{"self":[{"href":"https:\/\/care.mg\/ranowash\/wp-json\/wp\/v2\/pages\/238340"}],"collection":[{"href":"https:\/\/care.mg\/ranowash\/wp-json\/wp\/v2\/pages"}],"about":[{"href":"https:\/\/care.mg\/ranowash\/wp-json\/wp\/v2\/types\/page"}],"author":[{"embeddable":true,"href":"https:\/\/care.mg\/ranowash\/wp-json\/wp\/v2\/users\/5"}],"replies":[{"embeddable":true,"href":"https:\/\/care.mg\/ranowash\/wp-json\/wp\/v2\/comments?post=238340"}],"version-history":[{"count":20,"href":"https:\/\/care.mg\/ranowash\/wp-json\/wp\/v2\/pages\/238340\/revisions"}],"predecessor-version":[{"id":240181,"href":"https:\/\/care.mg\/ranowash\/wp-json\/wp\/v2\/pages\/238340\/revisions\/240181"}],"wp:attachment":[{"href":"https:\/\/care.mg\/ranowash\/wp-json\/wp\/v2\/media?parent=238340"}],"curies":[{"name":"wp","href":"https:\/\/api.w.org\/{rel}","templated":true}]}}