{"id":238382,"date":"2019-10-29T10:17:05","date_gmt":"2019-10-29T10:17:05","guid":{"rendered":"http:\/\/www.demo.co.mg\/ranowash\/?page_id=238382"},"modified":"2021-05-31T13:18:25","modified_gmt":"2021-05-31T11:18:25","slug":"sandandrano","status":"publish","type":"page","link":"https:\/\/care.mg\/ranowash\/sandandrano\/","title":{"rendered":"Sandandrano"},"content":{"rendered":"\n<figure class=\"wp-block-image size-large\"><img loading=\"lazy\" decoding=\"async\" width=\"184\" height=\"57\" src=\"https:\/\/care.mg\/ranowash\/wp-content\/uploads\/2021\/05\/sandandrano.png\" alt=\"\" class=\"wp-image-240048\"\/><\/figure>\n\n\n\n<p>\u00catre en diapason avec le cadre institutionnel, multiplier des recherches pour la r\u00e9duction du co\u00fbt de l\u2019eau, innover, concevoir des solutions \u00e9conomiques, repousser les fronti\u00e8res du savoir, sauvegarder l\u2019environnement et les ressources en eau, d\u00e9velopper le PPP, s\u2019adapter aux changements climatiques, voil\u00e0 autant de principes qui gouvernent SANDANDRANO.<\/p>\n\n\n\n<div class=\"wp-block-image\"><figure class=\"aligncenter size-large\"><img loading=\"lazy\" decoding=\"async\" width=\"658\" height=\"364\" src=\"https:\/\/care.mg\/ranowash\/wp-content\/uploads\/2021\/05\/sandandrano-scrsht.png\" alt=\"\" class=\"wp-image-240050\" srcset=\"https:\/\/care.mg\/ranowash\/wp-content\/uploads\/2021\/05\/sandandrano-scrsht.png 658w, https:\/\/care.mg\/ranowash\/wp-content\/uploads\/2021\/05\/sandandrano-scrsht-300x166.png 300w\" sizes=\"(max-width: 658px) 100vw, 658px\" \/><\/figure><\/div>\n\n\n\n<h4 class=\"wp-block-heading\"><strong>LES ACTIVITES DE SANDANDRANO DANS LE PROJET USAID RANO WASH:<\/strong><\/h4>\n\n\n\n<h5 class=\"wp-block-heading\"><strong>SO1: GOUVERNANCE DE L\u2019EAU<\/strong><\/h5>\n\n\n\n<ul><li>APPUI INSTITUTIONNEL<\/li><li>APPUI AU DEVELOPPEMENT DU PPP<\/li><li>APPUI AU MAITRE D\u2019OUVRAGE<\/li><li>PROMOTION DU CONTRAT DE DELEGATION TYPE INVESTISSEUR CONSTRUCTEUR GESTIONNAIRE- CONTRAT D\u2019ABONNEMENT<\/li><li>CONTRAT DE FINANCEMENT<\/li><\/ul>\n\n\n\n<h5 class=\"wp-block-heading\"><strong>SO2: ENGAGEMENT DU SECTEUR PRIVE DANS LA FOURNITURE DE SERVICES WASH<\/strong><\/h5>\n\n\n\n<ul><li>MAITRISE D\u2019\u0152UVRE (ETABLISSEMENT DES ETUDES AVANT PROJET SOMMAIRE- AVANT PROJET DETAILLE- DOSSIER D\u2019APPEL D\u2019OFFRES- CONTROLE ET SURVEILLANCE DE TRAVAUX)<\/li><li>APPORT DES NOUVELLES TECHNOLOGIES<\/li><li>APPUI ET FORMATION TECHNIQUE DES NOUVEAUX GESTIONNAIRES DELEGUES DE SYSTEMES D\u2019EAU DANS LES CHANTIERS ECOLES DE SANDANDRANO<\/li><\/ul>\n\n\n\n<h5 class=\"wp-block-heading\"><strong>SO3: CHANGEMENT DE COMPORTEMENT<\/strong><\/h5>\n\n\n\n<ul><li>APPUI TECHNIQUE ET ACCOMPAGNEMENT<\/li><\/ul>\n","protected":false},"excerpt":{"rendered":"<p>\u00catre en diapason avec le cadre institutionnel, multiplier des recherches pour la r\u00e9duction du co\u00fbt de l\u2019eau, innover, concevoir des solutions \u00e9conomiques, repousser les fronti\u00e8res du savoir, sauvegarder l\u2019environnement et les ressources en eau, d\u00e9velopper le PPP, s\u2019adapter aux changements climatiques, voil\u00e0 autant de principes qui gouvernent SANDANDRANO. LES ACTIVITES DE SANDANDRANO DANS LE PROJET [&hellip;]<\/p>\n","protected":false},"author":5,"featured_media":0,"parent":0,"menu_order":0,"comment_status":"closed","ping_status":"closed","template":"","meta":{"footnotes":""},"acf":[],"yoast_head":"<!-- This site is optimized with the Yoast SEO plugin v23.5 - https:\/\/yoast.com\/wordpress\/plugins\/seo\/ -->\n<title>Sandandrano - RANO WASH<\/title>\n<meta name=\"robots\" content=\"index, follow, max-snippet:-1, max-image-preview:large, max-video-preview:-1\" \/>\n<link rel=\"canonical\" href=\"https:\/\/care.mg\/ranowash\/sandandrano\/\" \/>\n<meta property=\"og:locale\" content=\"fr_FR\" \/>\n<meta property=\"og:type\" content=\"article\" \/>\n<meta property=\"og:title\" content=\"Sandandrano - RANO WASH\" \/>\n<meta property=\"og:description\" content=\"\u00catre en diapason avec le cadre institutionnel, multiplier des recherches pour la r\u00e9duction du co\u00fbt de l\u2019eau, innover, concevoir des solutions \u00e9conomiques, repousser les fronti\u00e8res du savoir, sauvegarder l\u2019environnement et les ressources en eau, d\u00e9velopper le PPP, s\u2019adapter aux changements climatiques, voil\u00e0 autant de principes qui gouvernent SANDANDRANO. LES ACTIVITES DE SANDANDRANO DANS LE PROJET [&hellip;]\" \/>\n<meta property=\"og:url\" content=\"https:\/\/care.mg\/ranowash\/sandandrano\/\" \/>\n<meta property=\"og:site_name\" content=\"RANO WASH\" \/>\n<meta property=\"article:publisher\" content=\"https:\/\/www.facebook.com\/CAREMadagascar\" \/>\n<meta property=\"article:modified_time\" content=\"2021-05-31T11:18:25+00:00\" \/>\n<meta property=\"og:image\" content=\"https:\/\/care.mg\/ranowash\/wp-content\/uploads\/2021\/05\/sandandrano.png\" \/>\n<meta name=\"twitter:card\" content=\"summary_large_image\" \/>\n<meta name=\"twitter:site\" content=\"@CAREMadagascar\" \/>\n<meta name=\"twitter:label1\" content=\"Dur\u00e9e de lecture estim\u00e9e\" \/>\n\t<meta name=\"twitter:data1\" content=\"1 minute\" \/>\n<script type=\"application\/ld+json\" class=\"yoast-schema-graph\">{\"@context\":\"https:\/\/schema.org\",\"@graph\":[{\"@type\":\"WebPage\",\"@id\":\"https:\/\/care.mg\/ranowash\/sandandrano\/\",\"url\":\"https:\/\/care.mg\/ranowash\/sandandrano\/\",\"name\":\"Sandandrano - RANO WASH\",\"isPartOf\":{\"@id\":\"https:\/\/care.mg\/ranowash\/#website\"},\"primaryImageOfPage\":{\"@id\":\"https:\/\/care.mg\/ranowash\/sandandrano\/#primaryimage\"},\"image\":{\"@id\":\"https:\/\/care.mg\/ranowash\/sandandrano\/#primaryimage\"},\"thumbnailUrl\":\"https:\/\/care.mg\/ranowash\/wp-content\/uploads\/2021\/05\/sandandrano.png\",\"datePublished\":\"2019-10-29T10:17:05+00:00\",\"dateModified\":\"2021-05-31T11:18:25+00:00\",\"inLanguage\":\"fr-FR\",\"potentialAction\":[{\"@type\":\"ReadAction\",\"target\":[\"https:\/\/care.mg\/ranowash\/sandandrano\/\"]}]},{\"@type\":\"ImageObject\",\"inLanguage\":\"fr-FR\",\"@id\":\"https:\/\/care.mg\/ranowash\/sandandrano\/#primaryimage\",\"url\":\"https:\/\/care.mg\/ranowash\/wp-content\/uploads\/2021\/05\/sandandrano.png\",\"contentUrl\":\"https:\/\/care.mg\/ranowash\/wp-content\/uploads\/2021\/05\/sandandrano.png\",\"width\":184,\"height\":57},{\"@type\":\"WebSite\",\"@id\":\"https:\/\/care.mg\/ranowash\/#website\",\"url\":\"https:\/\/care.mg\/ranowash\/\",\"name\":\"RANO WASH\",\"description\":\"Rural Access to New Opportunities in Water, Sanitation and Hygiene\",\"publisher\":{\"@id\":\"https:\/\/care.mg\/ranowash\/#organization\"},\"potentialAction\":[{\"@type\":\"SearchAction\",\"target\":{\"@type\":\"EntryPoint\",\"urlTemplate\":\"https:\/\/care.mg\/ranowash\/?s={search_term_string}\"},\"query-input\":{\"@type\":\"PropertyValueSpecification\",\"valueRequired\":true,\"valueName\":\"search_term_string\"}}],\"inLanguage\":\"fr-FR\"},{\"@type\":\"Organization\",\"@id\":\"https:\/\/care.mg\/ranowash\/#organization\",\"name\":\"RANO WASH\",\"url\":\"https:\/\/care.mg\/ranowash\/\",\"logo\":{\"@type\":\"ImageObject\",\"inLanguage\":\"fr-FR\",\"@id\":\"https:\/\/care.mg\/ranowash\/#\/schema\/logo\/image\/\",\"url\":\"https:\/\/care.mg\/ranowash\/wp-content\/uploads\/2022\/08\/logo-mini-usaid-rw.png\",\"contentUrl\":\"https:\/\/care.mg\/ranowash\/wp-content\/uploads\/2022\/08\/logo-mini-usaid-rw.png\",\"width\":470,\"height\":97,\"caption\":\"RANO WASH\"},\"image\":{\"@id\":\"https:\/\/care.mg\/ranowash\/#\/schema\/logo\/image\/\"},\"sameAs\":[\"https:\/\/www.facebook.com\/CAREMadagascar\",\"https:\/\/x.com\/CAREMadagascar\"]}]}<\/script>\n<!-- \/ Yoast SEO plugin. -->","yoast_head_json":{"title":"Sandandrano - RANO WASH","robots":{"index":"index","follow":"follow","max-snippet":"max-snippet:-1","max-image-preview":"max-image-preview:large","max-video-preview":"max-video-preview:-1"},"canonical":"https:\/\/care.mg\/ranowash\/sandandrano\/","og_locale":"fr_FR","og_type":"article","og_title":"Sandandrano - RANO WASH","og_description":"\u00catre en diapason avec le cadre institutionnel, multiplier des recherches pour la r\u00e9duction du co\u00fbt de l\u2019eau, innover, concevoir des solutions \u00e9conomiques, repousser les fronti\u00e8res du savoir, sauvegarder l\u2019environnement et les ressources en eau, d\u00e9velopper le PPP, s\u2019adapter aux changements climatiques, voil\u00e0 autant de principes qui gouvernent SANDANDRANO. LES ACTIVITES DE SANDANDRANO DANS LE PROJET [&hellip;]","og_url":"https:\/\/care.mg\/ranowash\/sandandrano\/","og_site_name":"RANO WASH","article_publisher":"https:\/\/www.facebook.com\/CAREMadagascar","article_modified_time":"2021-05-31T11:18:25+00:00","og_image":[{"url":"https:\/\/care.mg\/ranowash\/wp-content\/uploads\/2021\/05\/sandandrano.png"}],"twitter_card":"summary_large_image","twitter_site":"@CAREMadagascar","twitter_misc":{"Dur\u00e9e de lecture estim\u00e9e":"1 minute"},"schema":{"@context":"https:\/\/schema.org","@graph":[{"@type":"WebPage","@id":"https:\/\/care.mg\/ranowash\/sandandrano\/","url":"https:\/\/care.mg\/ranowash\/sandandrano\/","name":"Sandandrano - RANO WASH","isPartOf":{"@id":"https:\/\/care.mg\/ranowash\/#website"},"primaryImageOfPage":{"@id":"https:\/\/care.mg\/ranowash\/sandandrano\/#primaryimage"},"image":{"@id":"https:\/\/care.mg\/ranowash\/sandandrano\/#primaryimage"},"thumbnailUrl":"https:\/\/care.mg\/ranowash\/wp-content\/uploads\/2021\/05\/sandandrano.png","datePublished":"2019-10-29T10:17:05+00:00","dateModified":"2021-05-31T11:18:25+00:00","inLanguage":"fr-FR","potentialAction":[{"@type":"ReadAction","target":["https:\/\/care.mg\/ranowash\/sandandrano\/"]}]},{"@type":"ImageObject","inLanguage":"fr-FR","@id":"https:\/\/care.mg\/ranowash\/sandandrano\/#primaryimage","url":"https:\/\/care.mg\/ranowash\/wp-content\/uploads\/2021\/05\/sandandrano.png","contentUrl":"https:\/\/care.mg\/ranowash\/wp-content\/uploads\/2021\/05\/sandandrano.png","width":184,"height":57},{"@type":"WebSite","@id":"https:\/\/care.mg\/ranowash\/#website","url":"https:\/\/care.mg\/ranowash\/","name":"RANO WASH","description":"Rural Access to New Opportunities in Water, Sanitation and Hygiene","publisher":{"@id":"https:\/\/care.mg\/ranowash\/#organization"},"potentialAction":[{"@type":"SearchAction","target":{"@type":"EntryPoint","urlTemplate":"https:\/\/care.mg\/ranowash\/?s={search_term_string}"},"query-input":{"@type":"PropertyValueSpecification","valueRequired":true,"valueName":"search_term_string"}}],"inLanguage":"fr-FR"},{"@type":"Organization","@id":"https:\/\/care.mg\/ranowash\/#organization","name":"RANO WASH","url":"https:\/\/care.mg\/ranowash\/","logo":{"@type":"ImageObject","inLanguage":"fr-FR","@id":"https:\/\/care.mg\/ranowash\/#\/schema\/logo\/image\/","url":"https:\/\/care.mg\/ranowash\/wp-content\/uploads\/2022\/08\/logo-mini-usaid-rw.png","contentUrl":"https:\/\/care.mg\/ranowash\/wp-content\/uploads\/2022\/08\/logo-mini-usaid-rw.png","width":470,"height":97,"caption":"RANO WASH"},"image":{"@id":"https:\/\/care.mg\/ranowash\/#\/schema\/logo\/image\/"},"sameAs":["https:\/\/www.facebook.com\/CAREMadagascar","https:\/\/x.com\/CAREMadagascar"]}]}},"_links":{"self":[{"href":"https:\/\/care.mg\/ranowash\/wp-json\/wp\/v2\/pages\/238382"}],"collection":[{"href":"https:\/\/care.mg\/ranowash\/wp-json\/wp\/v2\/pages"}],"about":[{"href":"https:\/\/care.mg\/ranowash\/wp-json\/wp\/v2\/types\/page"}],"author":[{"embeddable":true,"href":"https:\/\/care.mg\/ranowash\/wp-json\/wp\/v2\/users\/5"}],"replies":[{"embeddable":true,"href":"https:\/\/care.mg\/ranowash\/wp-json\/wp\/v2\/comments?post=238382"}],"version-history":[{"count":11,"href":"https:\/\/care.mg\/ranowash\/wp-json\/wp\/v2\/pages\/238382\/revisions"}],"predecessor-version":[{"id":240183,"href":"https:\/\/care.mg\/ranowash\/wp-json\/wp\/v2\/pages\/238382\/revisions\/240183"}],"wp:attachment":[{"href":"https:\/\/care.mg\/ranowash\/wp-json\/wp\/v2\/media?parent=238382"}],"curies":[{"name":"wp","href":"https:\/\/api.w.org\/{rel}","templated":true}]}}