{"id":238510,"date":"2019-11-05T09:05:52","date_gmt":"2019-11-05T09:05:52","guid":{"rendered":"http:\/\/www.demo.co.mg\/ranowash\/?page_id=238510"},"modified":"2023-07-10T11:33:09","modified_gmt":"2023-07-10T09:33:09","slug":"genre-et-inclusion-sociale","status":"publish","type":"page","link":"https:\/\/care.mg\/ranowash\/genre-et-inclusion-sociale\/","title":{"rendered":"Genre et Inclusion Sociale"},"content":{"rendered":"\t\t<div data-elementor-type=\"wp-page\" data-elementor-id=\"238510\" class=\"elementor elementor-238510\" data-elementor-settings=\"[]\">\r\n\t\t\t\t\t\t<div class=\"elementor-inner\">\r\n\t\t\t\t\t\t\t<div class=\"elementor-section-wrap\">\r\n\t\t\t\t\t\t\t<section class=\"elementor-section elementor-top-section elementor-element elementor-element-ee0487a elementor-section-boxed elementor-section-height-default elementor-section-height-default\" data-id=\"ee0487a\" data-element_type=\"section\">\r\n\t\t\t\t\t\t<div class=\"elementor-container elementor-column-gap-default\">\r\n\t\t\t\t\t\t\t<div class=\"elementor-row\">\r\n\t\t\t\t\t<div class=\"elementor-column elementor-col-100 elementor-top-column elementor-element elementor-element-31fc155\" data-id=\"31fc155\" data-element_type=\"column\">\r\n\t\t\t<div class=\"elementor-column-wrap elementor-element-populated\">\r\n\t\t\t\t\t\t\t<div class=\"elementor-widget-wrap\">\r\n\t\t\t\t\t\t<div class=\"elementor-element elementor-element-a4c2324 elementor-widget elementor-widget-text-editor\" data-id=\"a4c2324\" data-element_type=\"widget\" data-widget_type=\"text-editor.default\">\r\n\t\t\t\t<div class=\"elementor-widget-container\">\r\n\t\t\t\t\t<div class=\"elementor-text-editor elementor-clearfix\"><p>Le projet a men\u00e9 <a href=\"https:\/\/care.mg\/ranowash\/wp-content\/uploads\/2023\/03\/1-RANO-WASH-Gender-Analysis.pdf\" target=\"_blank\" rel=\"noopener\"><strong>des analyses Genre\u00a0<\/strong><\/a>en 2018 et pendant la pand\u00e9mie de COVID-19 pour identifier les probl\u00e8mes participant aux in\u00e9galit\u00e9s de genre. Elles examinent en quoi les relations de pouvoir fond\u00e9es sur le sexe conduisent \u00e0 la discrimination, \u00e0 la subordination et \u00e0 l\u2019exclusion, en particulier lorsqu\u2019elles touchent \u00e9galement d\u2019autres domaines de marginalisation ou d\u2019in\u00e9galit\u00e9 dues \u00e0 l\u2019\u00e2ge, \u00e0 la classe sociale, \u00e0 l\u2019ethnie, au handicap, au statut matrimonial, \u00e0 la sexualit\u00e9, etc. Elles ont permis d&rsquo;identifier les lacunes qui doivent \u00eatre combl\u00e9es et les opportunit\u00e9s pertinentes pour promouvoir l&rsquo;\u00e9galit\u00e9 de Genre.<\/p><p>A partir des r\u00e9sultats de l\u2019analyse Genre, le projet a \u00e9labor\u00e9 <a href=\"https:\/\/care.mg\/ranowash\/wp-content\/uploads\/2023\/03\/1-RANO-WASH-Gender-and-social-inclusion-mainstreming-strategy.pdf\" target=\"_blank\" rel=\"noopener\"><strong>sa strat\u00e9gie d\u2019int\u00e9gration de Genre<\/strong><\/a> pour modifier les normes, les r\u00f4les et les relations de genre nuisibles. Elle vise \u00e0 guider le projet RANO WASH dans ses interventions en mati\u00e8re d&rsquo;approche et de renforcement des activit\u00e9s, en vue d&rsquo;un impact plus important et durable au niveau des femmes, des hommes, des filles et des gar\u00e7ons, des femmes et des hommes, des personnes handicap\u00e9es, et des diff\u00e9rentes couches sociales sur l\u2019acc\u00e8s et le contr\u00f4le des services d\u2019eau, d\u2019assainissement et d\u2019hygi\u00e8ne, en promouvant l\u2019\u00e9galit\u00e9 entre les sexes.. A mi-parcours et \u00e0 la fin du projet, le staff et les partenaires du projet ont \u00e9valu\u00e9 ensemble \u00e0 travers <a href=\"https:\/\/care.mg\/ranowash\/wp-content\/uploads\/2023\/03\/RANO-WASH-Gender-Marker-Final-Evaluation-Results.pdf\" target=\"_blank\" rel=\"noopener\"><strong>le Gender marker,<\/strong><\/a>\u00a0l\u2019int\u00e9gration du genre afin de tirer des enseignements et d\u2019am\u00e9liorer et de soutenir une programmation int\u00e9gr\u00e9e de genre plus efficace.<\/p><p>Pour acc\u00e9der aux rapports des analyses Genre, la strat\u00e9gie d\u2019int\u00e9gration de Genre, et les r\u00e9sultats de Gender marker, veuillez cliquer sur les liens ci-dessous\u00a0:<\/p><\/div>\r\n\t\t\t\t<\/div>\r\n\t\t\t\t<\/div>\r\n\t\t\t\t<div class=\"elementor-element elementor-element-c2d49c3 elementor-widget elementor-widget-text-editor\" data-id=\"c2d49c3\" data-element_type=\"widget\" data-widget_type=\"text-editor.default\">\r\n\t\t\t\t<div class=\"elementor-widget-container\">\r\n\t\t\t\t\t<div class=\"elementor-text-editor elementor-clearfix\"><p><span style=\"color: #f0af31;\"><a style=\"color: #f0af31;\" href=\"https:\/\/care.mg\/ranowash\/wp-content\/uploads\/2023\/03\/1-RANO-WASH-Gender-and-social-inclusion-mainstreming-strategy.pdf\" target=\"_blank\" rel=\"noopener\"><strong>Strat\u00e9gie d\u2019int\u00e9gration du genre et de l\u2019inclusion sociale<\/strong><\/a><\/span><\/p><ol><li><a href=\"https:\/\/care.mg\/ranowash\/wp-content\/uploads\/2023\/03\/1-RANO-WASH-Gender-and-social-inclusion-mainstreming-strategy.pdf\">Strat\u00e9gie d\u2019int\u00e9gration de genre et d\u2019Inclusion sociale du projet RANO WASH en version anglaise <\/a><\/li><li><a href=\"https:\/\/care.mg\/ranowash\/wp-content\/uploads\/2023\/03\/2-Fitaovana-fampatsiahivana-Miralenta.pdf\">Aide-m\u00e9moire sur le Genre en version malagasy <\/a><\/li><\/ol><p><span style=\"color: #f0af31;\"><strong>Analyse Genre<\/strong><\/span><\/p><ol><li><a href=\"https:\/\/care.mg\/ranowash\/wp-content\/uploads\/2023\/03\/1-RANO-WASH-Gender-Analysis.pdf\">Analyse Genre par RANO WASH en version anglaise <\/a><\/li><li><a href=\"https:\/\/care.mg\/ranowash\/wp-content\/uploads\/2023\/03\/2-Rapid-Gender-Analysis-for-COVID-19-in-Madagascar.pdf\">Analyse rapide du Genre dans le cadre du COVID-19 \u00e0 Madagascar en version anglaise<\/a>\u00a0<\/li><\/ol><p><span style=\"color: #f0af31;\"><strong>Cartographie Genre des acteurs<\/strong><\/span><\/p><ol><li><a href=\"https:\/\/care.mg\/ranowash\/wp-content\/uploads\/2023\/03\/RANO-WASH-staff-Gender-Mapping.pdf\">Cartographie Genre de l\u2019\u00e9quipe du projet en version anglaise<\/a><\/li><li><a href=\"https:\/\/care.mg\/ranowash\/wp-content\/uploads\/2023\/03\/Gender-Mapping-of-Mayors-in-RANO-WASH-Communes.pdf\">Cartographie Genre des Maires dans les Communes d\u2019intervention du projet EANO WASH <\/a><\/li><li><a href=\"https:\/\/care.mg\/ranowash\/wp-content\/uploads\/2023\/03\/Gender-mapping-Fokontany-Chiefs.pdf\">Cartographie Genre des Chefs Fokontany <\/a><\/li><\/ol><p><span style=\"color: #f0af31;\"><strong>Gender Marker<\/strong><\/span><\/p><ol><li><a href=\"https:\/\/care.mg\/ranowash\/wp-content\/uploads\/2023\/03\/RANO-WASH-Gender-Marker-Mid-term-Evaluation-Results.pdf\">Auto-\u00e9valuation de l\u2019int\u00e9gration de Genre \u00e0 mi-parcours du projet en version anglaise <\/a><\/li><li><a href=\"https:\/\/care.mg\/ranowash\/wp-content\/uploads\/2023\/03\/RANO-WASH-Gender-Marker-Final-Evaluation-Results.pdf\">Auto-\u00e9valuation de l\u2019int\u00e9gration de genre \u00e0 la fin du projet en version anglaise<\/a><\/li><\/ol><p><span style=\"color: #f0af31;\"><strong>Approches transformatives de Genre<\/strong><\/span><\/p><p><strong>Approche \u00ab\u00a0Engagement des hommes\u00a0\u00bb<\/strong><\/p><ol><li><a href=\"https:\/\/care.mg\/ranowash\/wp-content\/uploads\/2023\/03\/Men-Engaged-in-the-WASH-sector.pdf\">Hommes engag\u00e9s dans le secteur WASH en version anglaise<\/a><\/li><li><a href=\"https:\/\/care.mg\/ranowash\/wp-content\/uploads\/2023\/03\/Men-and-Boys-Role-Models-in-WASH.pdf\">Hommes et gar\u00e7ons mod\u00e8les dans le secteur WASH en version anglaise<\/a><\/li><li><a href=\"https:\/\/care.mg\/ranowash\/wp-content\/uploads\/2021\/07\/Annex-20.-Lessons-Learned-Mens-Engagement-in-the-WASH-Sector.pdf\">Le\u00e7ons apprises sur l\u2019engagement des hommes dans le secteur WASH en version anglaise<\/a><\/li><\/ol><p><strong>Approche \u00ab\u00a0Femmes leaders\u00a0\u00bb<\/strong><\/p><ol><li><a href=\"https:\/\/care.mg\/ranowash\/wp-content\/uploads\/2023\/03\/Key-findings-from-the-womens-leader-advocacy-WASH-session.pdf\">Le\u00e7ons apprises de la session de plaidoyer des Femmes leaders dans le secteur WASH en version anglaise<\/a><\/li><li><a href=\"https:\/\/care.mg\/ranowash\/wp-content\/uploads\/2023\/03\/Challenges-faced-by-female-leaders-in-WASH-and-proposed-solutions.pdf\">D\u00e9fis rencontr\u00e9s par les Femmes Leaders et les solutions propos\u00e9es en version anglaise<\/a><\/li><\/ol><p><strong>Entreprenariat des jeunes et des femmes<\/strong><\/p><ol><li><a href=\"https:\/\/care.mg\/ranowash\/wp-content\/uploads\/2023\/03\/Youth-entrepreneurship-in-the-WASH-sector-2.pdf\">Etude de cas &#8211; Entrepreneuriat des jeunes dans le secteur WASH \u00e0 Madagascar <\/a><\/li><li><a href=\"https:\/\/care.mg\/ranowash\/wp-content\/uploads\/2023\/03\/Curriculum-de-formation-Entrepreunariat-Jeunes-operateurs-WASH-1.pdf\">Curriculum de formation en Entreprenariat pour les Jeunes op\u00e9rateurs WASH<\/a><\/li><li><a href=\"https:\/\/care.mg\/ranowash\/wp-content\/uploads\/2023\/03\/Guide-des-formateurs-Entrepreunariat-Jeunes-operateurs-WASH.pdf\">Guide des formateurs en Entreprenariat pour les Jeunes op\u00e9rateurs WASH<\/a><\/li><li><a href=\"https:\/\/care.mg\/ranowash\/wp-content\/uploads\/2023\/03\/Diarinny-tetikasako.pdf\">Formation en Entreprenariat pour les Jeunes op\u00e9rateurs WASH \u2013 Document Apprenant en version malagasy<\/a><\/li><li><a href=\"https:\/\/care.mg\/ranowash\/wp-content\/uploads\/2023\/03\/Evaluation-finale-du-profil-des-jeunes-operateurs-WASH-1-2.pdf\">Evaluation finale du profil des jeunes operateurs WASH<\/a><\/li><\/ol><p><span style=\"color: #f0af31;\"><strong>Infrastructures inclusives<\/strong><\/span><\/p><ol><li><a href=\"https:\/\/care.mg\/ranowash\/wp-content\/uploads\/2023\/03\/Minimum-requirements-for-inclusive-WASH-infrastructure.pdf\">Requis minimum pour des infrastructures WASH inclusives <\/a><\/li><\/ol><p><span style=\"color: #f0af31;\"><strong>Promotion de l\u2019hygi\u00e8ne menstruelle<\/strong><\/span><\/p><ol><li><a href=\"https:\/\/care.mg\/ranowash\/wp-content\/uploads\/2023\/03\/BC-Strategy-1.pdf\">Document Strat\u00e9gie de changement de comportements <\/a><\/li><li><a href=\"https:\/\/care.mg\/ranowash\/wp-content\/uploads\/2023\/03\/Autonomisation-des-femmes-et-des-filles-par-la-Gestion-de-lHygiene-Menstruelle.pdf\">Autonomisation des femmes et des filles pour la Gestion de l\u2019Hygi\u00e8ne Menstruelle<\/a><\/li><li><a href=\"https:\/\/care.mg\/ranowash\/wp-content\/uploads\/2023\/03\/Guidelines-for-Producing-Masks-and-Sanitary-Pads.pdf\">Guide pour la production de masques et serviettes hygi\u00e9niques lavables en version anglaise<\/a><\/li><li><a href=\"https:\/\/care.mg\/ranowash\/wp-content\/uploads\/2023\/03\/TOROLALANA-MPANETSIKA-IFOTONY.pdf\">Guide pratique pour le promoteur local en version Malagasy<\/a><\/li><li><a href=\"https:\/\/care.mg\/ranowash\/wp-content\/uploads\/2023\/03\/New_Grow_up_sticker-A4-gasy.pdf\">Auto-collant Grow-Up Sticker en version Malagasy<\/a><\/li><li><a href=\"https:\/\/care.mg\/ranowash\/wp-content\/uploads\/2023\/03\/Certificat-Mpanetsika-Ifotony.pdf\">Certificat pour le Promoteur local Mod\u00e8le en version Malagasy<\/a><\/li><li><a href=\"https:\/\/care.mg\/ranowash\/wp-content\/uploads\/2023\/03\/Fisy-PL-auto-copiant.pdf\">Fiche de suivi des m\u00e9nages accompagn\u00e9s par le promoteur local en version Malagasy<\/a><\/li><li><a href=\"https:\/\/care.mg\/ranowash\/wp-content\/uploads\/2023\/03\/Guide_de_facilitation_MG.pdf\">Guide de facilitation pour accompagner les m\u00e9nages en version Malagasy<\/a><\/li><li><a href=\"https:\/\/care.mg\/ranowash\/wp-content\/uploads\/2023\/03\/1_Practical-guide-to-Grow-Up-Sticker-Approach.pdf\">Guide pratique pour la mise en oeuvre de l\u2019approche Grow-up sticker, en version Anglaise<\/a><\/li><li><a href=\"https:\/\/care.mg\/ranowash\/wp-content\/uploads\/2023\/03\/2_Grow_up_sticker-A4_ENG.pdf\">Auto-collant Grow-Up Sticker en version Anglaise<\/a><\/li><li><a href=\"https:\/\/care.mg\/ranowash\/wp-content\/uploads\/2023\/03\/Affiche-sur-Hygiene-Menstruelle.pdf\">Affiche sur l\u2019Hygi\u00e8ne menstruelle<\/a><\/li><\/ol><ul><li style=\"list-style-type: none;\">\u00a0<\/li><\/ul><\/div>\r\n\t\t\t\t<\/div>\r\n\t\t\t\t<\/div>\r\n\t\t\t\t\t\t<\/div>\r\n\t\t\t\t\t<\/div>\r\n\t\t<\/div>\r\n\t\t\t\t\t\t\t\t<\/div>\r\n\t\t\t\t\t<\/div>\r\n\t\t<\/section>\r\n\t\t\t\t\t\t<\/div>\r\n\t\t\t\t\t\t<\/div>\r\n\t\t\t\t\t<\/div>\r\n\t\t","protected":false},"excerpt":{"rendered":"<p>Le projet a men\u00e9 des analyses Genre\u00a0en 2018 et pendant la pand\u00e9mie de COVID-19 pour identifier les probl\u00e8mes participant aux in\u00e9galit\u00e9s de genre. Elles examinent en quoi les relations de pouvoir fond\u00e9es sur le sexe conduisent \u00e0 la discrimination, \u00e0 la subordination et \u00e0 l\u2019exclusion, en particulier lorsqu\u2019elles touchent \u00e9galement d\u2019autres domaines de marginalisation ou [&hellip;]<\/p>\n","protected":false},"author":5,"featured_media":0,"parent":0,"menu_order":0,"comment_status":"closed","ping_status":"closed","template":"","meta":{"footnotes":""},"acf":[],"yoast_head":"<!-- This site is optimized with the Yoast SEO plugin v23.5 - https:\/\/yoast.com\/wordpress\/plugins\/seo\/ -->\n<title>Genre et Inclusion Sociale - RANO WASH<\/title>\n<meta name=\"robots\" content=\"index, follow, max-snippet:-1, max-image-preview:large, max-video-preview:-1\" \/>\n<link rel=\"canonical\" href=\"https:\/\/care.mg\/ranowash\/genre-et-inclusion-sociale\/\" \/>\n<meta property=\"og:locale\" content=\"fr_FR\" \/>\n<meta property=\"og:type\" content=\"article\" \/>\n<meta property=\"og:title\" content=\"Genre et Inclusion Sociale - RANO WASH\" \/>\n<meta property=\"og:description\" content=\"Le projet a men\u00e9 des analyses Genre\u00a0en 2018 et pendant la pand\u00e9mie de COVID-19 pour identifier les probl\u00e8mes participant aux in\u00e9galit\u00e9s de genre. Elles examinent en quoi les relations de pouvoir fond\u00e9es sur le sexe conduisent \u00e0 la discrimination, \u00e0 la subordination et \u00e0 l\u2019exclusion, en particulier lorsqu\u2019elles touchent \u00e9galement d\u2019autres domaines de marginalisation ou [&hellip;]\" \/>\n<meta property=\"og:url\" content=\"https:\/\/care.mg\/ranowash\/genre-et-inclusion-sociale\/\" \/>\n<meta property=\"og:site_name\" content=\"RANO WASH\" \/>\n<meta property=\"article:publisher\" content=\"https:\/\/www.facebook.com\/CAREMadagascar\" \/>\n<meta property=\"article:modified_time\" content=\"2023-07-10T09:33:09+00:00\" \/>\n<meta name=\"twitter:card\" content=\"summary_large_image\" \/>\n<meta name=\"twitter:site\" content=\"@CAREMadagascar\" \/>\n<meta name=\"twitter:label1\" content=\"Dur\u00e9e de lecture estim\u00e9e\" \/>\n\t<meta name=\"twitter:data1\" content=\"3 minutes\" \/>\n<script type=\"application\/ld+json\" class=\"yoast-schema-graph\">{\"@context\":\"https:\/\/schema.org\",\"@graph\":[{\"@type\":\"WebPage\",\"@id\":\"https:\/\/care.mg\/ranowash\/genre-et-inclusion-sociale\/\",\"url\":\"https:\/\/care.mg\/ranowash\/genre-et-inclusion-sociale\/\",\"name\":\"Genre et Inclusion Sociale - RANO WASH\",\"isPartOf\":{\"@id\":\"https:\/\/care.mg\/ranowash\/#website\"},\"datePublished\":\"2019-11-05T09:05:52+00:00\",\"dateModified\":\"2023-07-10T09:33:09+00:00\",\"inLanguage\":\"fr-FR\",\"potentialAction\":[{\"@type\":\"ReadAction\",\"target\":[\"https:\/\/care.mg\/ranowash\/genre-et-inclusion-sociale\/\"]}]},{\"@type\":\"WebSite\",\"@id\":\"https:\/\/care.mg\/ranowash\/#website\",\"url\":\"https:\/\/care.mg\/ranowash\/\",\"name\":\"RANO WASH\",\"description\":\"Rural Access to New Opportunities in Water, Sanitation and Hygiene\",\"publisher\":{\"@id\":\"https:\/\/care.mg\/ranowash\/#organization\"},\"potentialAction\":[{\"@type\":\"SearchAction\",\"target\":{\"@type\":\"EntryPoint\",\"urlTemplate\":\"https:\/\/care.mg\/ranowash\/?s={search_term_string}\"},\"query-input\":{\"@type\":\"PropertyValueSpecification\",\"valueRequired\":true,\"valueName\":\"search_term_string\"}}],\"inLanguage\":\"fr-FR\"},{\"@type\":\"Organization\",\"@id\":\"https:\/\/care.mg\/ranowash\/#organization\",\"name\":\"RANO WASH\",\"url\":\"https:\/\/care.mg\/ranowash\/\",\"logo\":{\"@type\":\"ImageObject\",\"inLanguage\":\"fr-FR\",\"@id\":\"https:\/\/care.mg\/ranowash\/#\/schema\/logo\/image\/\",\"url\":\"https:\/\/care.mg\/ranowash\/wp-content\/uploads\/2022\/08\/logo-mini-usaid-rw.png\",\"contentUrl\":\"https:\/\/care.mg\/ranowash\/wp-content\/uploads\/2022\/08\/logo-mini-usaid-rw.png\",\"width\":470,\"height\":97,\"caption\":\"RANO WASH\"},\"image\":{\"@id\":\"https:\/\/care.mg\/ranowash\/#\/schema\/logo\/image\/\"},\"sameAs\":[\"https:\/\/www.facebook.com\/CAREMadagascar\",\"https:\/\/x.com\/CAREMadagascar\"]}]}<\/script>\n<!-- \/ Yoast SEO plugin. -->","yoast_head_json":{"title":"Genre et Inclusion Sociale - RANO WASH","robots":{"index":"index","follow":"follow","max-snippet":"max-snippet:-1","max-image-preview":"max-image-preview:large","max-video-preview":"max-video-preview:-1"},"canonical":"https:\/\/care.mg\/ranowash\/genre-et-inclusion-sociale\/","og_locale":"fr_FR","og_type":"article","og_title":"Genre et Inclusion Sociale - RANO WASH","og_description":"Le projet a men\u00e9 des analyses Genre\u00a0en 2018 et pendant la pand\u00e9mie de COVID-19 pour identifier les probl\u00e8mes participant aux in\u00e9galit\u00e9s de genre. Elles examinent en quoi les relations de pouvoir fond\u00e9es sur le sexe conduisent \u00e0 la discrimination, \u00e0 la subordination et \u00e0 l\u2019exclusion, en particulier lorsqu\u2019elles touchent \u00e9galement d\u2019autres domaines de marginalisation ou [&hellip;]","og_url":"https:\/\/care.mg\/ranowash\/genre-et-inclusion-sociale\/","og_site_name":"RANO WASH","article_publisher":"https:\/\/www.facebook.com\/CAREMadagascar","article_modified_time":"2023-07-10T09:33:09+00:00","twitter_card":"summary_large_image","twitter_site":"@CAREMadagascar","twitter_misc":{"Dur\u00e9e de lecture estim\u00e9e":"3 minutes"},"schema":{"@context":"https:\/\/schema.org","@graph":[{"@type":"WebPage","@id":"https:\/\/care.mg\/ranowash\/genre-et-inclusion-sociale\/","url":"https:\/\/care.mg\/ranowash\/genre-et-inclusion-sociale\/","name":"Genre et Inclusion Sociale - RANO WASH","isPartOf":{"@id":"https:\/\/care.mg\/ranowash\/#website"},"datePublished":"2019-11-05T09:05:52+00:00","dateModified":"2023-07-10T09:33:09+00:00","inLanguage":"fr-FR","potentialAction":[{"@type":"ReadAction","target":["https:\/\/care.mg\/ranowash\/genre-et-inclusion-sociale\/"]}]},{"@type":"WebSite","@id":"https:\/\/care.mg\/ranowash\/#website","url":"https:\/\/care.mg\/ranowash\/","name":"RANO WASH","description":"Rural Access to New Opportunities in Water, Sanitation and Hygiene","publisher":{"@id":"https:\/\/care.mg\/ranowash\/#organization"},"potentialAction":[{"@type":"SearchAction","target":{"@type":"EntryPoint","urlTemplate":"https:\/\/care.mg\/ranowash\/?s={search_term_string}"},"query-input":{"@type":"PropertyValueSpecification","valueRequired":true,"valueName":"search_term_string"}}],"inLanguage":"fr-FR"},{"@type":"Organization","@id":"https:\/\/care.mg\/ranowash\/#organization","name":"RANO WASH","url":"https:\/\/care.mg\/ranowash\/","logo":{"@type":"ImageObject","inLanguage":"fr-FR","@id":"https:\/\/care.mg\/ranowash\/#\/schema\/logo\/image\/","url":"https:\/\/care.mg\/ranowash\/wp-content\/uploads\/2022\/08\/logo-mini-usaid-rw.png","contentUrl":"https:\/\/care.mg\/ranowash\/wp-content\/uploads\/2022\/08\/logo-mini-usaid-rw.png","width":470,"height":97,"caption":"RANO WASH"},"image":{"@id":"https:\/\/care.mg\/ranowash\/#\/schema\/logo\/image\/"},"sameAs":["https:\/\/www.facebook.com\/CAREMadagascar","https:\/\/x.com\/CAREMadagascar"]}]}},"_links":{"self":[{"href":"https:\/\/care.mg\/ranowash\/wp-json\/wp\/v2\/pages\/238510"}],"collection":[{"href":"https:\/\/care.mg\/ranowash\/wp-json\/wp\/v2\/pages"}],"about":[{"href":"https:\/\/care.mg\/ranowash\/wp-json\/wp\/v2\/types\/page"}],"author":[{"embeddable":true,"href":"https:\/\/care.mg\/ranowash\/wp-json\/wp\/v2\/users\/5"}],"replies":[{"embeddable":true,"href":"https:\/\/care.mg\/ranowash\/wp-json\/wp\/v2\/comments?post=238510"}],"version-history":[{"count":46,"href":"https:\/\/care.mg\/ranowash\/wp-json\/wp\/v2\/pages\/238510\/revisions"}],"predecessor-version":[{"id":244669,"href":"https:\/\/care.mg\/ranowash\/wp-json\/wp\/v2\/pages\/238510\/revisions\/244669"}],"wp:attachment":[{"href":"https:\/\/care.mg\/ranowash\/wp-json\/wp\/v2\/media?parent=238510"}],"curies":[{"name":"wp","href":"https:\/\/api.w.org\/{rel}","templated":true}]}}