{"id":238885,"date":"2019-11-19T07:30:36","date_gmt":"2019-11-19T06:30:36","guid":{"rendered":"https:\/\/care.mg\/ranowash\/?page_id=238885"},"modified":"2023-03-17T10:37:36","modified_gmt":"2023-03-17T09:37:36","slug":"success_stories","status":"publish","type":"page","link":"https:\/\/care.mg\/ranowash\/success_stories\/","title":{"rendered":"Histoire de succ\u00e8s"},"content":{"rendered":"\t\t<div data-elementor-type=\"wp-page\" data-elementor-id=\"238885\" class=\"elementor elementor-238885\" data-elementor-settings=\"[]\">\r\n\t\t\t\t\t\t<div class=\"elementor-inner\">\r\n\t\t\t\t\t\t\t<div class=\"elementor-section-wrap\">\r\n\t\t\t\t\t\t\t<section class=\"elementor-section elementor-top-section elementor-element elementor-element-608a48bc elementor-section-boxed elementor-section-height-default elementor-section-height-default\" data-id=\"608a48bc\" data-element_type=\"section\">\r\n\t\t\t\t\t\t<div class=\"elementor-container elementor-column-gap-default\">\r\n\t\t\t\t\t\t\t<div class=\"elementor-row\">\r\n\t\t\t\t\t<div class=\"elementor-column elementor-col-100 elementor-top-column elementor-element elementor-element-676958c5\" data-id=\"676958c5\" data-element_type=\"column\">\r\n\t\t\t<div class=\"elementor-column-wrap elementor-element-populated\">\r\n\t\t\t\t\t\t\t<div class=\"elementor-widget-wrap\">\r\n\t\t\t\t\t\t<div class=\"elementor-element elementor-element-4a9aee76 elementor-widget elementor-widget-accordion\" data-id=\"4a9aee76\" data-element_type=\"widget\" data-widget_type=\"accordion.default\">\r\n\t\t\t\t<div class=\"elementor-widget-container\">\r\n\t\t\t\t\t<div class=\"elementor-accordion\" role=\"tablist\">\r\n\t\t\t\t\t\t\t<div class=\"elementor-accordion-item\">\r\n\t\t\t\t\t<div id=\"elementor-tab-title-1251\" class=\"elementor-tab-title\" data-tab=\"1\" role=\"tab\" aria-controls=\"elementor-tab-content-1251\">\r\n\t\t\t\t\t\t\t\t\t\t\t\t\t<span class=\"elementor-accordion-icon elementor-accordion-icon-left\" aria-hidden=\"true\">\r\n\t\t\t\t\t\t\t\t\t\t\t\t\t\t\t<span class=\"elementor-accordion-icon-closed\"><i class=\"fas fa-plus\"><\/i><\/span>\r\n\t\t\t\t\t\t\t\t<span class=\"elementor-accordion-icon-opened\"><i class=\"fas fa-minus\"><\/i><\/span>\r\n\t\t\t\t\t\t\t\t\t\t\t\t\t\t<\/span>\r\n\t\t\t\t\t\t\t\t\t\t\t\t<a class=\"elementor-accordion-title\" href=\"\">RANO WASH Histoire de succ\u00e8s, Ann\u00e9e fiscale 2018<\/a>\r\n\t\t\t\t\t<\/div>\r\n\t\t\t\t\t<div id=\"elementor-tab-content-1251\" class=\"elementor-tab-content elementor-clearfix\" data-tab=\"1\" role=\"tabpanel\" aria-labelledby=\"elementor-tab-title-1251\"><ol><li><a href=\"https:\/\/care.mg\/ranowash\/wp-content\/uploads\/2023\/02\/RANO-WASH-Success-Stories-FY18.Q2.pdf\" target=\"_blank\" rel=\"noopener\">2\u00e8me trimestre<\/a><\/li><li><a href=\"https:\/\/care.mg\/ranowash\/wp-content\/uploads\/2023\/02\/RANO-WASH-Success-Stories-FY18.Q3.pdf\" target=\"_blank\" rel=\"noopener\">3\u00e8me trimestre<\/a><\/li><li><a href=\"https:\/\/care.mg\/ranowash\/wp-content\/uploads\/2023\/02\/RANO-WASH-Success-Stories-FY18.Q4.pdf\" target=\"_blank\" rel=\"noopener\">4\u00e8me trimestre<\/a><\/li><\/ol><\/div>\r\n\t\t\t\t<\/div>\r\n\t\t\t\t\t\t\t<div class=\"elementor-accordion-item\">\r\n\t\t\t\t\t<div id=\"elementor-tab-title-1252\" class=\"elementor-tab-title\" data-tab=\"2\" role=\"tab\" aria-controls=\"elementor-tab-content-1252\">\r\n\t\t\t\t\t\t\t\t\t\t\t\t\t<span class=\"elementor-accordion-icon elementor-accordion-icon-left\" aria-hidden=\"true\">\r\n\t\t\t\t\t\t\t\t\t\t\t\t\t\t\t<span class=\"elementor-accordion-icon-closed\"><i class=\"fas fa-plus\"><\/i><\/span>\r\n\t\t\t\t\t\t\t\t<span class=\"elementor-accordion-icon-opened\"><i class=\"fas fa-minus\"><\/i><\/span>\r\n\t\t\t\t\t\t\t\t\t\t\t\t\t\t<\/span>\r\n\t\t\t\t\t\t\t\t\t\t\t\t<a class=\"elementor-accordion-title\" href=\"\">RANO WASH Histoire de succ\u00e8s, Ann\u00e9e fiscale 2019<\/a>\r\n\t\t\t\t\t<\/div>\r\n\t\t\t\t\t<div id=\"elementor-tab-content-1252\" class=\"elementor-tab-content elementor-clearfix\" data-tab=\"2\" role=\"tabpanel\" aria-labelledby=\"elementor-tab-title-1252\"><ol><li><a href=\"https:\/\/care.mg\/ranowash\/wp-content\/uploads\/2023\/02\/RANO-WASH-Success-Stories-FY19.Q1.pdf\" target=\"_blank\" rel=\"noopener\">1er trimestre<\/a><\/li><li><a href=\"https:\/\/care.mg\/ranowash\/wp-content\/uploads\/2023\/02\/RANO-WASH-Success-Stories-FY19.Q2.pdf\" target=\"_blank\" rel=\"noopener\">2\u00e8me trimestre<\/a><\/li><li><a href=\"https:\/\/care.mg\/ranowash\/wp-content\/uploads\/2023\/02\/RANO-WASH-Success-Stories-FY19.Q3.pdf\" target=\"_blank\" rel=\"noopener\">3\u00e8me trimestre<\/a><\/li><li><a href=\"https:\/\/care.mg\/ranowash\/wp-content\/uploads\/2023\/02\/RANO-WASH-Success-Stories-FY19.Q4.pdf\" target=\"_blank\" rel=\"noopener\">4\u00e8me trimestre<\/a><\/li><\/ol><\/div>\r\n\t\t\t\t<\/div>\r\n\t\t\t\t\t\t\t<div class=\"elementor-accordion-item\">\r\n\t\t\t\t\t<div id=\"elementor-tab-title-1253\" class=\"elementor-tab-title\" data-tab=\"3\" role=\"tab\" aria-controls=\"elementor-tab-content-1253\">\r\n\t\t\t\t\t\t\t\t\t\t\t\t\t<span class=\"elementor-accordion-icon elementor-accordion-icon-left\" aria-hidden=\"true\">\r\n\t\t\t\t\t\t\t\t\t\t\t\t\t\t\t<span class=\"elementor-accordion-icon-closed\"><i class=\"fas fa-plus\"><\/i><\/span>\r\n\t\t\t\t\t\t\t\t<span class=\"elementor-accordion-icon-opened\"><i class=\"fas fa-minus\"><\/i><\/span>\r\n\t\t\t\t\t\t\t\t\t\t\t\t\t\t<\/span>\r\n\t\t\t\t\t\t\t\t\t\t\t\t<a class=\"elementor-accordion-title\" href=\"\">RANO WASH Histoire de succ\u00e8s, Ann\u00e9e fiscale 2020<\/a>\r\n\t\t\t\t\t<\/div>\r\n\t\t\t\t\t<div id=\"elementor-tab-content-1253\" class=\"elementor-tab-content elementor-clearfix\" data-tab=\"3\" role=\"tabpanel\" aria-labelledby=\"elementor-tab-title-1253\"><ol><li><a href=\"https:\/\/care.mg\/ranowash\/wp-content\/uploads\/2023\/02\/RANO-WASH-Success-Stories-FY20.Q1.pdf\" target=\"_blank\" rel=\"noopener\">1er trimestre<\/a><\/li><li><a href=\"https:\/\/care.mg\/ranowash\/wp-content\/uploads\/2023\/02\/RANO-WASH-Success-Stories-FY20.Q2.pdf\" target=\"_blank\" rel=\"noopener\">2\u00e8me trimestre<\/a><\/li><li><a href=\"https:\/\/care.mg\/ranowash\/wp-content\/uploads\/2023\/02\/RANO-WASH-Success-Stories-FY20.Q3.pdf\" target=\"_blank\" rel=\"noopener\">3\u00e8me trimestre<\/a><\/li><li><a href=\"https:\/\/care.mg\/ranowash\/wp-content\/uploads\/2023\/02\/RANO-WASH-Success-Stories-FY20.Q4.pdf\" target=\"_blank\" rel=\"noopener\">4\u00e8me trimestre<\/a><\/li><\/ol><\/div>\r\n\t\t\t\t<\/div>\r\n\t\t\t\t\t\t\t<div class=\"elementor-accordion-item\">\r\n\t\t\t\t\t<div id=\"elementor-tab-title-1254\" class=\"elementor-tab-title\" data-tab=\"4\" role=\"tab\" aria-controls=\"elementor-tab-content-1254\">\r\n\t\t\t\t\t\t\t\t\t\t\t\t\t<span class=\"elementor-accordion-icon elementor-accordion-icon-left\" aria-hidden=\"true\">\r\n\t\t\t\t\t\t\t\t\t\t\t\t\t\t\t<span class=\"elementor-accordion-icon-closed\"><i class=\"fas fa-plus\"><\/i><\/span>\r\n\t\t\t\t\t\t\t\t<span class=\"elementor-accordion-icon-opened\"><i class=\"fas fa-minus\"><\/i><\/span>\r\n\t\t\t\t\t\t\t\t\t\t\t\t\t\t<\/span>\r\n\t\t\t\t\t\t\t\t\t\t\t\t<a class=\"elementor-accordion-title\" href=\"\">RANO WASH Histoire de succ\u00e8s, Ann\u00e9e fiscale 2021<\/a>\r\n\t\t\t\t\t<\/div>\r\n\t\t\t\t\t<div id=\"elementor-tab-content-1254\" class=\"elementor-tab-content elementor-clearfix\" data-tab=\"4\" role=\"tabpanel\" aria-labelledby=\"elementor-tab-title-1254\"><ol><li><a href=\"https:\/\/care.mg\/ranowash\/wp-content\/uploads\/2023\/02\/RANO-WASH-Success-Stories-FY21.Q1.pdf\" target=\"_blank\" rel=\"noopener\">1er trimestre<\/a><\/li><li><a href=\"https:\/\/care.mg\/ranowash\/wp-content\/uploads\/2023\/02\/RANO-WASH-Success-Stories-FY21.Q2.pdf\" target=\"_blank\" rel=\"noopener\">2\u00e8me trimestre<\/a><\/li><li><a href=\"https:\/\/care.mg\/ranowash\/wp-content\/uploads\/2023\/02\/RANO-WASH-Success-Stories-FY21.Q3.pdf\" target=\"_blank\" rel=\"noopener\">3\u00e8me trimestre<\/a><\/li><li><a href=\"https:\/\/care.mg\/ranowash\/wp-content\/uploads\/2023\/02\/RANO-WASH-Success-Stories-FY21.Q4.pdf\" target=\"_blank\" rel=\"noopener\">4\u00e8me trimestre<\/a><\/li><\/ol><\/div>\r\n\t\t\t\t<\/div>\r\n\t\t\t\t\t\t\t<div class=\"elementor-accordion-item\">\r\n\t\t\t\t\t<div id=\"elementor-tab-title-1255\" class=\"elementor-tab-title\" data-tab=\"5\" role=\"tab\" aria-controls=\"elementor-tab-content-1255\">\r\n\t\t\t\t\t\t\t\t\t\t\t\t\t<span class=\"elementor-accordion-icon elementor-accordion-icon-left\" aria-hidden=\"true\">\r\n\t\t\t\t\t\t\t\t\t\t\t\t\t\t\t<span class=\"elementor-accordion-icon-closed\"><i class=\"fas fa-plus\"><\/i><\/span>\r\n\t\t\t\t\t\t\t\t<span class=\"elementor-accordion-icon-opened\"><i class=\"fas fa-minus\"><\/i><\/span>\r\n\t\t\t\t\t\t\t\t\t\t\t\t\t\t<\/span>\r\n\t\t\t\t\t\t\t\t\t\t\t\t<a class=\"elementor-accordion-title\" href=\"\">RANO WASH Histoire de succ\u00e8s, Ann\u00e9e fiscale 2022<\/a>\r\n\t\t\t\t\t<\/div>\r\n\t\t\t\t\t<div id=\"elementor-tab-content-1255\" class=\"elementor-tab-content elementor-clearfix\" data-tab=\"5\" role=\"tabpanel\" aria-labelledby=\"elementor-tab-title-1255\"><ol><li><a href=\"https:\/\/care.mg\/ranowash\/wp-content\/uploads\/2023\/02\/RANO-WASH-Success-Stories-FY22.Q1.pdf\" target=\"_blank\" rel=\"noopener\">1er trimestre<\/a><\/li><li><a href=\"https:\/\/care.mg\/ranowash\/wp-content\/uploads\/2023\/02\/RANO-WASH-Success-Stories-FY22.Q2.pdf\" target=\"_blank\" rel=\"noopener\">2\u00e8me trimestre<\/a><\/li><li><a href=\"https:\/\/care.mg\/ranowash\/wp-content\/uploads\/2023\/02\/RANO-WASH-Success-Stories-FY22.Q3.pdf\" target=\"_blank\" rel=\"noopener\">3\u00e8me trimestre<\/a><\/li><li><a href=\"https:\/\/care.mg\/ranowash\/wp-content\/uploads\/2023\/02\/RANO-WASH-Success-Stories-FY22.Q4.pdf\" target=\"_blank\" rel=\"noopener\">3\u00e8me trimestre<\/a><\/li><\/ol><\/div>\r\n\t\t\t\t<\/div>\r\n\t\t\t\t\t<\/div>\r\n\t\t\t\t<\/div>\r\n\t\t\t\t<\/div>\r\n\t\t\t\t\t\t<\/div>\r\n\t\t\t\t\t<\/div>\r\n\t\t<\/div>\r\n\t\t\t\t\t\t\t\t<\/div>\r\n\t\t\t\t\t<\/div>\r\n\t\t<\/section>\r\n\t\t\t\t\t\t<\/div>\r\n\t\t\t\t\t\t<\/div>\r\n\t\t\t\t\t<\/div>\r\n\t\t","protected":false},"excerpt":{"rendered":"<p>RANO WASH Histoire de succ\u00e8s, Ann\u00e9e fiscale 2018 2\u00e8me trimestre 3\u00e8me trimestre 4\u00e8me trimestre RANO WASH Histoire de succ\u00e8s, Ann\u00e9e fiscale 2019 1er trimestre 2\u00e8me trimestre 3\u00e8me trimestre 4\u00e8me trimestre RANO WASH Histoire de succ\u00e8s, Ann\u00e9e fiscale 2020 1er trimestre 2\u00e8me trimestre 3\u00e8me trimestre 4\u00e8me trimestre RANO WASH Histoire de succ\u00e8s, Ann\u00e9e fiscale 2021 1er [&hellip;]<\/p>\n","protected":false},"author":5,"featured_media":0,"parent":0,"menu_order":0,"comment_status":"closed","ping_status":"closed","template":"","meta":{"footnotes":""},"acf":[],"yoast_head":"<!-- This site is optimized with the Yoast SEO plugin v23.5 - https:\/\/yoast.com\/wordpress\/plugins\/seo\/ -->\n<title>Histoire de succ\u00e8s - RANO WASH<\/title>\n<meta name=\"robots\" content=\"index, follow, max-snippet:-1, max-image-preview:large, max-video-preview:-1\" \/>\n<link rel=\"canonical\" href=\"https:\/\/care.mg\/ranowash\/success_stories\/\" \/>\n<meta property=\"og:locale\" content=\"fr_FR\" \/>\n<meta property=\"og:type\" content=\"article\" \/>\n<meta property=\"og:title\" content=\"Histoire de succ\u00e8s - RANO WASH\" \/>\n<meta property=\"og:description\" content=\"RANO WASH Histoire de succ\u00e8s, Ann\u00e9e fiscale 2018 2\u00e8me trimestre 3\u00e8me trimestre 4\u00e8me trimestre RANO WASH Histoire de succ\u00e8s, Ann\u00e9e fiscale 2019 1er trimestre 2\u00e8me trimestre 3\u00e8me trimestre 4\u00e8me trimestre RANO WASH Histoire de succ\u00e8s, Ann\u00e9e fiscale 2020 1er trimestre 2\u00e8me trimestre 3\u00e8me trimestre 4\u00e8me trimestre RANO WASH Histoire de succ\u00e8s, Ann\u00e9e fiscale 2021 1er [&hellip;]\" \/>\n<meta property=\"og:url\" content=\"https:\/\/care.mg\/ranowash\/success_stories\/\" \/>\n<meta property=\"og:site_name\" content=\"RANO WASH\" \/>\n<meta property=\"article:publisher\" content=\"https:\/\/www.facebook.com\/CAREMadagascar\" \/>\n<meta property=\"article:modified_time\" content=\"2023-03-17T09:37:36+00:00\" \/>\n<meta name=\"twitter:card\" content=\"summary_large_image\" \/>\n<meta name=\"twitter:site\" content=\"@CAREMadagascar\" \/>\n<script type=\"application\/ld+json\" class=\"yoast-schema-graph\">{\"@context\":\"https:\/\/schema.org\",\"@graph\":[{\"@type\":\"WebPage\",\"@id\":\"https:\/\/care.mg\/ranowash\/success_stories\/\",\"url\":\"https:\/\/care.mg\/ranowash\/success_stories\/\",\"name\":\"Histoire de succ\u00e8s - RANO WASH\",\"isPartOf\":{\"@id\":\"https:\/\/care.mg\/ranowash\/#website\"},\"datePublished\":\"2019-11-19T06:30:36+00:00\",\"dateModified\":\"2023-03-17T09:37:36+00:00\",\"inLanguage\":\"fr-FR\",\"potentialAction\":[{\"@type\":\"ReadAction\",\"target\":[\"https:\/\/care.mg\/ranowash\/success_stories\/\"]}]},{\"@type\":\"WebSite\",\"@id\":\"https:\/\/care.mg\/ranowash\/#website\",\"url\":\"https:\/\/care.mg\/ranowash\/\",\"name\":\"RANO WASH\",\"description\":\"Rural Access to New Opportunities in Water, Sanitation and Hygiene\",\"publisher\":{\"@id\":\"https:\/\/care.mg\/ranowash\/#organization\"},\"potentialAction\":[{\"@type\":\"SearchAction\",\"target\":{\"@type\":\"EntryPoint\",\"urlTemplate\":\"https:\/\/care.mg\/ranowash\/?s={search_term_string}\"},\"query-input\":{\"@type\":\"PropertyValueSpecification\",\"valueRequired\":true,\"valueName\":\"search_term_string\"}}],\"inLanguage\":\"fr-FR\"},{\"@type\":\"Organization\",\"@id\":\"https:\/\/care.mg\/ranowash\/#organization\",\"name\":\"RANO WASH\",\"url\":\"https:\/\/care.mg\/ranowash\/\",\"logo\":{\"@type\":\"ImageObject\",\"inLanguage\":\"fr-FR\",\"@id\":\"https:\/\/care.mg\/ranowash\/#\/schema\/logo\/image\/\",\"url\":\"https:\/\/care.mg\/ranowash\/wp-content\/uploads\/2022\/08\/logo-mini-usaid-rw.png\",\"contentUrl\":\"https:\/\/care.mg\/ranowash\/wp-content\/uploads\/2022\/08\/logo-mini-usaid-rw.png\",\"width\":470,\"height\":97,\"caption\":\"RANO WASH\"},\"image\":{\"@id\":\"https:\/\/care.mg\/ranowash\/#\/schema\/logo\/image\/\"},\"sameAs\":[\"https:\/\/www.facebook.com\/CAREMadagascar\",\"https:\/\/x.com\/CAREMadagascar\"]}]}<\/script>\n<!-- \/ Yoast SEO plugin. -->","yoast_head_json":{"title":"Histoire de succ\u00e8s - RANO WASH","robots":{"index":"index","follow":"follow","max-snippet":"max-snippet:-1","max-image-preview":"max-image-preview:large","max-video-preview":"max-video-preview:-1"},"canonical":"https:\/\/care.mg\/ranowash\/success_stories\/","og_locale":"fr_FR","og_type":"article","og_title":"Histoire de succ\u00e8s - RANO WASH","og_description":"RANO WASH Histoire de succ\u00e8s, Ann\u00e9e fiscale 2018 2\u00e8me trimestre 3\u00e8me trimestre 4\u00e8me trimestre RANO WASH Histoire de succ\u00e8s, Ann\u00e9e fiscale 2019 1er trimestre 2\u00e8me trimestre 3\u00e8me trimestre 4\u00e8me trimestre RANO WASH Histoire de succ\u00e8s, Ann\u00e9e fiscale 2020 1er trimestre 2\u00e8me trimestre 3\u00e8me trimestre 4\u00e8me trimestre RANO WASH Histoire de succ\u00e8s, Ann\u00e9e fiscale 2021 1er [&hellip;]","og_url":"https:\/\/care.mg\/ranowash\/success_stories\/","og_site_name":"RANO WASH","article_publisher":"https:\/\/www.facebook.com\/CAREMadagascar","article_modified_time":"2023-03-17T09:37:36+00:00","twitter_card":"summary_large_image","twitter_site":"@CAREMadagascar","schema":{"@context":"https:\/\/schema.org","@graph":[{"@type":"WebPage","@id":"https:\/\/care.mg\/ranowash\/success_stories\/","url":"https:\/\/care.mg\/ranowash\/success_stories\/","name":"Histoire de succ\u00e8s - RANO WASH","isPartOf":{"@id":"https:\/\/care.mg\/ranowash\/#website"},"datePublished":"2019-11-19T06:30:36+00:00","dateModified":"2023-03-17T09:37:36+00:00","inLanguage":"fr-FR","potentialAction":[{"@type":"ReadAction","target":["https:\/\/care.mg\/ranowash\/success_stories\/"]}]},{"@type":"WebSite","@id":"https:\/\/care.mg\/ranowash\/#website","url":"https:\/\/care.mg\/ranowash\/","name":"RANO WASH","description":"Rural Access to New Opportunities in Water, Sanitation and Hygiene","publisher":{"@id":"https:\/\/care.mg\/ranowash\/#organization"},"potentialAction":[{"@type":"SearchAction","target":{"@type":"EntryPoint","urlTemplate":"https:\/\/care.mg\/ranowash\/?s={search_term_string}"},"query-input":{"@type":"PropertyValueSpecification","valueRequired":true,"valueName":"search_term_string"}}],"inLanguage":"fr-FR"},{"@type":"Organization","@id":"https:\/\/care.mg\/ranowash\/#organization","name":"RANO WASH","url":"https:\/\/care.mg\/ranowash\/","logo":{"@type":"ImageObject","inLanguage":"fr-FR","@id":"https:\/\/care.mg\/ranowash\/#\/schema\/logo\/image\/","url":"https:\/\/care.mg\/ranowash\/wp-content\/uploads\/2022\/08\/logo-mini-usaid-rw.png","contentUrl":"https:\/\/care.mg\/ranowash\/wp-content\/uploads\/2022\/08\/logo-mini-usaid-rw.png","width":470,"height":97,"caption":"RANO WASH"},"image":{"@id":"https:\/\/care.mg\/ranowash\/#\/schema\/logo\/image\/"},"sameAs":["https:\/\/www.facebook.com\/CAREMadagascar","https:\/\/x.com\/CAREMadagascar"]}]}},"_links":{"self":[{"href":"https:\/\/care.mg\/ranowash\/wp-json\/wp\/v2\/pages\/238885"}],"collection":[{"href":"https:\/\/care.mg\/ranowash\/wp-json\/wp\/v2\/pages"}],"about":[{"href":"https:\/\/care.mg\/ranowash\/wp-json\/wp\/v2\/types\/page"}],"author":[{"embeddable":true,"href":"https:\/\/care.mg\/ranowash\/wp-json\/wp\/v2\/users\/5"}],"replies":[{"embeddable":true,"href":"https:\/\/care.mg\/ranowash\/wp-json\/wp\/v2\/comments?post=238885"}],"version-history":[{"count":16,"href":"https:\/\/care.mg\/ranowash\/wp-json\/wp\/v2\/pages\/238885\/revisions"}],"predecessor-version":[{"id":243576,"href":"https:\/\/care.mg\/ranowash\/wp-json\/wp\/v2\/pages\/238885\/revisions\/243576"}],"wp:attachment":[{"href":"https:\/\/care.mg\/ranowash\/wp-json\/wp\/v2\/media?parent=238885"}],"curies":[{"name":"wp","href":"https:\/\/api.w.org\/{rel}","templated":true}]}}