{"id":239177,"date":"2019-12-23T13:37:37","date_gmt":"2019-12-23T12:37:37","guid":{"rendered":"http:\/\/testrw.local\/?page_id=239177"},"modified":"2022-08-05T15:26:36","modified_gmt":"2022-08-05T13:26:36","slug":"alaotra-mangoro","status":"publish","type":"page","link":"https:\/\/care.mg\/ranowash\/alaotra-mangoro\/","title":{"rendered":"Alaotra Mangoro"},"content":{"rendered":"\t\t<div data-elementor-type=\"wp-page\" data-elementor-id=\"239177\" class=\"elementor elementor-239177\" data-elementor-settings=\"[]\">\r\n\t\t\t\t\t\t<div class=\"elementor-inner\">\r\n\t\t\t\t\t\t\t<div class=\"elementor-section-wrap\">\r\n\t\t\t\t\t\t\t<section class=\"elementor-section elementor-top-section elementor-element elementor-element-5a00077 elementor-section-boxed elementor-section-height-default elementor-section-height-default\" data-id=\"5a00077\" data-element_type=\"section\">\r\n\t\t\t\t\t\t<div class=\"elementor-container elementor-column-gap-default\">\r\n\t\t\t\t\t\t\t<div class=\"elementor-row\">\r\n\t\t\t\t\t<div class=\"elementor-column elementor-col-100 elementor-top-column elementor-element elementor-element-af8638a\" data-id=\"af8638a\" data-element_type=\"column\">\r\n\t\t\t<div class=\"elementor-column-wrap elementor-element-populated\">\r\n\t\t\t\t\t\t\t<div class=\"elementor-widget-wrap\">\r\n\t\t\t\t\t\t<div class=\"elementor-element elementor-element-3beca8f elementor-widget elementor-widget-text-editor\" data-id=\"3beca8f\" data-element_type=\"widget\" data-widget_type=\"text-editor.default\">\r\n\t\t\t\t<div class=\"elementor-widget-container\">\r\n\t\t\t\t\t<div class=\"elementor-text-editor elementor-clearfix\"><h1><span style=\"color: #37ce1f;\">Lead assur\u00e9 par :<\/span> <img loading=\"lazy\" decoding=\"async\" class=\"alignnone size-full wp-image-242237\" src=\"https:\/\/care.mg\/ranowash\/wp-content\/uploads\/2022\/07\/wateraid-tertiary-lrg-logo_rgb-1024x381-1-300x112-1.png\" alt=\"\" width=\"300\" height=\"112\" \/><\/h1><\/div>\r\n\t\t\t\t<\/div>\r\n\t\t\t\t<\/div>\r\n\t\t\t\t\t\t<\/div>\r\n\t\t\t\t\t<\/div>\r\n\t\t<\/div>\r\n\t\t\t\t\t\t\t\t<\/div>\r\n\t\t\t\t\t<\/div>\r\n\t\t<\/section>\r\n\t\t\t\t<section class=\"elementor-section elementor-top-section elementor-element elementor-element-8659208 elementor-section-boxed elementor-section-height-default elementor-section-height-default\" data-id=\"8659208\" data-element_type=\"section\">\r\n\t\t\t\t\t\t<div class=\"elementor-container elementor-column-gap-default\">\r\n\t\t\t\t\t\t\t<div class=\"elementor-row\">\r\n\t\t\t\t\t<div class=\"elementor-column elementor-col-100 elementor-top-column elementor-element elementor-element-686a775\" data-id=\"686a775\" data-element_type=\"column\">\r\n\t\t\t<div class=\"elementor-column-wrap elementor-element-populated\">\r\n\t\t\t\t\t\t\t<div class=\"elementor-widget-wrap\">\r\n\t\t\t\t\t\t<div class=\"elementor-element elementor-element-3edbd5a elementor-widget elementor-widget-text-editor\" data-id=\"3edbd5a\" data-element_type=\"widget\" data-widget_type=\"text-editor.default\">\r\n\t\t\t\t<div class=\"elementor-widget-container\">\r\n\t\t\t\t\t<div class=\"elementor-text-editor elementor-clearfix\"><iframe src=\"https:\/\/www.google.com\/maps\/embed?pb=!1m18!1m12!1m3!1d1942851.231386369!2d47.25524164820702!3d-17.995882216224235!2m3!1f0!2f0!3f0!3m2!1i1024!2i768!4f13.1!3m3!1m2!1s0x21f6f33c4b6c8a27%3A0xed99a4cf090db6a5!2sAlaotra-Mangoro!5e0!3m2!1sfr!2smg!4v1623267343763!5m2!1sfr!2smg\" width=\"600\" height=\"450\" style=\"border:0;\" allowfullscreen=\"\" loading=\"lazy\"><\/iframe><\/div>\r\n\t\t\t\t<\/div>\r\n\t\t\t\t<\/div>\r\n\t\t\t\t\t\t<\/div>\r\n\t\t\t\t\t<\/div>\r\n\t\t<\/div>\r\n\t\t\t\t\t\t\t\t<\/div>\r\n\t\t\t\t\t<\/div>\r\n\t\t<\/section>\r\n\t\t\t\t<section class=\"elementor-section elementor-top-section elementor-element elementor-element-2e23be1 elementor-section-boxed elementor-section-height-default elementor-section-height-default\" data-id=\"2e23be1\" data-element_type=\"section\">\r\n\t\t\t\t\t\t<div class=\"elementor-container elementor-column-gap-default\">\r\n\t\t\t\t\t\t\t<div class=\"elementor-row\">\r\n\t\t\t\t\t<div class=\"elementor-column elementor-col-100 elementor-top-column elementor-element elementor-element-730d246\" data-id=\"730d246\" data-element_type=\"column\">\r\n\t\t\t<div class=\"elementor-column-wrap elementor-element-populated\">\r\n\t\t\t\t\t\t\t<div class=\"elementor-widget-wrap\">\r\n\t\t\t\t\t\t\t\t<\/div>\r\n\t\t\t\t\t<\/div>\r\n\t\t<\/div>\r\n\t\t\t\t\t\t\t\t<\/div>\r\n\t\t\t\t\t<\/div>\r\n\t\t<\/section>\r\n\t\t\t\t<section class=\"elementor-section elementor-top-section elementor-element elementor-element-46979ad elementor-section-full_width elementor-section-height-default elementor-section-height-default\" data-id=\"46979ad\" data-element_type=\"section\">\r\n\t\t\t\t\t\t<div class=\"elementor-container elementor-column-gap-default\">\r\n\t\t\t\t\t\t\t<div class=\"elementor-row\">\r\n\t\t\t\t\t<div class=\"elementor-column elementor-col-50 elementor-top-column elementor-element elementor-element-03baf2d\" data-id=\"03baf2d\" data-element_type=\"column\">\r\n\t\t\t<div class=\"elementor-column-wrap elementor-element-populated\">\r\n\t\t\t\t\t\t\t<div class=\"elementor-widget-wrap\">\r\n\t\t\t\t\t\t<div class=\"elementor-element elementor-element-c62be79 elementor-widget elementor-widget-image\" data-id=\"c62be79\" data-element_type=\"widget\" data-widget_type=\"image.default\">\r\n\t\t\t\t<div class=\"elementor-widget-container\">\r\n\t\t\t\t\t<div class=\"elementor-image\">\r\n\t\t\t\t\t\t\t\t\t\t<img loading=\"lazy\" decoding=\"async\" width=\"1024\" height=\"683\" src=\"https:\/\/care.mg\/ranowash\/wp-content\/uploads\/2021\/05\/IMG_0632-1024x683-1.jpg\" class=\"attachment-full size-full\" alt=\"\" srcset=\"https:\/\/care.mg\/ranowash\/wp-content\/uploads\/2021\/05\/IMG_0632-1024x683-1.jpg 1024w, https:\/\/care.mg\/ranowash\/wp-content\/uploads\/2021\/05\/IMG_0632-1024x683-1-300x200.jpg 300w, https:\/\/care.mg\/ranowash\/wp-content\/uploads\/2021\/05\/IMG_0632-1024x683-1-768x512.jpg 768w\" sizes=\"(max-width: 1024px) 100vw, 1024px\" \/>\t\t\t\t\t\t\t\t\t\t\t<\/div>\r\n\t\t\t\t<\/div>\r\n\t\t\t\t<\/div>\r\n\t\t\t\t\t\t<\/div>\r\n\t\t\t\t\t<\/div>\r\n\t\t<\/div>\r\n\t\t\t\t<div class=\"elementor-column elementor-col-50 elementor-top-column elementor-element elementor-element-08a1669\" data-id=\"08a1669\" data-element_type=\"column\">\r\n\t\t\t<div class=\"elementor-column-wrap elementor-element-populated\">\r\n\t\t\t\t\t\t\t<div class=\"elementor-widget-wrap\">\r\n\t\t\t\t\t\t<div class=\"elementor-element elementor-element-00b961a elementor-widget elementor-widget-text-editor\" data-id=\"00b961a\" data-element_type=\"widget\" data-widget_type=\"text-editor.default\">\r\n\t\t\t\t<div class=\"elementor-widget-container\">\r\n\t\t\t\t\t<div class=\"elementor-text-editor elementor-clearfix\"><h4><strong>Un atelier \u00ab femmes leaders \u00bb li\u00e9s au WASH, organis\u00e9 \u00e0 Ambatondrazaka par RANO WASH\u2026<\/strong><\/h4><\/div>\r\n\t\t\t\t<\/div>\r\n\t\t\t\t<\/div>\r\n\t\t\t\t<div class=\"elementor-element elementor-element-12199db elementor-widget elementor-widget-text-editor\" data-id=\"12199db\" data-element_type=\"widget\" data-widget_type=\"text-editor.default\">\r\n\t\t\t\t<div class=\"elementor-widget-container\">\r\n\t\t\t\t\t<div class=\"elementor-text-editor elementor-clearfix\"><div class=\"et_pb_row et_pb_row_0\"><div class=\"et_pb_column et_pb_column_4_4 et_pb_column_0 et_pb_css_mix_blend_mode_passthrough et-last-child\"><div class=\"et_pb_module et_pb_text et_pb_text_0 et_pb_bg_layout_light et_pb_text_align_left\"><div class=\"et_pb_text_inner\">Un atelier de partage des parcours et des d\u00e9fis des femmes leaders li\u00e9s au\u00a0WASH\u00a0a \u00e9t\u00e9 organis\u00e9 le 6 Septembre 2019 \u00e0 Ambatondrazaka.<a href=\"https:\/\/care.mg\/ranowash\">RANO WASH<\/a>\u00a0vise \u00e0 accro\u00eetre l\u2019acc\u00e8s \u00e9quitable et durable aux services d\u2019Eau, d\u2019Assainissement et d\u2019Hygi\u00e8ne dans le monde rural pour maximiser l\u2019impact sur la sant\u00e9 et la nutrition, et pr\u00e9server l\u2019environnement aupr\u00e8s de ses 6 r\u00e9gions d\u2019intervention \u00e0 savoir\u00a0Alaotra Mangoro, Atsinanana, Vatovavy Fitovinany, Vakinankaratra, Haute Matsiatra et Amoron\u2019i Mania. La prise en compte de l\u2019aspect\u00a0Genre et Inclusion Sociale\u00a0sont primordiales pour RANO WASH afin d\u2019atteindre ce but. D\u2019o\u00f9 l\u2019organisation de cet atelier \u00ab femmes leaders \u00bb qui a r\u00e9uni une trentaine de femmes leaders li\u00e9s au WASH.<\/div><\/div><\/div><\/div><div class=\"et_pb_row et_pb_row_1\"><div class=\"et_pb_column et_pb_column_4_4 et_pb_column_1 et_pb_css_mix_blend_mode_passthrough et-last-child\"><div class=\"et_pb_module et_pb_text et_pb_text_1 et_pb_bg_layout_light et_pb_text_align_left\"><div class=\"et_pb_text_inner\"><p>En effet, des femmes responsables venant des diff\u00e9rents secteurs et districts d\u2019Alaotra Mangoro \u00e9taient venues actives pour partager avec volont\u00e9 leurs exp\u00e9riences.<\/p><\/div><\/div><\/div><\/div><\/div>\r\n\t\t\t\t<\/div>\r\n\t\t\t\t<\/div>\r\n\t\t\t\t\t\t<\/div>\r\n\t\t\t\t\t<\/div>\r\n\t\t<\/div>\r\n\t\t\t\t\t\t\t\t<\/div>\r\n\t\t\t\t\t<\/div>\r\n\t\t<\/section>\r\n\t\t\t\t<section class=\"elementor-section elementor-top-section elementor-element elementor-element-3dafd56 elementor-section-boxed elementor-section-height-default elementor-section-height-default\" data-id=\"3dafd56\" data-element_type=\"section\">\r\n\t\t\t\t\t\t<div class=\"elementor-container elementor-column-gap-default\">\r\n\t\t\t\t\t\t\t<div class=\"elementor-row\">\r\n\t\t\t\t\t<div class=\"elementor-column elementor-col-100 elementor-top-column elementor-element elementor-element-61d7f5e\" data-id=\"61d7f5e\" data-element_type=\"column\">\r\n\t\t\t<div class=\"elementor-column-wrap elementor-element-populated\">\r\n\t\t\t\t\t\t\t<div class=\"elementor-widget-wrap\">\r\n\t\t\t\t\t\t<div class=\"elementor-element elementor-element-ba734dc elementor-widget elementor-widget-divider\" data-id=\"ba734dc\" data-element_type=\"widget\" data-widget_type=\"divider.default\">\r\n\t\t\t\t<div class=\"elementor-widget-container\">\r\n\t\t\t\t\t<div class=\"elementor-divider\">\r\n\t\t\t<span class=\"elementor-divider-separator\">\r\n\t\t\t\t\t\t<\/span>\r\n\t\t<\/div>\r\n\t\t\t\t<\/div>\r\n\t\t\t\t<\/div>\r\n\t\t\t\t\t\t<\/div>\r\n\t\t\t\t\t<\/div>\r\n\t\t<\/div>\r\n\t\t\t\t\t\t\t\t<\/div>\r\n\t\t\t\t\t<\/div>\r\n\t\t<\/section>\r\n\t\t\t\t<section class=\"elementor-section elementor-top-section elementor-element elementor-element-2e94bb9 elementor-section-full_width elementor-section-height-default elementor-section-height-default\" data-id=\"2e94bb9\" data-element_type=\"section\">\r\n\t\t\t\t\t\t<div class=\"elementor-container elementor-column-gap-default\">\r\n\t\t\t\t\t\t\t<div class=\"elementor-row\">\r\n\t\t\t\t\t<div class=\"elementor-column elementor-col-50 elementor-top-column elementor-element elementor-element-5afbc3d\" data-id=\"5afbc3d\" data-element_type=\"column\">\r\n\t\t\t<div class=\"elementor-column-wrap elementor-element-populated\">\r\n\t\t\t\t\t\t\t<div class=\"elementor-widget-wrap\">\r\n\t\t\t\t\t\t<div class=\"elementor-element elementor-element-00da002 elementor-widget elementor-widget-text-editor\" data-id=\"00da002\" data-element_type=\"widget\" data-widget_type=\"text-editor.default\">\r\n\t\t\t\t<div class=\"elementor-widget-container\">\r\n\t\t\t\t\t<div class=\"elementor-text-editor elementor-clearfix\"><div class=\"et_pb_row et_pb_row_0\"><div class=\"et_pb_column et_pb_column_4_4 et_pb_column_0 et_pb_css_mix_blend_mode_passthrough et-last-child\"><div class=\"et_pb_module et_pb_text et_pb_text_0 et_pb_bg_layout_light et_pb_text_align_left\"><div class=\"et_pb_text_inner\"><p>Un panel de discussion compos\u00e9 de quatre femmes responsables des Directions r\u00e9gionales d\u2019Alaotra Manogoro a initi\u00e9 le partage \u00e0 travers des t\u00e9moignages. Elles partagent sinc\u00e8rement leurs parcours, leurs exp\u00e9riences, les d\u00e9fis auxquels elles ont fait face pour atteindre leur position actuelle.<br \/>Des discussions de groupe entre femmes, des \u00e9changes entre responsables et des partages de conseils entre amies \u00e9taient au rendez-vous !<\/p><p>A travers cet atelier de partage,\u00a0la place de la femme dans la soci\u00e9t\u00e9 est ressentie. Les femmes ont leurs\u00a0m\u00e9rites dans la soci\u00e9t\u00e9 et sont capables d\u2019accomplir de grandes choses.<\/p><p>\u00ab La poursuite des \u00e9tudes est primordiale : en passant par l\u2019analphab\u00e9tisation aux \u00e9tudes secondaires et le plus haut possible \u00bb\u00a0affirme Madame Be Katuicia, Directrice R\u00e9gionale de l\u2019Eau et des Hydrocarbure \u00e0 Ambatondrazaka. A part cela, les probl\u00e8mes et barri\u00e8res des femmes li\u00e9es \u00e0 leur leadership en mati\u00e8re de WASH ont aussi \u00e9t\u00e9 soulev\u00e9s tels que la vuln\u00e9rabilit\u00e9 des femmes face aux maladies provoqu\u00e9es par l\u2019insalubrit\u00e9.<\/p><p>Une des attentes des femmes leaders participant \u00e0 cet atelier est que\u00a0les hommes et les leaders locaux soutiennent le leadership des femmes au niveau de la soci\u00e9t\u00e9.<\/p><\/div><\/div><\/div><\/div><\/div>\r\n\t\t\t\t<\/div>\r\n\t\t\t\t<\/div>\r\n\t\t\t\t\t\t<\/div>\r\n\t\t\t\t\t<\/div>\r\n\t\t<\/div>\r\n\t\t\t\t<div class=\"elementor-column elementor-col-50 elementor-top-column elementor-element elementor-element-4c3bf75\" data-id=\"4c3bf75\" data-element_type=\"column\">\r\n\t\t\t<div class=\"elementor-column-wrap elementor-element-populated\">\r\n\t\t\t\t\t\t\t<div class=\"elementor-widget-wrap\">\r\n\t\t\t\t\t\t<div class=\"elementor-element elementor-element-72be102 elementor-widget elementor-widget-image\" data-id=\"72be102\" data-element_type=\"widget\" data-widget_type=\"image.default\">\r\n\t\t\t\t<div class=\"elementor-widget-container\">\r\n\t\t\t\t\t<div class=\"elementor-image\">\r\n\t\t\t\t\t\t\t\t\t\t<img loading=\"lazy\" decoding=\"async\" width=\"1024\" height=\"683\" src=\"https:\/\/care.mg\/ranowash\/wp-content\/uploads\/2021\/05\/IMG_0592-1024x683.jpg\" class=\"attachment-large size-large\" alt=\"\" srcset=\"https:\/\/care.mg\/ranowash\/wp-content\/uploads\/2021\/05\/IMG_0592-1024x683.jpg 1024w, https:\/\/care.mg\/ranowash\/wp-content\/uploads\/2021\/05\/IMG_0592-300x200.jpg 300w, https:\/\/care.mg\/ranowash\/wp-content\/uploads\/2021\/05\/IMG_0592-768x512.jpg 768w, https:\/\/care.mg\/ranowash\/wp-content\/uploads\/2021\/05\/IMG_0592-1536x1024.jpg 1536w, https:\/\/care.mg\/ranowash\/wp-content\/uploads\/2021\/05\/IMG_0592-2048x1365.jpg 2048w\" sizes=\"(max-width: 1024px) 100vw, 1024px\" \/>\t\t\t\t\t\t\t\t\t\t\t<\/div>\r\n\t\t\t\t<\/div>\r\n\t\t\t\t<\/div>\r\n\t\t\t\t\t\t<\/div>\r\n\t\t\t\t\t<\/div>\r\n\t\t<\/div>\r\n\t\t\t\t\t\t\t\t<\/div>\r\n\t\t\t\t\t<\/div>\r\n\t\t<\/section>\r\n\t\t\t\t\t\t<\/div>\r\n\t\t\t\t\t\t<\/div>\r\n\t\t\t\t\t<\/div>\r\n\t\t","protected":false},"excerpt":{"rendered":"<p>Lead assur\u00e9 par : Un atelier \u00ab femmes leaders \u00bb li\u00e9s au WASH, organis\u00e9 \u00e0 Ambatondrazaka par RANO WASH\u2026 Un atelier de partage des parcours et des d\u00e9fis des femmes leaders li\u00e9s au\u00a0WASH\u00a0a \u00e9t\u00e9 organis\u00e9 le 6 Septembre 2019 \u00e0 Ambatondrazaka.RANO WASH\u00a0vise \u00e0 accro\u00eetre l\u2019acc\u00e8s \u00e9quitable et durable aux services d\u2019Eau, d\u2019Assainissement et d\u2019Hygi\u00e8ne dans [&hellip;]<\/p>\n","protected":false},"author":5,"featured_media":238477,"parent":0,"menu_order":0,"comment_status":"closed","ping_status":"closed","template":"","meta":{"footnotes":""},"acf":[],"yoast_head":"<!-- This site is optimized with the Yoast SEO plugin v23.5 - https:\/\/yoast.com\/wordpress\/plugins\/seo\/ -->\n<title>Alaotra Mangoro - RANO WASH<\/title>\n<meta name=\"robots\" content=\"index, follow, max-snippet:-1, max-image-preview:large, max-video-preview:-1\" \/>\n<link rel=\"canonical\" href=\"https:\/\/care.mg\/ranowash\/alaotra-mangoro\/\" \/>\n<meta property=\"og:locale\" content=\"fr_FR\" \/>\n<meta property=\"og:type\" content=\"article\" \/>\n<meta property=\"og:title\" content=\"Alaotra Mangoro - RANO WASH\" \/>\n<meta property=\"og:description\" content=\"Lead assur\u00e9 par : Un atelier \u00ab femmes leaders \u00bb li\u00e9s au WASH, organis\u00e9 \u00e0 Ambatondrazaka par RANO WASH\u2026 Un atelier de partage des parcours et des d\u00e9fis des femmes leaders li\u00e9s au\u00a0WASH\u00a0a \u00e9t\u00e9 organis\u00e9 le 6 Septembre 2019 \u00e0 Ambatondrazaka.RANO WASH\u00a0vise \u00e0 accro\u00eetre l\u2019acc\u00e8s \u00e9quitable et durable aux services d\u2019Eau, d\u2019Assainissement et d\u2019Hygi\u00e8ne dans [&hellip;]\" \/>\n<meta property=\"og:url\" content=\"https:\/\/care.mg\/ranowash\/alaotra-mangoro\/\" \/>\n<meta property=\"og:site_name\" content=\"RANO WASH\" \/>\n<meta property=\"article:publisher\" content=\"https:\/\/www.facebook.com\/CAREMadagascar\" \/>\n<meta property=\"article:modified_time\" content=\"2022-08-05T13:26:36+00:00\" \/>\n<meta property=\"og:image\" content=\"https:\/\/care.mg\/ranowash\/wp-content\/uploads\/2019\/10\/IMG_0632-1024x683.jpg\" \/>\n\t<meta property=\"og:image:width\" content=\"1024\" \/>\n\t<meta property=\"og:image:height\" content=\"683\" \/>\n\t<meta property=\"og:image:type\" content=\"image\/jpeg\" \/>\n<meta name=\"twitter:card\" content=\"summary_large_image\" \/>\n<meta name=\"twitter:site\" content=\"@CAREMadagascar\" \/>\n<meta name=\"twitter:label1\" content=\"Dur\u00e9e de lecture estim\u00e9e\" \/>\n\t<meta name=\"twitter:data1\" content=\"2 minutes\" \/>\n<script type=\"application\/ld+json\" class=\"yoast-schema-graph\">{\"@context\":\"https:\/\/schema.org\",\"@graph\":[{\"@type\":\"WebPage\",\"@id\":\"https:\/\/care.mg\/ranowash\/alaotra-mangoro\/\",\"url\":\"https:\/\/care.mg\/ranowash\/alaotra-mangoro\/\",\"name\":\"Alaotra Mangoro - RANO WASH\",\"isPartOf\":{\"@id\":\"https:\/\/care.mg\/ranowash\/#website\"},\"primaryImageOfPage\":{\"@id\":\"https:\/\/care.mg\/ranowash\/alaotra-mangoro\/#primaryimage\"},\"image\":{\"@id\":\"https:\/\/care.mg\/ranowash\/alaotra-mangoro\/#primaryimage\"},\"thumbnailUrl\":\"https:\/\/care.mg\/ranowash\/wp-content\/uploads\/2019\/10\/IMG_0632.jpg\",\"datePublished\":\"2019-12-23T12:37:37+00:00\",\"dateModified\":\"2022-08-05T13:26:36+00:00\",\"inLanguage\":\"fr-FR\",\"potentialAction\":[{\"@type\":\"ReadAction\",\"target\":[\"https:\/\/care.mg\/ranowash\/alaotra-mangoro\/\"]}]},{\"@type\":\"ImageObject\",\"inLanguage\":\"fr-FR\",\"@id\":\"https:\/\/care.mg\/ranowash\/alaotra-mangoro\/#primaryimage\",\"url\":\"https:\/\/care.mg\/ranowash\/wp-content\/uploads\/2019\/10\/IMG_0632.jpg\",\"contentUrl\":\"https:\/\/care.mg\/ranowash\/wp-content\/uploads\/2019\/10\/IMG_0632.jpg\",\"width\":2592,\"height\":1728},{\"@type\":\"WebSite\",\"@id\":\"https:\/\/care.mg\/ranowash\/#website\",\"url\":\"https:\/\/care.mg\/ranowash\/\",\"name\":\"RANO WASH\",\"description\":\"Rural Access to New Opportunities in Water, Sanitation and Hygiene\",\"publisher\":{\"@id\":\"https:\/\/care.mg\/ranowash\/#organization\"},\"potentialAction\":[{\"@type\":\"SearchAction\",\"target\":{\"@type\":\"EntryPoint\",\"urlTemplate\":\"https:\/\/care.mg\/ranowash\/?s={search_term_string}\"},\"query-input\":{\"@type\":\"PropertyValueSpecification\",\"valueRequired\":true,\"valueName\":\"search_term_string\"}}],\"inLanguage\":\"fr-FR\"},{\"@type\":\"Organization\",\"@id\":\"https:\/\/care.mg\/ranowash\/#organization\",\"name\":\"RANO WASH\",\"url\":\"https:\/\/care.mg\/ranowash\/\",\"logo\":{\"@type\":\"ImageObject\",\"inLanguage\":\"fr-FR\",\"@id\":\"https:\/\/care.mg\/ranowash\/#\/schema\/logo\/image\/\",\"url\":\"https:\/\/care.mg\/ranowash\/wp-content\/uploads\/2022\/08\/logo-mini-usaid-rw.png\",\"contentUrl\":\"https:\/\/care.mg\/ranowash\/wp-content\/uploads\/2022\/08\/logo-mini-usaid-rw.png\",\"width\":470,\"height\":97,\"caption\":\"RANO WASH\"},\"image\":{\"@id\":\"https:\/\/care.mg\/ranowash\/#\/schema\/logo\/image\/\"},\"sameAs\":[\"https:\/\/www.facebook.com\/CAREMadagascar\",\"https:\/\/x.com\/CAREMadagascar\"]}]}<\/script>\n<!-- \/ Yoast SEO plugin. -->","yoast_head_json":{"title":"Alaotra Mangoro - RANO WASH","robots":{"index":"index","follow":"follow","max-snippet":"max-snippet:-1","max-image-preview":"max-image-preview:large","max-video-preview":"max-video-preview:-1"},"canonical":"https:\/\/care.mg\/ranowash\/alaotra-mangoro\/","og_locale":"fr_FR","og_type":"article","og_title":"Alaotra Mangoro - RANO WASH","og_description":"Lead assur\u00e9 par : Un atelier \u00ab femmes leaders \u00bb li\u00e9s au WASH, organis\u00e9 \u00e0 Ambatondrazaka par RANO WASH\u2026 Un atelier de partage des parcours et des d\u00e9fis des femmes leaders li\u00e9s au\u00a0WASH\u00a0a \u00e9t\u00e9 organis\u00e9 le 6 Septembre 2019 \u00e0 Ambatondrazaka.RANO WASH\u00a0vise \u00e0 accro\u00eetre l\u2019acc\u00e8s \u00e9quitable et durable aux services d\u2019Eau, d\u2019Assainissement et d\u2019Hygi\u00e8ne dans [&hellip;]","og_url":"https:\/\/care.mg\/ranowash\/alaotra-mangoro\/","og_site_name":"RANO WASH","article_publisher":"https:\/\/www.facebook.com\/CAREMadagascar","article_modified_time":"2022-08-05T13:26:36+00:00","og_image":[{"width":1024,"height":683,"url":"https:\/\/care.mg\/ranowash\/wp-content\/uploads\/2019\/10\/IMG_0632-1024x683.jpg","type":"image\/jpeg"}],"twitter_card":"summary_large_image","twitter_site":"@CAREMadagascar","twitter_misc":{"Dur\u00e9e de lecture estim\u00e9e":"2 minutes"},"schema":{"@context":"https:\/\/schema.org","@graph":[{"@type":"WebPage","@id":"https:\/\/care.mg\/ranowash\/alaotra-mangoro\/","url":"https:\/\/care.mg\/ranowash\/alaotra-mangoro\/","name":"Alaotra Mangoro - RANO WASH","isPartOf":{"@id":"https:\/\/care.mg\/ranowash\/#website"},"primaryImageOfPage":{"@id":"https:\/\/care.mg\/ranowash\/alaotra-mangoro\/#primaryimage"},"image":{"@id":"https:\/\/care.mg\/ranowash\/alaotra-mangoro\/#primaryimage"},"thumbnailUrl":"https:\/\/care.mg\/ranowash\/wp-content\/uploads\/2019\/10\/IMG_0632.jpg","datePublished":"2019-12-23T12:37:37+00:00","dateModified":"2022-08-05T13:26:36+00:00","inLanguage":"fr-FR","potentialAction":[{"@type":"ReadAction","target":["https:\/\/care.mg\/ranowash\/alaotra-mangoro\/"]}]},{"@type":"ImageObject","inLanguage":"fr-FR","@id":"https:\/\/care.mg\/ranowash\/alaotra-mangoro\/#primaryimage","url":"https:\/\/care.mg\/ranowash\/wp-content\/uploads\/2019\/10\/IMG_0632.jpg","contentUrl":"https:\/\/care.mg\/ranowash\/wp-content\/uploads\/2019\/10\/IMG_0632.jpg","width":2592,"height":1728},{"@type":"WebSite","@id":"https:\/\/care.mg\/ranowash\/#website","url":"https:\/\/care.mg\/ranowash\/","name":"RANO WASH","description":"Rural Access to New Opportunities in Water, Sanitation and Hygiene","publisher":{"@id":"https:\/\/care.mg\/ranowash\/#organization"},"potentialAction":[{"@type":"SearchAction","target":{"@type":"EntryPoint","urlTemplate":"https:\/\/care.mg\/ranowash\/?s={search_term_string}"},"query-input":{"@type":"PropertyValueSpecification","valueRequired":true,"valueName":"search_term_string"}}],"inLanguage":"fr-FR"},{"@type":"Organization","@id":"https:\/\/care.mg\/ranowash\/#organization","name":"RANO WASH","url":"https:\/\/care.mg\/ranowash\/","logo":{"@type":"ImageObject","inLanguage":"fr-FR","@id":"https:\/\/care.mg\/ranowash\/#\/schema\/logo\/image\/","url":"https:\/\/care.mg\/ranowash\/wp-content\/uploads\/2022\/08\/logo-mini-usaid-rw.png","contentUrl":"https:\/\/care.mg\/ranowash\/wp-content\/uploads\/2022\/08\/logo-mini-usaid-rw.png","width":470,"height":97,"caption":"RANO WASH"},"image":{"@id":"https:\/\/care.mg\/ranowash\/#\/schema\/logo\/image\/"},"sameAs":["https:\/\/www.facebook.com\/CAREMadagascar","https:\/\/x.com\/CAREMadagascar"]}]}},"_links":{"self":[{"href":"https:\/\/care.mg\/ranowash\/wp-json\/wp\/v2\/pages\/239177"}],"collection":[{"href":"https:\/\/care.mg\/ranowash\/wp-json\/wp\/v2\/pages"}],"about":[{"href":"https:\/\/care.mg\/ranowash\/wp-json\/wp\/v2\/types\/page"}],"author":[{"embeddable":true,"href":"https:\/\/care.mg\/ranowash\/wp-json\/wp\/v2\/users\/5"}],"replies":[{"embeddable":true,"href":"https:\/\/care.mg\/ranowash\/wp-json\/wp\/v2\/comments?post=239177"}],"version-history":[{"count":72,"href":"https:\/\/care.mg\/ranowash\/wp-json\/wp\/v2\/pages\/239177\/revisions"}],"predecessor-version":[{"id":242418,"href":"https:\/\/care.mg\/ranowash\/wp-json\/wp\/v2\/pages\/239177\/revisions\/242418"}],"wp:featuredmedia":[{"embeddable":true,"href":"https:\/\/care.mg\/ranowash\/wp-json\/wp\/v2\/media\/238477"}],"wp:attachment":[{"href":"https:\/\/care.mg\/ranowash\/wp-json\/wp\/v2\/media?parent=239177"}],"curies":[{"name":"wp","href":"https:\/\/api.w.org\/{rel}","templated":true}]}}