{"id":241242,"date":"2021-11-25T07:50:07","date_gmt":"2021-11-25T06:50:07","guid":{"rendered":"https:\/\/care.mg\/ranowash\/?page_id=241242"},"modified":"2023-02-28T08:30:40","modified_gmt":"2023-02-28T07:30:40","slug":"a-propos-des-ppp","status":"publish","type":"page","link":"https:\/\/care.mg\/ranowash\/a-propos-des-ppp\/","title":{"rendered":"A propos des PPP"},"content":{"rendered":"\t\t<div data-elementor-type=\"wp-page\" data-elementor-id=\"241242\" class=\"elementor elementor-241242\" data-elementor-settings=\"[]\">\r\n\t\t\t\t\t\t<div class=\"elementor-inner\">\r\n\t\t\t\t\t\t\t<div class=\"elementor-section-wrap\">\r\n\t\t\t\t\t\t\t<section class=\"elementor-section elementor-top-section elementor-element elementor-element-39693ce9 elementor-section-boxed elementor-section-height-default elementor-section-height-default\" data-id=\"39693ce9\" data-element_type=\"section\">\r\n\t\t\t\t\t\t<div class=\"elementor-container elementor-column-gap-default\">\r\n\t\t\t\t\t\t\t<div class=\"elementor-row\">\r\n\t\t\t\t\t<div class=\"elementor-column elementor-col-100 elementor-top-column elementor-element elementor-element-6fd6d9e7\" data-id=\"6fd6d9e7\" data-element_type=\"column\">\r\n\t\t\t<div class=\"elementor-column-wrap elementor-element-populated\">\r\n\t\t\t\t\t\t\t<div class=\"elementor-widget-wrap\">\r\n\t\t\t\t\t\t<div class=\"elementor-element elementor-element-195eff78 elementor-widget elementor-widget-text-editor\" data-id=\"195eff78\" data-element_type=\"widget\" data-widget_type=\"text-editor.default\">\r\n\t\t\t\t<div class=\"elementor-widget-container\">\r\n\t\t\t\t\t<div class=\"elementor-text-editor elementor-clearfix\"><!-- wp:paragraph -->\n<h4><span style=\"color: #009cdf;\"><strong>Informations sur les partenariats public-priv\u00e9<\/strong><\/span><\/h4>\n<!-- \/wp:paragraph --><!-- wp:paragraph -->\n<h5><strong>Qu\u2019est-ce qu\u2019un partenariat public-priv\u00e9\u00a0?<\/strong><\/h5>\n<!-- \/wp:paragraph --><!-- wp:paragraph -->\n<p>La participation du secteur priv\u00e9 peut se d\u00e9finir comme tout accord entre la puissance publique et un ou plusieurs partenaire(s) priv\u00e9(s) visant \u00e0 mettre \u00e0 contribution les ressources et\/ou l\u2019expertise de ce(s) dernier(s) pour la fourniture et ou la gestion de services et\/ou d\u2019infrastructures d\u2019int\u00e9r\u00eat public ou d\u2019int\u00e9r\u00eat g\u00e9n\u00e9ral, avec l\u2019objectif final d\u2019atteindre un niveau d\u2019extension et de qualit\u00e9 du service public conforme aux attentes des autorit\u00e9s publiques.<\/p>\n<!-- \/wp:paragraph --><!-- wp:paragraph -->\n<p>Les partenariats public-priv\u00e9 (PPP) impliquent un niveau relativement important de transfert de risque au partenaire priv\u00e9. Il reste entendu que tous les risques ne sont pas transf\u00e9rables au secteur priv\u00e9 et qu\u2019un transfert excessif de ces risques au secteur priv\u00e9 d\u00e9bouchera n\u00e9cessairement sur l\u2019\u00e9chec du PPP.<\/p>\n<!-- \/wp:paragraph --><!-- wp:paragraph -->\n<p>Les principales formules de PPP sont strictement d\u00e9finies dans le cadre institutionnel et juridique des PPP \u00e0 Madagascar.<\/p>\n<!-- \/wp:paragraph --><!-- wp:paragraph -->\n<h4><span style=\"color: #009cdf;\"><strong>Lien utiles<\/strong><\/span><\/h4>\n<!-- \/wp:paragraph --><!-- wp:paragraph -->\n<h5><strong>&#8211; Minist\u00e8re de l&rsquo;Eau de l\u2019Assainissement et de l\u2019Hygi\u00e8ne \u00e0 Madagascar<\/strong><\/h5>\n<!-- \/wp:paragraph --><!-- wp:paragraph -->\n<p><a href=\"http:\/\/www.mineau.gov.mg\" data-type=\"URL\" data-id=\"www.mineau.gov.mg\">www.mineau.gov.mg<\/a><\/p>\n<h5><strong>&#8211; EDBM &#8211; Economic Development Board of Madagascar<\/strong><\/h5>\n<p><a href=\"https:\/\/edbm.mg\/\">https:\/\/edbm.mg<\/a><\/p>\n<h5><strong>&#8211; PPP Knowledge Lab &#8211; Banque Mondiale<\/strong><\/h5>\n<p><!-- \/wp:paragraph --><!-- wp:paragraph --><\/p>\n<p><a href=\"https:\/\/pppknowledgelab.org\/countries\/madagascar\">https:\/\/pppknowledgelab.org\/countries\/madagascar<\/a><\/p>\n<h5><strong>&#8211; Appui Au Developpement Du Partenariat Public Prive<\/strong><\/h5>\n<p><a href=\"https:\/\/care.mg\/ranowash\/wp-content\/uploads\/2023\/02\/APPUI-AU-DEVELOPPEMENT-PPP-CONTRATS-DE-DELEGATION-RANO-WASH-2020.pdf\">Appui Au Developpement Du Partenariat Public Prive<\/a><\/p>\n<h5><strong>&#8211; Modeles De Contrat De Financement Et De Contrat De Delegation De Gestion<\/strong><\/h5>\n<p><a href=\"https:\/\/care.mg\/ranowash\/wp-content\/uploads\/2023\/02\/SUIVI-CONTRATS-DE-DELEGATION-DE-GESTION.xlsx\">Modeles De Contrat De Financement Et De Contrat De Delegation De Gestion<\/a><\/p>\n<!-- \/wp:paragraph --><!-- wp:paragraph -->\n<p><!-- \/wp:paragraph --><!-- wp:paragraph --><\/p>\n<p>\u00a0<\/p>\n<!-- \/wp:paragraph --><\/div>\r\n\t\t\t\t<\/div>\r\n\t\t\t\t<\/div>\r\n\t\t\t\t\t\t<\/div>\r\n\t\t\t\t\t<\/div>\r\n\t\t<\/div>\r\n\t\t\t\t\t\t\t\t<\/div>\r\n\t\t\t\t\t<\/div>\r\n\t\t<\/section>\r\n\t\t\t\t\t\t<\/div>\r\n\t\t\t\t\t\t<\/div>\r\n\t\t\t\t\t<\/div>\r\n\t\t","protected":false},"excerpt":{"rendered":"<p>Informations sur les partenariats public-priv\u00e9 Qu\u2019est-ce qu\u2019un partenariat public-priv\u00e9\u00a0? La participation du secteur priv\u00e9 peut se d\u00e9finir comme tout accord entre la puissance publique et un ou plusieurs partenaire(s) priv\u00e9(s) visant \u00e0 mettre \u00e0 contribution les ressources et\/ou l\u2019expertise de ce(s) dernier(s) pour la fourniture et ou la gestion de services et\/ou d\u2019infrastructures d\u2019int\u00e9r\u00eat public [&hellip;]<\/p>\n","protected":false},"author":5,"featured_media":0,"parent":0,"menu_order":0,"comment_status":"closed","ping_status":"closed","template":"","meta":{"footnotes":""},"acf":[],"yoast_head":"<!-- This site is optimized with the Yoast SEO plugin v23.5 - https:\/\/yoast.com\/wordpress\/plugins\/seo\/ -->\n<title>A propos des PPP - RANO WASH<\/title>\n<meta name=\"robots\" content=\"index, follow, max-snippet:-1, max-image-preview:large, max-video-preview:-1\" \/>\n<link rel=\"canonical\" href=\"https:\/\/care.mg\/ranowash\/a-propos-des-ppp\/\" \/>\n<meta property=\"og:locale\" content=\"fr_FR\" \/>\n<meta property=\"og:type\" content=\"article\" \/>\n<meta property=\"og:title\" content=\"A propos des PPP - RANO WASH\" \/>\n<meta property=\"og:description\" content=\"Informations sur les partenariats public-priv\u00e9 Qu\u2019est-ce qu\u2019un partenariat public-priv\u00e9\u00a0? La participation du secteur priv\u00e9 peut se d\u00e9finir comme tout accord entre la puissance publique et un ou plusieurs partenaire(s) priv\u00e9(s) visant \u00e0 mettre \u00e0 contribution les ressources et\/ou l\u2019expertise de ce(s) dernier(s) pour la fourniture et ou la gestion de services et\/ou d\u2019infrastructures d\u2019int\u00e9r\u00eat public [&hellip;]\" \/>\n<meta property=\"og:url\" content=\"https:\/\/care.mg\/ranowash\/a-propos-des-ppp\/\" \/>\n<meta property=\"og:site_name\" content=\"RANO WASH\" \/>\n<meta property=\"article:publisher\" content=\"https:\/\/www.facebook.com\/CAREMadagascar\" \/>\n<meta property=\"article:modified_time\" content=\"2023-02-28T07:30:40+00:00\" \/>\n<meta name=\"twitter:card\" content=\"summary_large_image\" \/>\n<meta name=\"twitter:site\" content=\"@CAREMadagascar\" \/>\n<meta name=\"twitter:label1\" content=\"Dur\u00e9e de lecture estim\u00e9e\" \/>\n\t<meta name=\"twitter:data1\" content=\"1 minute\" \/>\n<script type=\"application\/ld+json\" class=\"yoast-schema-graph\">{\"@context\":\"https:\/\/schema.org\",\"@graph\":[{\"@type\":\"WebPage\",\"@id\":\"https:\/\/care.mg\/ranowash\/a-propos-des-ppp\/\",\"url\":\"https:\/\/care.mg\/ranowash\/a-propos-des-ppp\/\",\"name\":\"A propos des PPP - RANO WASH\",\"isPartOf\":{\"@id\":\"https:\/\/care.mg\/ranowash\/#website\"},\"datePublished\":\"2021-11-25T06:50:07+00:00\",\"dateModified\":\"2023-02-28T07:30:40+00:00\",\"inLanguage\":\"fr-FR\",\"potentialAction\":[{\"@type\":\"ReadAction\",\"target\":[\"https:\/\/care.mg\/ranowash\/a-propos-des-ppp\/\"]}]},{\"@type\":\"WebSite\",\"@id\":\"https:\/\/care.mg\/ranowash\/#website\",\"url\":\"https:\/\/care.mg\/ranowash\/\",\"name\":\"RANO WASH\",\"description\":\"Rural Access to New Opportunities in Water, Sanitation and Hygiene\",\"publisher\":{\"@id\":\"https:\/\/care.mg\/ranowash\/#organization\"},\"potentialAction\":[{\"@type\":\"SearchAction\",\"target\":{\"@type\":\"EntryPoint\",\"urlTemplate\":\"https:\/\/care.mg\/ranowash\/?s={search_term_string}\"},\"query-input\":{\"@type\":\"PropertyValueSpecification\",\"valueRequired\":true,\"valueName\":\"search_term_string\"}}],\"inLanguage\":\"fr-FR\"},{\"@type\":\"Organization\",\"@id\":\"https:\/\/care.mg\/ranowash\/#organization\",\"name\":\"RANO WASH\",\"url\":\"https:\/\/care.mg\/ranowash\/\",\"logo\":{\"@type\":\"ImageObject\",\"inLanguage\":\"fr-FR\",\"@id\":\"https:\/\/care.mg\/ranowash\/#\/schema\/logo\/image\/\",\"url\":\"https:\/\/care.mg\/ranowash\/wp-content\/uploads\/2022\/08\/logo-mini-usaid-rw.png\",\"contentUrl\":\"https:\/\/care.mg\/ranowash\/wp-content\/uploads\/2022\/08\/logo-mini-usaid-rw.png\",\"width\":470,\"height\":97,\"caption\":\"RANO WASH\"},\"image\":{\"@id\":\"https:\/\/care.mg\/ranowash\/#\/schema\/logo\/image\/\"},\"sameAs\":[\"https:\/\/www.facebook.com\/CAREMadagascar\",\"https:\/\/x.com\/CAREMadagascar\"]}]}<\/script>\n<!-- \/ Yoast SEO plugin. -->","yoast_head_json":{"title":"A propos des PPP - RANO WASH","robots":{"index":"index","follow":"follow","max-snippet":"max-snippet:-1","max-image-preview":"max-image-preview:large","max-video-preview":"max-video-preview:-1"},"canonical":"https:\/\/care.mg\/ranowash\/a-propos-des-ppp\/","og_locale":"fr_FR","og_type":"article","og_title":"A propos des PPP - RANO WASH","og_description":"Informations sur les partenariats public-priv\u00e9 Qu\u2019est-ce qu\u2019un partenariat public-priv\u00e9\u00a0? La participation du secteur priv\u00e9 peut se d\u00e9finir comme tout accord entre la puissance publique et un ou plusieurs partenaire(s) priv\u00e9(s) visant \u00e0 mettre \u00e0 contribution les ressources et\/ou l\u2019expertise de ce(s) dernier(s) pour la fourniture et ou la gestion de services et\/ou d\u2019infrastructures d\u2019int\u00e9r\u00eat public [&hellip;]","og_url":"https:\/\/care.mg\/ranowash\/a-propos-des-ppp\/","og_site_name":"RANO WASH","article_publisher":"https:\/\/www.facebook.com\/CAREMadagascar","article_modified_time":"2023-02-28T07:30:40+00:00","twitter_card":"summary_large_image","twitter_site":"@CAREMadagascar","twitter_misc":{"Dur\u00e9e de lecture estim\u00e9e":"1 minute"},"schema":{"@context":"https:\/\/schema.org","@graph":[{"@type":"WebPage","@id":"https:\/\/care.mg\/ranowash\/a-propos-des-ppp\/","url":"https:\/\/care.mg\/ranowash\/a-propos-des-ppp\/","name":"A propos des PPP - RANO WASH","isPartOf":{"@id":"https:\/\/care.mg\/ranowash\/#website"},"datePublished":"2021-11-25T06:50:07+00:00","dateModified":"2023-02-28T07:30:40+00:00","inLanguage":"fr-FR","potentialAction":[{"@type":"ReadAction","target":["https:\/\/care.mg\/ranowash\/a-propos-des-ppp\/"]}]},{"@type":"WebSite","@id":"https:\/\/care.mg\/ranowash\/#website","url":"https:\/\/care.mg\/ranowash\/","name":"RANO WASH","description":"Rural Access to New Opportunities in Water, Sanitation and Hygiene","publisher":{"@id":"https:\/\/care.mg\/ranowash\/#organization"},"potentialAction":[{"@type":"SearchAction","target":{"@type":"EntryPoint","urlTemplate":"https:\/\/care.mg\/ranowash\/?s={search_term_string}"},"query-input":{"@type":"PropertyValueSpecification","valueRequired":true,"valueName":"search_term_string"}}],"inLanguage":"fr-FR"},{"@type":"Organization","@id":"https:\/\/care.mg\/ranowash\/#organization","name":"RANO WASH","url":"https:\/\/care.mg\/ranowash\/","logo":{"@type":"ImageObject","inLanguage":"fr-FR","@id":"https:\/\/care.mg\/ranowash\/#\/schema\/logo\/image\/","url":"https:\/\/care.mg\/ranowash\/wp-content\/uploads\/2022\/08\/logo-mini-usaid-rw.png","contentUrl":"https:\/\/care.mg\/ranowash\/wp-content\/uploads\/2022\/08\/logo-mini-usaid-rw.png","width":470,"height":97,"caption":"RANO WASH"},"image":{"@id":"https:\/\/care.mg\/ranowash\/#\/schema\/logo\/image\/"},"sameAs":["https:\/\/www.facebook.com\/CAREMadagascar","https:\/\/x.com\/CAREMadagascar"]}]}},"_links":{"self":[{"href":"https:\/\/care.mg\/ranowash\/wp-json\/wp\/v2\/pages\/241242"}],"collection":[{"href":"https:\/\/care.mg\/ranowash\/wp-json\/wp\/v2\/pages"}],"about":[{"href":"https:\/\/care.mg\/ranowash\/wp-json\/wp\/v2\/types\/page"}],"author":[{"embeddable":true,"href":"https:\/\/care.mg\/ranowash\/wp-json\/wp\/v2\/users\/5"}],"replies":[{"embeddable":true,"href":"https:\/\/care.mg\/ranowash\/wp-json\/wp\/v2\/comments?post=241242"}],"version-history":[{"count":17,"href":"https:\/\/care.mg\/ranowash\/wp-json\/wp\/v2\/pages\/241242\/revisions"}],"predecessor-version":[{"id":243477,"href":"https:\/\/care.mg\/ranowash\/wp-json\/wp\/v2\/pages\/241242\/revisions\/243477"}],"wp:attachment":[{"href":"https:\/\/care.mg\/ranowash\/wp-json\/wp\/v2\/media?parent=241242"}],"curies":[{"name":"wp","href":"https:\/\/api.w.org\/{rel}","templated":true}]}}