{"id":241253,"date":"2021-11-25T09:01:10","date_gmt":"2021-11-25T08:01:10","guid":{"rendered":"https:\/\/care.mg\/ranowash\/?page_id=241253"},"modified":"2022-01-04T11:29:35","modified_gmt":"2022-01-04T10:29:35","slug":"publications-et-rapports","status":"publish","type":"page","link":"https:\/\/care.mg\/ranowash\/publications-et-rapports\/","title":{"rendered":"Publications et Rapports"},"content":{"rendered":"\t\t<div data-elementor-type=\"wp-page\" data-elementor-id=\"241253\" class=\"elementor elementor-241253\" data-elementor-settings=\"[]\">\r\n\t\t\t\t\t\t<div class=\"elementor-inner\">\r\n\t\t\t\t\t\t\t<div class=\"elementor-section-wrap\">\r\n\t\t\t\t\t\t\t<section class=\"elementor-section elementor-top-section elementor-element elementor-element-9f48fbf elementor-section-boxed elementor-section-height-default elementor-section-height-default\" data-id=\"9f48fbf\" data-element_type=\"section\">\r\n\t\t\t\t\t\t<div class=\"elementor-container elementor-column-gap-default\">\r\n\t\t\t\t\t\t\t<div class=\"elementor-row\">\r\n\t\t\t\t\t<div class=\"elementor-column elementor-col-33 elementor-top-column elementor-element elementor-element-bfbe468\" data-id=\"bfbe468\" data-element_type=\"column\">\r\n\t\t\t<div class=\"elementor-column-wrap elementor-element-populated\">\r\n\t\t\t\t\t\t\t<div class=\"elementor-widget-wrap\">\r\n\t\t\t\t\t\t<div class=\"elementor-element elementor-element-5c28385 elementor-widget elementor-widget-image\" data-id=\"5c28385\" data-element_type=\"widget\" data-widget_type=\"image.default\">\r\n\t\t\t\t<div class=\"elementor-widget-container\">\r\n\t\t\t\t\t<div class=\"elementor-image\">\r\n\t\t\t\t\t\t\t<figure class=\"wp-caption\">\r\n\t\t\t\t\t\t\t\t\t\t<img loading=\"lazy\" decoding=\"async\" width=\"212\" height=\"300\" src=\"https:\/\/care.mg\/ranowash\/wp-content\/uploads\/2021\/11\/PDMW-212x300.jpg\" class=\"attachment-medium size-medium\" alt=\"\" srcset=\"https:\/\/care.mg\/ranowash\/wp-content\/uploads\/2021\/11\/PDMW-212x300.jpg 212w, https:\/\/care.mg\/ranowash\/wp-content\/uploads\/2021\/11\/PDMW-725x1024.jpg 725w, https:\/\/care.mg\/ranowash\/wp-content\/uploads\/2021\/11\/PDMW-768x1085.jpg 768w, https:\/\/care.mg\/ranowash\/wp-content\/uploads\/2021\/11\/PDMW.jpg 913w\" sizes=\"(max-width: 212px) 100vw, 212px\" \/>\t\t\t\t\t\t\t\t\t\t\t<figcaption class=\"widget-image-caption wp-caption-text\">Plan de d\u00e9veloppement r\u00e9gional - Alaotra Mangoro<\/figcaption>\r\n\t\t\t\t\t\t\t\t\t\t<\/figure>\r\n\t\t\t\t\t<\/div>\r\n\t\t\t\t<\/div>\r\n\t\t\t\t<\/div>\r\n\t\t\t\t\t\t<\/div>\r\n\t\t\t\t\t<\/div>\r\n\t\t<\/div>\r\n\t\t\t\t<div class=\"elementor-column elementor-col-33 elementor-top-column elementor-element elementor-element-b9f7693\" data-id=\"b9f7693\" data-element_type=\"column\">\r\n\t\t\t<div class=\"elementor-column-wrap elementor-element-populated\">\r\n\t\t\t\t\t\t\t<div class=\"elementor-widget-wrap\">\r\n\t\t\t\t\t\t<div class=\"elementor-element elementor-element-51d24bc elementor-widget elementor-widget-image\" data-id=\"51d24bc\" data-element_type=\"widget\" data-widget_type=\"image.default\">\r\n\t\t\t\t<div class=\"elementor-widget-container\">\r\n\t\t\t\t\t<div class=\"elementor-image\">\r\n\t\t\t\t\t\t\t<figure class=\"wp-caption\">\r\n\t\t\t\t\t\t\t\t\t\t<img loading=\"lazy\" decoding=\"async\" width=\"212\" height=\"300\" src=\"https:\/\/care.mg\/ranowash\/wp-content\/uploads\/2021\/11\/1-212x300.jpg\" class=\"attachment-medium size-medium\" alt=\"\" srcset=\"https:\/\/care.mg\/ranowash\/wp-content\/uploads\/2021\/11\/1-212x300.jpg 212w, https:\/\/care.mg\/ranowash\/wp-content\/uploads\/2021\/11\/1-724x1024.jpg 724w, https:\/\/care.mg\/ranowash\/wp-content\/uploads\/2021\/11\/1-768x1086.jpg 768w, https:\/\/care.mg\/ranowash\/wp-content\/uploads\/2021\/11\/1.jpg 912w\" sizes=\"(max-width: 212px) 100vw, 212px\" \/>\t\t\t\t\t\t\t\t\t\t\t<figcaption class=\"widget-image-caption wp-caption-text\">Rapport d'\u00e9valuation du march\u00e9 WASH R\u00e9gion Alaotra Mangoro, Atsinanana, Vatovavy Fitovinany<\/figcaption>\r\n\t\t\t\t\t\t\t\t\t\t<\/figure>\r\n\t\t\t\t\t<\/div>\r\n\t\t\t\t<\/div>\r\n\t\t\t\t<\/div>\r\n\t\t\t\t\t\t<\/div>\r\n\t\t\t\t\t<\/div>\r\n\t\t<\/div>\r\n\t\t\t\t<div class=\"elementor-column elementor-col-33 elementor-top-column elementor-element elementor-element-7a579cf\" data-id=\"7a579cf\" data-element_type=\"column\">\r\n\t\t\t<div class=\"elementor-column-wrap elementor-element-populated\">\r\n\t\t\t\t\t\t\t<div class=\"elementor-widget-wrap\">\r\n\t\t\t\t\t\t<div class=\"elementor-element elementor-element-aa8f962 elementor-widget elementor-widget-image\" data-id=\"aa8f962\" data-element_type=\"widget\" data-widget_type=\"image.default\">\r\n\t\t\t\t<div class=\"elementor-widget-container\">\r\n\t\t\t\t\t<div class=\"elementor-image\">\r\n\t\t\t\t\t\t\t<figure class=\"wp-caption\">\r\n\t\t\t\t\t\t\t\t\t\t<img loading=\"lazy\" decoding=\"async\" width=\"212\" height=\"300\" src=\"https:\/\/care.mg\/ranowash\/wp-content\/uploads\/2021\/11\/2-1-212x300.jpg\" class=\"attachment-medium size-medium\" alt=\"\" srcset=\"https:\/\/care.mg\/ranowash\/wp-content\/uploads\/2021\/11\/2-1-212x300.jpg 212w, https:\/\/care.mg\/ranowash\/wp-content\/uploads\/2021\/11\/2-1-724x1024.jpg 724w, https:\/\/care.mg\/ranowash\/wp-content\/uploads\/2021\/11\/2-1-768x1087.jpg 768w, https:\/\/care.mg\/ranowash\/wp-content\/uploads\/2021\/11\/2-1-1086x1536.jpg 1086w, https:\/\/care.mg\/ranowash\/wp-content\/uploads\/2021\/11\/2-1.jpg 1290w\" sizes=\"(max-width: 212px) 100vw, 212px\" \/>\t\t\t\t\t\t\t\t\t\t\t<figcaption class=\"widget-image-caption wp-caption-text\">EVALUATION COMPLETE DU MARCHE WASH (WASH MARKET ASSESSMENT) VAKINANKARATRA-AMORON\u2019I MANIAHAUTE MATSIATRA<\/figcaption>\r\n\t\t\t\t\t\t\t\t\t\t<\/figure>\r\n\t\t\t\t\t<\/div>\r\n\t\t\t\t<\/div>\r\n\t\t\t\t<\/div>\r\n\t\t\t\t\t\t<\/div>\r\n\t\t\t\t\t<\/div>\r\n\t\t<\/div>\r\n\t\t\t\t\t\t\t\t<\/div>\r\n\t\t\t\t\t<\/div>\r\n\t\t<\/section>\r\n\t\t\t\t<section class=\"elementor-section elementor-top-section elementor-element elementor-element-bca092f elementor-section-boxed elementor-section-height-default elementor-section-height-default\" data-id=\"bca092f\" data-element_type=\"section\">\r\n\t\t\t\t\t\t<div class=\"elementor-container elementor-column-gap-default\">\r\n\t\t\t\t\t\t\t<div class=\"elementor-row\">\r\n\t\t\t\t\t<div class=\"elementor-column elementor-col-33 elementor-top-column elementor-element elementor-element-4e7f5d1\" data-id=\"4e7f5d1\" data-element_type=\"column\">\r\n\t\t\t<div class=\"elementor-column-wrap elementor-element-populated\">\r\n\t\t\t\t\t\t\t<div class=\"elementor-widget-wrap\">\r\n\t\t\t\t\t\t<div class=\"elementor-element elementor-element-084d90f elementor-button-info elementor-align-center elementor-widget elementor-widget-button\" data-id=\"084d90f\" data-element_type=\"widget\" data-widget_type=\"button.default\">\r\n\t\t\t\t<div class=\"elementor-widget-container\">\r\n\t\t\t\t\t<div class=\"elementor-button-wrapper\">\r\n\t\t\t<a href=\"https:\/\/care.mg\/ranowash\/rano-wash-plan-de-developpement-regional-wash-alm\/\" target=\"_blank\" class=\"elementor-button-link elementor-button elementor-size-md\" role=\"button\">\r\n\t\t\t\t\t\t<span class=\"elementor-button-content-wrapper\">\r\n\t\t\t\t\t\t<span class=\"elementor-button-icon elementor-align-icon-left\">\r\n\t\t\t\t<i aria-hidden=\"true\" class=\"fas fa-download\"><\/i>\t\t\t<\/span>\r\n\t\t\t\t\t\t<span class=\"elementor-button-text\">T\u00e9l\u00e9chargez le document<\/span>\r\n\t\t<\/span>\r\n\t\t\t\t\t<\/a>\r\n\t\t<\/div>\r\n\t\t\t\t<\/div>\r\n\t\t\t\t<\/div>\r\n\t\t\t\t\t\t<\/div>\r\n\t\t\t\t\t<\/div>\r\n\t\t<\/div>\r\n\t\t\t\t<div class=\"elementor-column elementor-col-33 elementor-top-column elementor-element elementor-element-5c53cf5\" data-id=\"5c53cf5\" data-element_type=\"column\">\r\n\t\t\t<div class=\"elementor-column-wrap elementor-element-populated\">\r\n\t\t\t\t\t\t\t<div class=\"elementor-widget-wrap\">\r\n\t\t\t\t\t\t<div class=\"elementor-element elementor-element-3e379bd elementor-button-info elementor-align-center elementor-widget elementor-widget-button\" data-id=\"3e379bd\" data-element_type=\"widget\" data-widget_type=\"button.default\">\r\n\t\t\t\t<div class=\"elementor-widget-container\">\r\n\t\t\t\t\t<div class=\"elementor-button-wrapper\">\r\n\t\t\t<a href=\"https:\/\/care.mg\/ranowash\/rapport-final-marche-wash-_14mai-2018\/\" target=\"_blank\" class=\"elementor-button-link elementor-button elementor-size-md\" role=\"button\">\r\n\t\t\t\t\t\t<span class=\"elementor-button-content-wrapper\">\r\n\t\t\t\t\t\t<span class=\"elementor-button-icon elementor-align-icon-left\">\r\n\t\t\t\t<i aria-hidden=\"true\" class=\"fas fa-download\"><\/i>\t\t\t<\/span>\r\n\t\t\t\t\t\t<span class=\"elementor-button-text\">T\u00e9l\u00e9chargez le document<\/span>\r\n\t\t<\/span>\r\n\t\t\t\t\t<\/a>\r\n\t\t<\/div>\r\n\t\t\t\t<\/div>\r\n\t\t\t\t<\/div>\r\n\t\t\t\t\t\t<\/div>\r\n\t\t\t\t\t<\/div>\r\n\t\t<\/div>\r\n\t\t\t\t<div class=\"elementor-column elementor-col-33 elementor-top-column elementor-element elementor-element-2d92f87\" data-id=\"2d92f87\" data-element_type=\"column\">\r\n\t\t\t<div class=\"elementor-column-wrap elementor-element-populated\">\r\n\t\t\t\t\t\t\t<div class=\"elementor-widget-wrap\">\r\n\t\t\t\t\t\t<div class=\"elementor-element elementor-element-3dff160 elementor-button-info elementor-align-center elementor-widget elementor-widget-button\" data-id=\"3dff160\" data-element_type=\"widget\" data-widget_type=\"button.default\">\r\n\t\t\t\t<div class=\"elementor-widget-container\">\r\n\t\t\t\t\t<div class=\"elementor-button-wrapper\">\r\n\t\t\t<a href=\"https:\/\/care.mg\/ranowash\/rapport-final-wma-hermes-conseils\/\" target=\"_blank\" class=\"elementor-button-link elementor-button elementor-size-md\" role=\"button\">\r\n\t\t\t\t\t\t<span class=\"elementor-button-content-wrapper\">\r\n\t\t\t\t\t\t<span class=\"elementor-button-icon elementor-align-icon-left\">\r\n\t\t\t\t<i aria-hidden=\"true\" class=\"fas fa-download\"><\/i>\t\t\t<\/span>\r\n\t\t\t\t\t\t<span class=\"elementor-button-text\">T\u00e9l\u00e9chargez le document<\/span>\r\n\t\t<\/span>\r\n\t\t\t\t\t<\/a>\r\n\t\t<\/div>\r\n\t\t\t\t<\/div>\r\n\t\t\t\t<\/div>\r\n\t\t\t\t\t\t<\/div>\r\n\t\t\t\t\t<\/div>\r\n\t\t<\/div>\r\n\t\t\t\t\t\t\t\t<\/div>\r\n\t\t\t\t\t<\/div>\r\n\t\t<\/section>\r\n\t\t\t\t\t\t<\/div>\r\n\t\t\t\t\t\t<\/div>\r\n\t\t\t\t\t<\/div>\r\n\t\t","protected":false},"excerpt":{"rendered":"<p>Plan de d\u00e9veloppement r\u00e9gional &#8211; Alaotra Mangoro Rapport d&rsquo;\u00e9valuation du march\u00e9 WASH R\u00e9gion Alaotra Mangoro, Atsinanana, Vatovavy Fitovinany EVALUATION COMPLETE DU MARCHE WASH (WASH MARKET ASSESSMENT) VAKINANKARATRA-AMORON\u2019I MANIAHAUTE MATSIATRA T\u00e9l\u00e9chargez le document T\u00e9l\u00e9chargez le document T\u00e9l\u00e9chargez le document<\/p>\n","protected":false},"author":5,"featured_media":0,"parent":0,"menu_order":0,"comment_status":"closed","ping_status":"closed","template":"","meta":{"footnotes":""},"acf":[],"yoast_head":"<!-- This site is optimized with the Yoast SEO plugin v23.5 - https:\/\/yoast.com\/wordpress\/plugins\/seo\/ -->\n<title>Publications et Rapports - RANO WASH<\/title>\n<meta name=\"robots\" content=\"index, follow, max-snippet:-1, max-image-preview:large, max-video-preview:-1\" \/>\n<link rel=\"canonical\" href=\"https:\/\/care.mg\/ranowash\/publications-et-rapports\/\" \/>\n<meta property=\"og:locale\" content=\"fr_FR\" \/>\n<meta property=\"og:type\" content=\"article\" \/>\n<meta property=\"og:title\" content=\"Publications et Rapports - RANO WASH\" \/>\n<meta property=\"og:description\" content=\"Plan de d\u00e9veloppement r\u00e9gional &#8211; Alaotra Mangoro Rapport d&rsquo;\u00e9valuation du march\u00e9 WASH R\u00e9gion Alaotra Mangoro, Atsinanana, Vatovavy Fitovinany EVALUATION COMPLETE DU MARCHE WASH (WASH MARKET ASSESSMENT) VAKINANKARATRA-AMORON\u2019I MANIAHAUTE MATSIATRA T\u00e9l\u00e9chargez le document T\u00e9l\u00e9chargez le document T\u00e9l\u00e9chargez le document\" \/>\n<meta property=\"og:url\" content=\"https:\/\/care.mg\/ranowash\/publications-et-rapports\/\" \/>\n<meta property=\"og:site_name\" content=\"RANO WASH\" \/>\n<meta property=\"article:publisher\" content=\"https:\/\/www.facebook.com\/CAREMadagascar\" \/>\n<meta property=\"article:modified_time\" content=\"2022-01-04T10:29:35+00:00\" \/>\n<meta property=\"og:image\" content=\"https:\/\/care.mg\/ranowash\/wp-content\/uploads\/2021\/11\/PDMW-212x300.jpg\" \/>\n<meta name=\"twitter:card\" content=\"summary_large_image\" \/>\n<meta name=\"twitter:site\" content=\"@CAREMadagascar\" \/>\n<script type=\"application\/ld+json\" class=\"yoast-schema-graph\">{\"@context\":\"https:\/\/schema.org\",\"@graph\":[{\"@type\":\"WebPage\",\"@id\":\"https:\/\/care.mg\/ranowash\/publications-et-rapports\/\",\"url\":\"https:\/\/care.mg\/ranowash\/publications-et-rapports\/\",\"name\":\"Publications et Rapports - RANO WASH\",\"isPartOf\":{\"@id\":\"https:\/\/care.mg\/ranowash\/#website\"},\"primaryImageOfPage\":{\"@id\":\"https:\/\/care.mg\/ranowash\/publications-et-rapports\/#primaryimage\"},\"image\":{\"@id\":\"https:\/\/care.mg\/ranowash\/publications-et-rapports\/#primaryimage\"},\"thumbnailUrl\":\"https:\/\/care.mg\/ranowash\/wp-content\/uploads\/2021\/11\/PDMW-212x300.jpg\",\"datePublished\":\"2021-11-25T08:01:10+00:00\",\"dateModified\":\"2022-01-04T10:29:35+00:00\",\"inLanguage\":\"fr-FR\",\"potentialAction\":[{\"@type\":\"ReadAction\",\"target\":[\"https:\/\/care.mg\/ranowash\/publications-et-rapports\/\"]}]},{\"@type\":\"ImageObject\",\"inLanguage\":\"fr-FR\",\"@id\":\"https:\/\/care.mg\/ranowash\/publications-et-rapports\/#primaryimage\",\"url\":\"https:\/\/care.mg\/ranowash\/wp-content\/uploads\/2021\/11\/PDMW.jpg\",\"contentUrl\":\"https:\/\/care.mg\/ranowash\/wp-content\/uploads\/2021\/11\/PDMW.jpg\",\"width\":913,\"height\":1290},{\"@type\":\"WebSite\",\"@id\":\"https:\/\/care.mg\/ranowash\/#website\",\"url\":\"https:\/\/care.mg\/ranowash\/\",\"name\":\"RANO WASH\",\"description\":\"Rural Access to New Opportunities in Water, Sanitation and Hygiene\",\"publisher\":{\"@id\":\"https:\/\/care.mg\/ranowash\/#organization\"},\"potentialAction\":[{\"@type\":\"SearchAction\",\"target\":{\"@type\":\"EntryPoint\",\"urlTemplate\":\"https:\/\/care.mg\/ranowash\/?s={search_term_string}\"},\"query-input\":{\"@type\":\"PropertyValueSpecification\",\"valueRequired\":true,\"valueName\":\"search_term_string\"}}],\"inLanguage\":\"fr-FR\"},{\"@type\":\"Organization\",\"@id\":\"https:\/\/care.mg\/ranowash\/#organization\",\"name\":\"RANO WASH\",\"url\":\"https:\/\/care.mg\/ranowash\/\",\"logo\":{\"@type\":\"ImageObject\",\"inLanguage\":\"fr-FR\",\"@id\":\"https:\/\/care.mg\/ranowash\/#\/schema\/logo\/image\/\",\"url\":\"https:\/\/care.mg\/ranowash\/wp-content\/uploads\/2022\/08\/logo-mini-usaid-rw.png\",\"contentUrl\":\"https:\/\/care.mg\/ranowash\/wp-content\/uploads\/2022\/08\/logo-mini-usaid-rw.png\",\"width\":470,\"height\":97,\"caption\":\"RANO WASH\"},\"image\":{\"@id\":\"https:\/\/care.mg\/ranowash\/#\/schema\/logo\/image\/\"},\"sameAs\":[\"https:\/\/www.facebook.com\/CAREMadagascar\",\"https:\/\/x.com\/CAREMadagascar\"]}]}<\/script>\n<!-- \/ Yoast SEO plugin. -->","yoast_head_json":{"title":"Publications et Rapports - RANO WASH","robots":{"index":"index","follow":"follow","max-snippet":"max-snippet:-1","max-image-preview":"max-image-preview:large","max-video-preview":"max-video-preview:-1"},"canonical":"https:\/\/care.mg\/ranowash\/publications-et-rapports\/","og_locale":"fr_FR","og_type":"article","og_title":"Publications et Rapports - RANO WASH","og_description":"Plan de d\u00e9veloppement r\u00e9gional &#8211; Alaotra Mangoro Rapport d&rsquo;\u00e9valuation du march\u00e9 WASH R\u00e9gion Alaotra Mangoro, Atsinanana, Vatovavy Fitovinany EVALUATION COMPLETE DU MARCHE WASH (WASH MARKET ASSESSMENT) VAKINANKARATRA-AMORON\u2019I MANIAHAUTE MATSIATRA T\u00e9l\u00e9chargez le document T\u00e9l\u00e9chargez le document T\u00e9l\u00e9chargez le document","og_url":"https:\/\/care.mg\/ranowash\/publications-et-rapports\/","og_site_name":"RANO WASH","article_publisher":"https:\/\/www.facebook.com\/CAREMadagascar","article_modified_time":"2022-01-04T10:29:35+00:00","og_image":[{"url":"https:\/\/care.mg\/ranowash\/wp-content\/uploads\/2021\/11\/PDMW-212x300.jpg"}],"twitter_card":"summary_large_image","twitter_site":"@CAREMadagascar","schema":{"@context":"https:\/\/schema.org","@graph":[{"@type":"WebPage","@id":"https:\/\/care.mg\/ranowash\/publications-et-rapports\/","url":"https:\/\/care.mg\/ranowash\/publications-et-rapports\/","name":"Publications et Rapports - RANO WASH","isPartOf":{"@id":"https:\/\/care.mg\/ranowash\/#website"},"primaryImageOfPage":{"@id":"https:\/\/care.mg\/ranowash\/publications-et-rapports\/#primaryimage"},"image":{"@id":"https:\/\/care.mg\/ranowash\/publications-et-rapports\/#primaryimage"},"thumbnailUrl":"https:\/\/care.mg\/ranowash\/wp-content\/uploads\/2021\/11\/PDMW-212x300.jpg","datePublished":"2021-11-25T08:01:10+00:00","dateModified":"2022-01-04T10:29:35+00:00","inLanguage":"fr-FR","potentialAction":[{"@type":"ReadAction","target":["https:\/\/care.mg\/ranowash\/publications-et-rapports\/"]}]},{"@type":"ImageObject","inLanguage":"fr-FR","@id":"https:\/\/care.mg\/ranowash\/publications-et-rapports\/#primaryimage","url":"https:\/\/care.mg\/ranowash\/wp-content\/uploads\/2021\/11\/PDMW.jpg","contentUrl":"https:\/\/care.mg\/ranowash\/wp-content\/uploads\/2021\/11\/PDMW.jpg","width":913,"height":1290},{"@type":"WebSite","@id":"https:\/\/care.mg\/ranowash\/#website","url":"https:\/\/care.mg\/ranowash\/","name":"RANO WASH","description":"Rural Access to New Opportunities in Water, Sanitation and Hygiene","publisher":{"@id":"https:\/\/care.mg\/ranowash\/#organization"},"potentialAction":[{"@type":"SearchAction","target":{"@type":"EntryPoint","urlTemplate":"https:\/\/care.mg\/ranowash\/?s={search_term_string}"},"query-input":{"@type":"PropertyValueSpecification","valueRequired":true,"valueName":"search_term_string"}}],"inLanguage":"fr-FR"},{"@type":"Organization","@id":"https:\/\/care.mg\/ranowash\/#organization","name":"RANO WASH","url":"https:\/\/care.mg\/ranowash\/","logo":{"@type":"ImageObject","inLanguage":"fr-FR","@id":"https:\/\/care.mg\/ranowash\/#\/schema\/logo\/image\/","url":"https:\/\/care.mg\/ranowash\/wp-content\/uploads\/2022\/08\/logo-mini-usaid-rw.png","contentUrl":"https:\/\/care.mg\/ranowash\/wp-content\/uploads\/2022\/08\/logo-mini-usaid-rw.png","width":470,"height":97,"caption":"RANO WASH"},"image":{"@id":"https:\/\/care.mg\/ranowash\/#\/schema\/logo\/image\/"},"sameAs":["https:\/\/www.facebook.com\/CAREMadagascar","https:\/\/x.com\/CAREMadagascar"]}]}},"_links":{"self":[{"href":"https:\/\/care.mg\/ranowash\/wp-json\/wp\/v2\/pages\/241253"}],"collection":[{"href":"https:\/\/care.mg\/ranowash\/wp-json\/wp\/v2\/pages"}],"about":[{"href":"https:\/\/care.mg\/ranowash\/wp-json\/wp\/v2\/types\/page"}],"author":[{"embeddable":true,"href":"https:\/\/care.mg\/ranowash\/wp-json\/wp\/v2\/users\/5"}],"replies":[{"embeddable":true,"href":"https:\/\/care.mg\/ranowash\/wp-json\/wp\/v2\/comments?post=241253"}],"version-history":[{"count":10,"href":"https:\/\/care.mg\/ranowash\/wp-json\/wp\/v2\/pages\/241253\/revisions"}],"predecessor-version":[{"id":241417,"href":"https:\/\/care.mg\/ranowash\/wp-json\/wp\/v2\/pages\/241253\/revisions\/241417"}],"wp:attachment":[{"href":"https:\/\/care.mg\/ranowash\/wp-json\/wp\/v2\/media?parent=241253"}],"curies":[{"name":"wp","href":"https:\/\/api.w.org\/{rel}","templated":true}]}}