{"id":242515,"date":"2022-08-22T14:24:05","date_gmt":"2022-08-22T12:24:05","guid":{"rendered":"https:\/\/care.mg\/ranowash\/?page_id=242515"},"modified":"2022-08-30T09:24:49","modified_gmt":"2022-08-30T07:24:49","slug":"rano-wash-fy19-quarterly-and-annual-report","status":"publish","type":"page","link":"https:\/\/care.mg\/ranowash\/rano-wash-fy19-quarterly-and-annual-report\/","title":{"rendered":"RANO WASH FY19 Quarterly and Annual Report"},"content":{"rendered":"\t\t<div data-elementor-type=\"wp-page\" data-elementor-id=\"242515\" class=\"elementor elementor-242515\" data-elementor-settings=\"[]\">\r\n\t\t\t\t\t\t<div class=\"elementor-inner\">\r\n\t\t\t\t\t\t\t<div class=\"elementor-section-wrap\">\r\n\t\t\t\t\t\t\t<section class=\"elementor-section elementor-top-section elementor-element elementor-element-7343613b elementor-section-boxed elementor-section-height-default elementor-section-height-default\" data-id=\"7343613b\" data-element_type=\"section\">\r\n\t\t\t\t\t\t<div class=\"elementor-container elementor-column-gap-default\">\r\n\t\t\t\t\t\t\t<div class=\"elementor-row\">\r\n\t\t\t\t\t<div class=\"elementor-column elementor-col-25 elementor-top-column elementor-element elementor-element-7734ee42\" data-id=\"7734ee42\" data-element_type=\"column\">\r\n\t\t\t<div class=\"elementor-column-wrap elementor-element-populated\">\r\n\t\t\t\t\t\t\t<div class=\"elementor-widget-wrap\">\r\n\t\t\t\t\t\t<div class=\"elementor-element elementor-element-18bf5d08 elementor-widget elementor-widget-image\" data-id=\"18bf5d08\" data-element_type=\"widget\" data-widget_type=\"image.default\">\r\n\t\t\t\t<div class=\"elementor-widget-container\">\r\n\t\t\t\t\t<div class=\"elementor-image\">\r\n\t\t\t\t\t\t\t\t\t\t\t<a href=\"https:\/\/care.mg\/ranowash\/rano-wash-fy19-quarterly-and-annual-report-2\/\" target=\"_blank\">\r\n\t\t\t\t\t\t\t<img loading=\"lazy\" decoding=\"async\" width=\"341\" height=\"552\" src=\"https:\/\/care.mg\/ranowash\/wp-content\/uploads\/2022\/08\/RANO-WASH-FY19-Quarterly-and-Annual-Report.jpg\" class=\"attachment-large size-large\" alt=\"\" srcset=\"https:\/\/care.mg\/ranowash\/wp-content\/uploads\/2022\/08\/RANO-WASH-FY19-Quarterly-and-Annual-Report.jpg 341w, https:\/\/care.mg\/ranowash\/wp-content\/uploads\/2022\/08\/RANO-WASH-FY19-Quarterly-and-Annual-Report-185x300.jpg 185w\" sizes=\"(max-width: 341px) 100vw, 341px\" \/>\t\t\t\t\t\t\t\t<\/a>\r\n\t\t\t\t\t\t\t\t\t\t\t<\/div>\r\n\t\t\t\t<\/div>\r\n\t\t\t\t<\/div>\r\n\t\t\t\t<div class=\"elementor-element elementor-element-1bcaf11f elementor-widget elementor-widget-text-editor\" data-id=\"1bcaf11f\" data-element_type=\"widget\" data-widget_type=\"text-editor.default\">\r\n\t\t\t\t<div class=\"elementor-widget-container\">\r\n\t\t\t\t\t<div class=\"elementor-text-editor elementor-clearfix\"><p style=\"text-align: center;\"><strong>RANO WASH FY19 Quarterly and Annual Report<\/strong><\/p><\/div>\r\n\t\t\t\t<\/div>\r\n\t\t\t\t<\/div>\r\n\t\t\t\t<div class=\"elementor-element elementor-element-4e238 elementor-button-info elementor-align-center elementor-widget elementor-widget-button\" data-id=\"4e238\" data-element_type=\"widget\" data-widget_type=\"button.default\">\r\n\t\t\t\t<div class=\"elementor-widget-container\">\r\n\t\t\t\t\t<div class=\"elementor-button-wrapper\">\r\n\t\t\t<a href=\"https:\/\/care.mg\/ranowash\/rano-wash-fy19-quarterly-and-annual-report-2\/\" target=\"_blank\" class=\"elementor-button-link elementor-button elementor-size-xs\" role=\"button\">\r\n\t\t\t\t\t\t<span class=\"elementor-button-content-wrapper\">\r\n\t\t\t\t\t\t<span class=\"elementor-button-icon elementor-align-icon-left\">\r\n\t\t\t\t<i aria-hidden=\"true\" class=\"fas fa-file-download\"><\/i>\t\t\t<\/span>\r\n\t\t\t\t\t\t<span class=\"elementor-button-text\">T\u00e9l\u00e9charger le document<\/span>\r\n\t\t<\/span>\r\n\t\t\t\t\t<\/a>\r\n\t\t<\/div>\r\n\t\t\t\t<\/div>\r\n\t\t\t\t<\/div>\r\n\t\t\t\t\t\t<\/div>\r\n\t\t\t\t\t<\/div>\r\n\t\t<\/div>\r\n\t\t\t\t<div class=\"elementor-column elementor-col-25 elementor-top-column elementor-element elementor-element-e88b5e4\" data-id=\"e88b5e4\" data-element_type=\"column\">\r\n\t\t\t<div class=\"elementor-column-wrap elementor-element-populated\">\r\n\t\t\t\t\t\t\t<div class=\"elementor-widget-wrap\">\r\n\t\t\t\t\t\t<div class=\"elementor-element elementor-element-3ce2173 elementor-widget elementor-widget-image\" data-id=\"3ce2173\" data-element_type=\"widget\" data-widget_type=\"image.default\">\r\n\t\t\t\t<div class=\"elementor-widget-container\">\r\n\t\t\t\t\t<div class=\"elementor-image\">\r\n\t\t\t\t\t\t\t\t\t\t\t<a href=\"https:\/\/care.mg\/ranowash\/rano-wash-q1-fy2019-quarterly-report\/\" target=\"_blank\">\r\n\t\t\t\t\t\t\t<img loading=\"lazy\" decoding=\"async\" width=\"341\" height=\"552\" src=\"https:\/\/care.mg\/ranowash\/wp-content\/uploads\/2022\/08\/RANO-WASH-Q1-FY2019-Quarterly-Report.jpg\" class=\"attachment-large size-large\" alt=\"\" srcset=\"https:\/\/care.mg\/ranowash\/wp-content\/uploads\/2022\/08\/RANO-WASH-Q1-FY2019-Quarterly-Report.jpg 341w, https:\/\/care.mg\/ranowash\/wp-content\/uploads\/2022\/08\/RANO-WASH-Q1-FY2019-Quarterly-Report-185x300.jpg 185w\" sizes=\"(max-width: 341px) 100vw, 341px\" \/>\t\t\t\t\t\t\t\t<\/a>\r\n\t\t\t\t\t\t\t\t\t\t\t<\/div>\r\n\t\t\t\t<\/div>\r\n\t\t\t\t<\/div>\r\n\t\t\t\t<div class=\"elementor-element elementor-element-073bc7a elementor-widget elementor-widget-text-editor\" data-id=\"073bc7a\" data-element_type=\"widget\" data-widget_type=\"text-editor.default\">\r\n\t\t\t\t<div class=\"elementor-widget-container\">\r\n\t\t\t\t\t<div class=\"elementor-text-editor elementor-clearfix\"><p style=\"text-align: center;\"><strong>RANO WASH Q1 FY2019 Quarterly Report<\/strong><\/p><\/div>\r\n\t\t\t\t<\/div>\r\n\t\t\t\t<\/div>\r\n\t\t\t\t<div class=\"elementor-element elementor-element-6bedd8a elementor-button-info elementor-align-center elementor-widget elementor-widget-button\" data-id=\"6bedd8a\" data-element_type=\"widget\" data-widget_type=\"button.default\">\r\n\t\t\t\t<div class=\"elementor-widget-container\">\r\n\t\t\t\t\t<div class=\"elementor-button-wrapper\">\r\n\t\t\t<a href=\"https:\/\/care.mg\/ranowash\/rano-wash-q1-fy2019-quarterly-report\/\" target=\"_blank\" class=\"elementor-button-link elementor-button elementor-size-xs\" role=\"button\">\r\n\t\t\t\t\t\t<span class=\"elementor-button-content-wrapper\">\r\n\t\t\t\t\t\t<span class=\"elementor-button-icon elementor-align-icon-left\">\r\n\t\t\t\t<i aria-hidden=\"true\" class=\"fas fa-file-download\"><\/i>\t\t\t<\/span>\r\n\t\t\t\t\t\t<span class=\"elementor-button-text\">T\u00e9l\u00e9charger le document<\/span>\r\n\t\t<\/span>\r\n\t\t\t\t\t<\/a>\r\n\t\t<\/div>\r\n\t\t\t\t<\/div>\r\n\t\t\t\t<\/div>\r\n\t\t\t\t\t\t<\/div>\r\n\t\t\t\t\t<\/div>\r\n\t\t<\/div>\r\n\t\t\t\t<div class=\"elementor-column elementor-col-25 elementor-top-column elementor-element elementor-element-15f30a8a\" data-id=\"15f30a8a\" data-element_type=\"column\" data-settings=\"{&quot;background_background&quot;:&quot;classic&quot;}\">\r\n\t\t\t<div class=\"elementor-column-wrap elementor-element-populated\">\r\n\t\t\t\t\t\t\t<div class=\"elementor-widget-wrap\">\r\n\t\t\t\t\t\t<div class=\"elementor-element elementor-element-4d9ad5e5 elementor-widget elementor-widget-image\" data-id=\"4d9ad5e5\" data-element_type=\"widget\" data-widget_type=\"image.default\">\r\n\t\t\t\t<div class=\"elementor-widget-container\">\r\n\t\t\t\t\t<div class=\"elementor-image\">\r\n\t\t\t\t\t\t\t\t\t\t\t<a href=\"https:\/\/care.mg\/ranowash\/rano-wash-q2-fy2019-quarterly-report\/\" target=\"_blank\">\r\n\t\t\t\t\t\t\t<img loading=\"lazy\" decoding=\"async\" width=\"341\" height=\"552\" src=\"https:\/\/care.mg\/ranowash\/wp-content\/uploads\/2022\/08\/RANO-WASH-Q2-FY2019-Quarterly-Report.jpg\" class=\"attachment-large size-large\" alt=\"\" srcset=\"https:\/\/care.mg\/ranowash\/wp-content\/uploads\/2022\/08\/RANO-WASH-Q2-FY2019-Quarterly-Report.jpg 341w, https:\/\/care.mg\/ranowash\/wp-content\/uploads\/2022\/08\/RANO-WASH-Q2-FY2019-Quarterly-Report-185x300.jpg 185w\" sizes=\"(max-width: 341px) 100vw, 341px\" \/>\t\t\t\t\t\t\t\t<\/a>\r\n\t\t\t\t\t\t\t\t\t\t\t<\/div>\r\n\t\t\t\t<\/div>\r\n\t\t\t\t<\/div>\r\n\t\t\t\t<div class=\"elementor-element elementor-element-5c10cddf elementor-widget elementor-widget-text-editor\" data-id=\"5c10cddf\" data-element_type=\"widget\" data-widget_type=\"text-editor.default\">\r\n\t\t\t\t<div class=\"elementor-widget-container\">\r\n\t\t\t\t\t<div class=\"elementor-text-editor elementor-clearfix\"><p style=\"text-align: center;\"><strong>RANO WASH Q2 FY2019 Quarterly Report<\/strong><\/p><\/div>\r\n\t\t\t\t<\/div>\r\n\t\t\t\t<\/div>\r\n\t\t\t\t<div class=\"elementor-element elementor-element-5a087cd9 elementor-button-info elementor-align-center elementor-widget elementor-widget-button\" data-id=\"5a087cd9\" data-element_type=\"widget\" data-widget_type=\"button.default\">\r\n\t\t\t\t<div class=\"elementor-widget-container\">\r\n\t\t\t\t\t<div class=\"elementor-button-wrapper\">\r\n\t\t\t<a href=\"https:\/\/care.mg\/ranowash\/rano-wash-q2-fy2019-quarterly-report\/\" target=\"_blank\" class=\"elementor-button-link elementor-button elementor-size-xs\" role=\"button\">\r\n\t\t\t\t\t\t<span class=\"elementor-button-content-wrapper\">\r\n\t\t\t\t\t\t<span class=\"elementor-button-icon elementor-align-icon-left\">\r\n\t\t\t\t<i aria-hidden=\"true\" class=\"fas fa-file-download\"><\/i>\t\t\t<\/span>\r\n\t\t\t\t\t\t<span class=\"elementor-button-text\">T\u00e9l\u00e9charger le document<\/span>\r\n\t\t<\/span>\r\n\t\t\t\t\t<\/a>\r\n\t\t<\/div>\r\n\t\t\t\t<\/div>\r\n\t\t\t\t<\/div>\r\n\t\t\t\t\t\t<\/div>\r\n\t\t\t\t\t<\/div>\r\n\t\t<\/div>\r\n\t\t\t\t<div class=\"elementor-column elementor-col-25 elementor-top-column elementor-element elementor-element-1fbf7581\" data-id=\"1fbf7581\" data-element_type=\"column\">\r\n\t\t\t<div class=\"elementor-column-wrap elementor-element-populated\">\r\n\t\t\t\t\t\t\t<div class=\"elementor-widget-wrap\">\r\n\t\t\t\t\t\t<div class=\"elementor-element elementor-element-7d367cec elementor-widget elementor-widget-image\" data-id=\"7d367cec\" data-element_type=\"widget\" data-widget_type=\"image.default\">\r\n\t\t\t\t<div class=\"elementor-widget-container\">\r\n\t\t\t\t\t<div class=\"elementor-image\">\r\n\t\t\t\t\t\t\t\t\t\t\t<a href=\"https:\/\/care.mg\/ranowash\/rano-wash-q3-fy2019-quarterly-report\/\" target=\"_blank\">\r\n\t\t\t\t\t\t\t<img loading=\"lazy\" decoding=\"async\" width=\"341\" height=\"552\" src=\"https:\/\/care.mg\/ranowash\/wp-content\/uploads\/2022\/08\/RANO-WASH-Q3-FY2019-Quarterly-Report.jpg\" class=\"attachment-large size-large\" alt=\"\" srcset=\"https:\/\/care.mg\/ranowash\/wp-content\/uploads\/2022\/08\/RANO-WASH-Q3-FY2019-Quarterly-Report.jpg 341w, https:\/\/care.mg\/ranowash\/wp-content\/uploads\/2022\/08\/RANO-WASH-Q3-FY2019-Quarterly-Report-185x300.jpg 185w\" sizes=\"(max-width: 341px) 100vw, 341px\" \/>\t\t\t\t\t\t\t\t<\/a>\r\n\t\t\t\t\t\t\t\t\t\t\t<\/div>\r\n\t\t\t\t<\/div>\r\n\t\t\t\t<\/div>\r\n\t\t\t\t<div class=\"elementor-element elementor-element-3f91753 elementor-widget elementor-widget-text-editor\" data-id=\"3f91753\" data-element_type=\"widget\" data-widget_type=\"text-editor.default\">\r\n\t\t\t\t<div class=\"elementor-widget-container\">\r\n\t\t\t\t\t<div class=\"elementor-text-editor elementor-clearfix\"><p style=\"text-align: center;\"><strong>RANO WASH Q3 FY2019 Quarterly Report<\/strong><\/p><\/div>\r\n\t\t\t\t<\/div>\r\n\t\t\t\t<\/div>\r\n\t\t\t\t<div class=\"elementor-element elementor-element-133a1a60 elementor-button-info elementor-align-center elementor-widget elementor-widget-button\" data-id=\"133a1a60\" data-element_type=\"widget\" data-widget_type=\"button.default\">\r\n\t\t\t\t<div class=\"elementor-widget-container\">\r\n\t\t\t\t\t<div class=\"elementor-button-wrapper\">\r\n\t\t\t<a href=\"https:\/\/care.mg\/ranowash\/rano-wash-q3-fy2019-quarterly-report\/\" target=\"_blank\" class=\"elementor-button-link elementor-button elementor-size-xs\" role=\"button\">\r\n\t\t\t\t\t\t<span class=\"elementor-button-content-wrapper\">\r\n\t\t\t\t\t\t<span class=\"elementor-button-icon elementor-align-icon-left\">\r\n\t\t\t\t<i aria-hidden=\"true\" class=\"fas fa-file-download\"><\/i>\t\t\t<\/span>\r\n\t\t\t\t\t\t<span class=\"elementor-button-text\">T\u00e9l\u00e9charger le document<\/span>\r\n\t\t<\/span>\r\n\t\t\t\t\t<\/a>\r\n\t\t<\/div>\r\n\t\t\t\t<\/div>\r\n\t\t\t\t<\/div>\r\n\t\t\t\t\t\t<\/div>\r\n\t\t\t\t\t<\/div>\r\n\t\t<\/div>\r\n\t\t\t\t\t\t\t\t<\/div>\r\n\t\t\t\t\t<\/div>\r\n\t\t<\/section>\r\n\t\t\t\t\t\t<\/div>\r\n\t\t\t\t\t\t<\/div>\r\n\t\t\t\t\t<\/div>\r\n\t\t","protected":false},"excerpt":{"rendered":"<p>RANO WASH FY19 Quarterly and Annual Report T\u00e9l\u00e9charger le document RANO WASH Q1 FY2019 Quarterly Report T\u00e9l\u00e9charger le document RANO WASH Q2 FY2019 Quarterly Report T\u00e9l\u00e9charger le document RANO WASH Q3 FY2019 Quarterly Report T\u00e9l\u00e9charger le document<\/p>\n","protected":false},"author":5,"featured_media":0,"parent":0,"menu_order":0,"comment_status":"closed","ping_status":"closed","template":"","meta":{"footnotes":""},"acf":[],"yoast_head":"<!-- This site is optimized with the Yoast SEO plugin v23.5 - https:\/\/yoast.com\/wordpress\/plugins\/seo\/ -->\n<title>RANO WASH FY19 Quarterly and Annual Report - RANO WASH<\/title>\n<meta name=\"robots\" content=\"index, follow, max-snippet:-1, max-image-preview:large, max-video-preview:-1\" \/>\n<link rel=\"canonical\" href=\"https:\/\/care.mg\/ranowash\/rano-wash-fy19-quarterly-and-annual-report\/\" \/>\n<meta property=\"og:locale\" content=\"fr_FR\" \/>\n<meta property=\"og:type\" content=\"article\" \/>\n<meta property=\"og:title\" content=\"RANO WASH FY19 Quarterly and Annual Report - RANO WASH\" \/>\n<meta property=\"og:description\" content=\"RANO WASH FY19 Quarterly and Annual Report T\u00e9l\u00e9charger le document RANO WASH Q1 FY2019 Quarterly Report T\u00e9l\u00e9charger le document RANO WASH Q2 FY2019 Quarterly Report T\u00e9l\u00e9charger le document RANO WASH Q3 FY2019 Quarterly Report T\u00e9l\u00e9charger le document\" \/>\n<meta property=\"og:url\" content=\"https:\/\/care.mg\/ranowash\/rano-wash-fy19-quarterly-and-annual-report\/\" \/>\n<meta property=\"og:site_name\" content=\"RANO WASH\" \/>\n<meta property=\"article:publisher\" content=\"https:\/\/www.facebook.com\/CAREMadagascar\" \/>\n<meta property=\"article:modified_time\" content=\"2022-08-30T07:24:49+00:00\" \/>\n<meta property=\"og:image\" content=\"https:\/\/care.mg\/ranowash\/wp-content\/uploads\/2022\/08\/RANO-WASH-FY19-Quarterly-and-Annual-Report.jpg\" \/>\n<meta name=\"twitter:card\" content=\"summary_large_image\" \/>\n<meta name=\"twitter:site\" content=\"@CAREMadagascar\" \/>\n<script type=\"application\/ld+json\" class=\"yoast-schema-graph\">{\"@context\":\"https:\/\/schema.org\",\"@graph\":[{\"@type\":\"WebPage\",\"@id\":\"https:\/\/care.mg\/ranowash\/rano-wash-fy19-quarterly-and-annual-report\/\",\"url\":\"https:\/\/care.mg\/ranowash\/rano-wash-fy19-quarterly-and-annual-report\/\",\"name\":\"RANO WASH FY19 Quarterly and Annual Report - RANO WASH\",\"isPartOf\":{\"@id\":\"https:\/\/care.mg\/ranowash\/#website\"},\"primaryImageOfPage\":{\"@id\":\"https:\/\/care.mg\/ranowash\/rano-wash-fy19-quarterly-and-annual-report\/#primaryimage\"},\"image\":{\"@id\":\"https:\/\/care.mg\/ranowash\/rano-wash-fy19-quarterly-and-annual-report\/#primaryimage\"},\"thumbnailUrl\":\"https:\/\/care.mg\/ranowash\/wp-content\/uploads\/2022\/08\/RANO-WASH-FY19-Quarterly-and-Annual-Report.jpg\",\"datePublished\":\"2022-08-22T12:24:05+00:00\",\"dateModified\":\"2022-08-30T07:24:49+00:00\",\"inLanguage\":\"fr-FR\",\"potentialAction\":[{\"@type\":\"ReadAction\",\"target\":[\"https:\/\/care.mg\/ranowash\/rano-wash-fy19-quarterly-and-annual-report\/\"]}]},{\"@type\":\"ImageObject\",\"inLanguage\":\"fr-FR\",\"@id\":\"https:\/\/care.mg\/ranowash\/rano-wash-fy19-quarterly-and-annual-report\/#primaryimage\",\"url\":\"https:\/\/care.mg\/ranowash\/wp-content\/uploads\/2022\/08\/RANO-WASH-FY19-Quarterly-and-Annual-Report.jpg\",\"contentUrl\":\"https:\/\/care.mg\/ranowash\/wp-content\/uploads\/2022\/08\/RANO-WASH-FY19-Quarterly-and-Annual-Report.jpg\",\"width\":341,\"height\":552},{\"@type\":\"WebSite\",\"@id\":\"https:\/\/care.mg\/ranowash\/#website\",\"url\":\"https:\/\/care.mg\/ranowash\/\",\"name\":\"RANO WASH\",\"description\":\"Rural Access to New Opportunities in Water, Sanitation and Hygiene\",\"publisher\":{\"@id\":\"https:\/\/care.mg\/ranowash\/#organization\"},\"potentialAction\":[{\"@type\":\"SearchAction\",\"target\":{\"@type\":\"EntryPoint\",\"urlTemplate\":\"https:\/\/care.mg\/ranowash\/?s={search_term_string}\"},\"query-input\":{\"@type\":\"PropertyValueSpecification\",\"valueRequired\":true,\"valueName\":\"search_term_string\"}}],\"inLanguage\":\"fr-FR\"},{\"@type\":\"Organization\",\"@id\":\"https:\/\/care.mg\/ranowash\/#organization\",\"name\":\"RANO WASH\",\"url\":\"https:\/\/care.mg\/ranowash\/\",\"logo\":{\"@type\":\"ImageObject\",\"inLanguage\":\"fr-FR\",\"@id\":\"https:\/\/care.mg\/ranowash\/#\/schema\/logo\/image\/\",\"url\":\"https:\/\/care.mg\/ranowash\/wp-content\/uploads\/2022\/08\/logo-mini-usaid-rw.png\",\"contentUrl\":\"https:\/\/care.mg\/ranowash\/wp-content\/uploads\/2022\/08\/logo-mini-usaid-rw.png\",\"width\":470,\"height\":97,\"caption\":\"RANO WASH\"},\"image\":{\"@id\":\"https:\/\/care.mg\/ranowash\/#\/schema\/logo\/image\/\"},\"sameAs\":[\"https:\/\/www.facebook.com\/CAREMadagascar\",\"https:\/\/x.com\/CAREMadagascar\"]}]}<\/script>\n<!-- \/ Yoast SEO plugin. -->","yoast_head_json":{"title":"RANO WASH FY19 Quarterly and Annual Report - RANO WASH","robots":{"index":"index","follow":"follow","max-snippet":"max-snippet:-1","max-image-preview":"max-image-preview:large","max-video-preview":"max-video-preview:-1"},"canonical":"https:\/\/care.mg\/ranowash\/rano-wash-fy19-quarterly-and-annual-report\/","og_locale":"fr_FR","og_type":"article","og_title":"RANO WASH FY19 Quarterly and Annual Report - RANO WASH","og_description":"RANO WASH FY19 Quarterly and Annual Report T\u00e9l\u00e9charger le document RANO WASH Q1 FY2019 Quarterly Report T\u00e9l\u00e9charger le document RANO WASH Q2 FY2019 Quarterly Report T\u00e9l\u00e9charger le document RANO WASH Q3 FY2019 Quarterly Report T\u00e9l\u00e9charger le document","og_url":"https:\/\/care.mg\/ranowash\/rano-wash-fy19-quarterly-and-annual-report\/","og_site_name":"RANO WASH","article_publisher":"https:\/\/www.facebook.com\/CAREMadagascar","article_modified_time":"2022-08-30T07:24:49+00:00","og_image":[{"url":"https:\/\/care.mg\/ranowash\/wp-content\/uploads\/2022\/08\/RANO-WASH-FY19-Quarterly-and-Annual-Report.jpg"}],"twitter_card":"summary_large_image","twitter_site":"@CAREMadagascar","schema":{"@context":"https:\/\/schema.org","@graph":[{"@type":"WebPage","@id":"https:\/\/care.mg\/ranowash\/rano-wash-fy19-quarterly-and-annual-report\/","url":"https:\/\/care.mg\/ranowash\/rano-wash-fy19-quarterly-and-annual-report\/","name":"RANO WASH FY19 Quarterly and Annual Report - RANO WASH","isPartOf":{"@id":"https:\/\/care.mg\/ranowash\/#website"},"primaryImageOfPage":{"@id":"https:\/\/care.mg\/ranowash\/rano-wash-fy19-quarterly-and-annual-report\/#primaryimage"},"image":{"@id":"https:\/\/care.mg\/ranowash\/rano-wash-fy19-quarterly-and-annual-report\/#primaryimage"},"thumbnailUrl":"https:\/\/care.mg\/ranowash\/wp-content\/uploads\/2022\/08\/RANO-WASH-FY19-Quarterly-and-Annual-Report.jpg","datePublished":"2022-08-22T12:24:05+00:00","dateModified":"2022-08-30T07:24:49+00:00","inLanguage":"fr-FR","potentialAction":[{"@type":"ReadAction","target":["https:\/\/care.mg\/ranowash\/rano-wash-fy19-quarterly-and-annual-report\/"]}]},{"@type":"ImageObject","inLanguage":"fr-FR","@id":"https:\/\/care.mg\/ranowash\/rano-wash-fy19-quarterly-and-annual-report\/#primaryimage","url":"https:\/\/care.mg\/ranowash\/wp-content\/uploads\/2022\/08\/RANO-WASH-FY19-Quarterly-and-Annual-Report.jpg","contentUrl":"https:\/\/care.mg\/ranowash\/wp-content\/uploads\/2022\/08\/RANO-WASH-FY19-Quarterly-and-Annual-Report.jpg","width":341,"height":552},{"@type":"WebSite","@id":"https:\/\/care.mg\/ranowash\/#website","url":"https:\/\/care.mg\/ranowash\/","name":"RANO WASH","description":"Rural Access to New Opportunities in Water, Sanitation and Hygiene","publisher":{"@id":"https:\/\/care.mg\/ranowash\/#organization"},"potentialAction":[{"@type":"SearchAction","target":{"@type":"EntryPoint","urlTemplate":"https:\/\/care.mg\/ranowash\/?s={search_term_string}"},"query-input":{"@type":"PropertyValueSpecification","valueRequired":true,"valueName":"search_term_string"}}],"inLanguage":"fr-FR"},{"@type":"Organization","@id":"https:\/\/care.mg\/ranowash\/#organization","name":"RANO WASH","url":"https:\/\/care.mg\/ranowash\/","logo":{"@type":"ImageObject","inLanguage":"fr-FR","@id":"https:\/\/care.mg\/ranowash\/#\/schema\/logo\/image\/","url":"https:\/\/care.mg\/ranowash\/wp-content\/uploads\/2022\/08\/logo-mini-usaid-rw.png","contentUrl":"https:\/\/care.mg\/ranowash\/wp-content\/uploads\/2022\/08\/logo-mini-usaid-rw.png","width":470,"height":97,"caption":"RANO WASH"},"image":{"@id":"https:\/\/care.mg\/ranowash\/#\/schema\/logo\/image\/"},"sameAs":["https:\/\/www.facebook.com\/CAREMadagascar","https:\/\/x.com\/CAREMadagascar"]}]}},"_links":{"self":[{"href":"https:\/\/care.mg\/ranowash\/wp-json\/wp\/v2\/pages\/242515"}],"collection":[{"href":"https:\/\/care.mg\/ranowash\/wp-json\/wp\/v2\/pages"}],"about":[{"href":"https:\/\/care.mg\/ranowash\/wp-json\/wp\/v2\/types\/page"}],"author":[{"embeddable":true,"href":"https:\/\/care.mg\/ranowash\/wp-json\/wp\/v2\/users\/5"}],"replies":[{"embeddable":true,"href":"https:\/\/care.mg\/ranowash\/wp-json\/wp\/v2\/comments?post=242515"}],"version-history":[{"count":46,"href":"https:\/\/care.mg\/ranowash\/wp-json\/wp\/v2\/pages\/242515\/revisions"}],"predecessor-version":[{"id":242750,"href":"https:\/\/care.mg\/ranowash\/wp-json\/wp\/v2\/pages\/242515\/revisions\/242750"}],"wp:attachment":[{"href":"https:\/\/care.mg\/ranowash\/wp-json\/wp\/v2\/media?parent=242515"}],"curies":[{"name":"wp","href":"https:\/\/api.w.org\/{rel}","templated":true}]}}