{"id":243153,"date":"2023-02-21T14:13:38","date_gmt":"2023-02-21T13:13:38","guid":{"rendered":"https:\/\/care.mg\/ranowash\/?page_id=243153"},"modified":"2023-02-21T15:56:14","modified_gmt":"2023-02-21T14:56:14","slug":"rano-wash-fy20-quarterly-and-annual-report-2","status":"publish","type":"page","link":"https:\/\/care.mg\/ranowash\/rano-wash-fy20-quarterly-and-annual-report-2\/","title":{"rendered":"RANO WASH FY20 Quarterly and Annual Report"},"content":{"rendered":"\t\t<div data-elementor-type=\"wp-page\" data-elementor-id=\"243153\" class=\"elementor elementor-243153\" data-elementor-settings=\"[]\">\r\n\t\t\t\t\t\t<div class=\"elementor-inner\">\r\n\t\t\t\t\t\t\t<div class=\"elementor-section-wrap\">\r\n\t\t\t\t\t\t\t<section class=\"elementor-section elementor-top-section elementor-element elementor-element-4ce3dfb elementor-section-boxed elementor-section-height-default elementor-section-height-default\" data-id=\"4ce3dfb\" data-element_type=\"section\">\r\n\t\t\t\t\t\t<div class=\"elementor-container elementor-column-gap-default\">\r\n\t\t\t\t\t\t\t<div class=\"elementor-row\">\r\n\t\t\t\t\t<div class=\"elementor-column elementor-col-25 elementor-top-column elementor-element elementor-element-d311421\" data-id=\"d311421\" data-element_type=\"column\">\r\n\t\t\t<div class=\"elementor-column-wrap elementor-element-populated\">\r\n\t\t\t\t\t\t\t<div class=\"elementor-widget-wrap\">\r\n\t\t\t\t\t\t<div class=\"elementor-element elementor-element-30422f5 elementor-widget elementor-widget-image\" data-id=\"30422f5\" data-element_type=\"widget\" data-widget_type=\"image.default\">\r\n\t\t\t\t<div class=\"elementor-widget-container\">\r\n\t\t\t\t\t<div class=\"elementor-image\">\r\n\t\t\t\t\t\t\t\t\t\t\t<a href=\"https:\/\/care.mg\/ranowash\/rano-wash-q1-fy2020-quarterly-report\/\">\r\n\t\t\t\t\t\t\t<img loading=\"lazy\" decoding=\"async\" width=\"453\" height=\"645\" src=\"https:\/\/care.mg\/ranowash\/wp-content\/uploads\/2023\/02\/RANO-WASH-Q1-FY2020-Quarterly-Report-1.jpg\" class=\"attachment-large size-large\" alt=\"\" srcset=\"https:\/\/care.mg\/ranowash\/wp-content\/uploads\/2023\/02\/RANO-WASH-Q1-FY2020-Quarterly-Report-1.jpg 453w, https:\/\/care.mg\/ranowash\/wp-content\/uploads\/2023\/02\/RANO-WASH-Q1-FY2020-Quarterly-Report-1-211x300.jpg 211w\" sizes=\"(max-width: 453px) 100vw, 453px\" \/>\t\t\t\t\t\t\t\t<\/a>\r\n\t\t\t\t\t\t\t\t\t\t\t<\/div>\r\n\t\t\t\t<\/div>\r\n\t\t\t\t<\/div>\r\n\t\t\t\t<div class=\"elementor-element elementor-element-eeefa41 elementor-widget elementor-widget-text-editor\" data-id=\"eeefa41\" data-element_type=\"widget\" data-widget_type=\"text-editor.default\">\r\n\t\t\t\t<div class=\"elementor-widget-container\">\r\n\t\t\t\t\t<div class=\"elementor-text-editor elementor-clearfix\"><p style=\"text-align: center;\"><strong>RANO WASH Q1 <\/strong><strong>FY2020<\/strong><\/p><p style=\"text-align: center;\"><strong> Quarterly Report<\/strong><\/p><\/div>\r\n\t\t\t\t<\/div>\r\n\t\t\t\t<\/div>\r\n\t\t\t\t<div class=\"elementor-element elementor-element-42f69f3 elementor-button-info elementor-align-center elementor-widget elementor-widget-button\" data-id=\"42f69f3\" data-element_type=\"widget\" data-widget_type=\"button.default\">\r\n\t\t\t\t<div class=\"elementor-widget-container\">\r\n\t\t\t\t\t<div class=\"elementor-button-wrapper\">\r\n\t\t\t<a href=\"https:\/\/care.mg\/ranowash\/rano-wash-q1-fy2020-quarterly-report\/\" class=\"elementor-button-link elementor-button elementor-size-sm\" role=\"button\">\r\n\t\t\t\t\t\t<span class=\"elementor-button-content-wrapper\">\r\n\t\t\t\t\t\t<span class=\"elementor-button-icon elementor-align-icon-left\">\r\n\t\t\t\t<i aria-hidden=\"true\" class=\"fas fa-file-download\"><\/i>\t\t\t<\/span>\r\n\t\t\t\t\t\t<span class=\"elementor-button-text\">T\u00e9l\u00e9charger le document<\/span>\r\n\t\t<\/span>\r\n\t\t\t\t\t<\/a>\r\n\t\t<\/div>\r\n\t\t\t\t<\/div>\r\n\t\t\t\t<\/div>\r\n\t\t\t\t\t\t<\/div>\r\n\t\t\t\t\t<\/div>\r\n\t\t<\/div>\r\n\t\t\t\t<div class=\"elementor-column elementor-col-25 elementor-top-column elementor-element elementor-element-d6957d4\" data-id=\"d6957d4\" data-element_type=\"column\">\r\n\t\t\t<div class=\"elementor-column-wrap elementor-element-populated\">\r\n\t\t\t\t\t\t\t<div class=\"elementor-widget-wrap\">\r\n\t\t\t\t\t\t<div class=\"elementor-element elementor-element-66d74e9 elementor-widget elementor-widget-image\" data-id=\"66d74e9\" data-element_type=\"widget\" data-widget_type=\"image.default\">\r\n\t\t\t\t<div class=\"elementor-widget-container\">\r\n\t\t\t\t\t<div class=\"elementor-image\">\r\n\t\t\t\t\t\t\t\t\t\t\t<a href=\"https:\/\/care.mg\/ranowash\/rano-wash-q2-2020-revised-report\/\">\r\n\t\t\t\t\t\t\t<img loading=\"lazy\" decoding=\"async\" width=\"453\" height=\"646\" src=\"https:\/\/care.mg\/ranowash\/wp-content\/uploads\/2023\/02\/RANO-WASH-Q2.jpg\" class=\"attachment-large size-large\" alt=\"\" srcset=\"https:\/\/care.mg\/ranowash\/wp-content\/uploads\/2023\/02\/RANO-WASH-Q2.jpg 453w, https:\/\/care.mg\/ranowash\/wp-content\/uploads\/2023\/02\/RANO-WASH-Q2-210x300.jpg 210w\" sizes=\"(max-width: 453px) 100vw, 453px\" \/>\t\t\t\t\t\t\t\t<\/a>\r\n\t\t\t\t\t\t\t\t\t\t\t<\/div>\r\n\t\t\t\t<\/div>\r\n\t\t\t\t<\/div>\r\n\t\t\t\t<div class=\"elementor-element elementor-element-4242397 elementor-widget elementor-widget-text-editor\" data-id=\"4242397\" data-element_type=\"widget\" data-widget_type=\"text-editor.default\">\r\n\t\t\t\t<div class=\"elementor-widget-container\">\r\n\t\t\t\t\t<div class=\"elementor-text-editor elementor-clearfix\"><p style=\"text-align: center;\"><strong>RANO WASH Q2 2020 <\/strong><\/p><p style=\"text-align: center;\"><strong>Revised Report<\/strong><\/p><\/div>\r\n\t\t\t\t<\/div>\r\n\t\t\t\t<\/div>\r\n\t\t\t\t<div class=\"elementor-element elementor-element-b13a571 elementor-button-info elementor-align-center elementor-widget elementor-widget-button\" data-id=\"b13a571\" data-element_type=\"widget\" data-widget_type=\"button.default\">\r\n\t\t\t\t<div class=\"elementor-widget-container\">\r\n\t\t\t\t\t<div class=\"elementor-button-wrapper\">\r\n\t\t\t<a href=\"https:\/\/care.mg\/ranowash\/rano-wash-q2-2020-revised-report\/\" class=\"elementor-button-link elementor-button elementor-size-sm\" role=\"button\">\r\n\t\t\t\t\t\t<span class=\"elementor-button-content-wrapper\">\r\n\t\t\t\t\t\t<span class=\"elementor-button-icon elementor-align-icon-left\">\r\n\t\t\t\t<i aria-hidden=\"true\" class=\"fas fa-file-download\"><\/i>\t\t\t<\/span>\r\n\t\t\t\t\t\t<span class=\"elementor-button-text\">T\u00e9l\u00e9charger le document<\/span>\r\n\t\t<\/span>\r\n\t\t\t\t\t<\/a>\r\n\t\t<\/div>\r\n\t\t\t\t<\/div>\r\n\t\t\t\t<\/div>\r\n\t\t\t\t\t\t<\/div>\r\n\t\t\t\t\t<\/div>\r\n\t\t<\/div>\r\n\t\t\t\t<div class=\"elementor-column elementor-col-25 elementor-top-column elementor-element elementor-element-e6cd3c1\" data-id=\"e6cd3c1\" data-element_type=\"column\">\r\n\t\t\t<div class=\"elementor-column-wrap elementor-element-populated\">\r\n\t\t\t\t\t\t\t<div class=\"elementor-widget-wrap\">\r\n\t\t\t\t\t\t<div class=\"elementor-element elementor-element-9c0da5b elementor-widget elementor-widget-image\" data-id=\"9c0da5b\" data-element_type=\"widget\" data-widget_type=\"image.default\">\r\n\t\t\t\t<div class=\"elementor-widget-container\">\r\n\t\t\t\t\t<div class=\"elementor-image\">\r\n\t\t\t\t\t\t\t\t\t\t\t<a href=\"https:\/\/care.mg\/ranowash\/rano-wash-q3-2020-revised-report\/\">\r\n\t\t\t\t\t\t\t<img loading=\"lazy\" decoding=\"async\" width=\"453\" height=\"644\" src=\"https:\/\/care.mg\/ranowash\/wp-content\/uploads\/2023\/02\/RANO-WASH-Q3.jpg\" class=\"attachment-large size-large\" alt=\"\" srcset=\"https:\/\/care.mg\/ranowash\/wp-content\/uploads\/2023\/02\/RANO-WASH-Q3.jpg 453w, https:\/\/care.mg\/ranowash\/wp-content\/uploads\/2023\/02\/RANO-WASH-Q3-211x300.jpg 211w\" sizes=\"(max-width: 453px) 100vw, 453px\" \/>\t\t\t\t\t\t\t\t<\/a>\r\n\t\t\t\t\t\t\t\t\t\t\t<\/div>\r\n\t\t\t\t<\/div>\r\n\t\t\t\t<\/div>\r\n\t\t\t\t<div class=\"elementor-element elementor-element-0a3388e elementor-widget elementor-widget-text-editor\" data-id=\"0a3388e\" data-element_type=\"widget\" data-widget_type=\"text-editor.default\">\r\n\t\t\t\t<div class=\"elementor-widget-container\">\r\n\t\t\t\t\t<div class=\"elementor-text-editor elementor-clearfix\"><p style=\"text-align: center;\"><strong>RANO WASH Q3 2020 <\/strong><\/p><p style=\"text-align: center;\"><strong>Revised Report<\/strong><\/p><\/div>\r\n\t\t\t\t<\/div>\r\n\t\t\t\t<\/div>\r\n\t\t\t\t<div class=\"elementor-element elementor-element-c08868a elementor-button-info elementor-align-center elementor-widget elementor-widget-button\" data-id=\"c08868a\" data-element_type=\"widget\" data-widget_type=\"button.default\">\r\n\t\t\t\t<div class=\"elementor-widget-container\">\r\n\t\t\t\t\t<div class=\"elementor-button-wrapper\">\r\n\t\t\t<a href=\"https:\/\/care.mg\/ranowash\/rano-wash-q3-2020-revised-report\/\" class=\"elementor-button-link elementor-button elementor-size-sm\" role=\"button\">\r\n\t\t\t\t\t\t<span class=\"elementor-button-content-wrapper\">\r\n\t\t\t\t\t\t<span class=\"elementor-button-icon elementor-align-icon-left\">\r\n\t\t\t\t<i aria-hidden=\"true\" class=\"fas fa-file-download\"><\/i>\t\t\t<\/span>\r\n\t\t\t\t\t\t<span class=\"elementor-button-text\">T\u00e9l\u00e9charger le document<\/span>\r\n\t\t<\/span>\r\n\t\t\t\t\t<\/a>\r\n\t\t<\/div>\r\n\t\t\t\t<\/div>\r\n\t\t\t\t<\/div>\r\n\t\t\t\t\t\t<\/div>\r\n\t\t\t\t\t<\/div>\r\n\t\t<\/div>\r\n\t\t\t\t<div class=\"elementor-column elementor-col-25 elementor-top-column elementor-element elementor-element-93eabee\" data-id=\"93eabee\" data-element_type=\"column\">\r\n\t\t\t<div class=\"elementor-column-wrap elementor-element-populated\">\r\n\t\t\t\t\t\t\t<div class=\"elementor-widget-wrap\">\r\n\t\t\t\t\t\t<div class=\"elementor-element elementor-element-19c5c51 elementor-widget elementor-widget-image\" data-id=\"19c5c51\" data-element_type=\"widget\" data-widget_type=\"image.default\">\r\n\t\t\t\t<div class=\"elementor-widget-container\">\r\n\t\t\t\t\t<div class=\"elementor-image\">\r\n\t\t\t\t\t\t\t\t\t\t\t<a href=\"https:\/\/care.mg\/ranowash\/rano-wash-q4-2020-revised-annual-report\/\">\r\n\t\t\t\t\t\t\t<img loading=\"lazy\" decoding=\"async\" width=\"453\" height=\"645\" src=\"https:\/\/care.mg\/ranowash\/wp-content\/uploads\/2023\/02\/RANO-WASH-Q4.jpg\" class=\"attachment-large size-large\" alt=\"\" srcset=\"https:\/\/care.mg\/ranowash\/wp-content\/uploads\/2023\/02\/RANO-WASH-Q4.jpg 453w, https:\/\/care.mg\/ranowash\/wp-content\/uploads\/2023\/02\/RANO-WASH-Q4-211x300.jpg 211w\" sizes=\"(max-width: 453px) 100vw, 453px\" \/>\t\t\t\t\t\t\t\t<\/a>\r\n\t\t\t\t\t\t\t\t\t\t\t<\/div>\r\n\t\t\t\t<\/div>\r\n\t\t\t\t<\/div>\r\n\t\t\t\t<div class=\"elementor-element elementor-element-c85d5a8 elementor-widget elementor-widget-text-editor\" data-id=\"c85d5a8\" data-element_type=\"widget\" data-widget_type=\"text-editor.default\">\r\n\t\t\t\t<div class=\"elementor-widget-container\">\r\n\t\t\t\t\t<div class=\"elementor-text-editor elementor-clearfix\"><p style=\"text-align: center;\"><strong>RANO WASH Q4 2020 <\/strong><\/p><p style=\"text-align: center;\"><strong>Revised Report<\/strong><\/p><\/div>\r\n\t\t\t\t<\/div>\r\n\t\t\t\t<\/div>\r\n\t\t\t\t<div class=\"elementor-element elementor-element-54e33b0 elementor-button-info elementor-align-center elementor-widget elementor-widget-button\" data-id=\"54e33b0\" data-element_type=\"widget\" data-widget_type=\"button.default\">\r\n\t\t\t\t<div class=\"elementor-widget-container\">\r\n\t\t\t\t\t<div class=\"elementor-button-wrapper\">\r\n\t\t\t<a href=\"https:\/\/care.mg\/ranowash\/rano-wash-q4-2020-revised-annual-report\/\" class=\"elementor-button-link elementor-button elementor-size-sm\" role=\"button\">\r\n\t\t\t\t\t\t<span class=\"elementor-button-content-wrapper\">\r\n\t\t\t\t\t\t<span class=\"elementor-button-icon elementor-align-icon-left\">\r\n\t\t\t\t<i aria-hidden=\"true\" class=\"fas fa-file-download\"><\/i>\t\t\t<\/span>\r\n\t\t\t\t\t\t<span class=\"elementor-button-text\">T\u00e9l\u00e9charger le document<\/span>\r\n\t\t<\/span>\r\n\t\t\t\t\t<\/a>\r\n\t\t<\/div>\r\n\t\t\t\t<\/div>\r\n\t\t\t\t<\/div>\r\n\t\t\t\t\t\t<\/div>\r\n\t\t\t\t\t<\/div>\r\n\t\t<\/div>\r\n\t\t\t\t\t\t\t\t<\/div>\r\n\t\t\t\t\t<\/div>\r\n\t\t<\/section>\r\n\t\t\t\t\t\t<\/div>\r\n\t\t\t\t\t\t<\/div>\r\n\t\t\t\t\t<\/div>\r\n\t\t","protected":false},"excerpt":{"rendered":"<p>RANO WASH Q1 FY2020 Quarterly Report T\u00e9l\u00e9charger le document RANO WASH Q2 2020 Revised Report T\u00e9l\u00e9charger le document RANO WASH Q3 2020 Revised Report T\u00e9l\u00e9charger le document RANO WASH Q4 2020 Revised Report T\u00e9l\u00e9charger le document<\/p>\n","protected":false},"author":5,"featured_media":0,"parent":0,"menu_order":0,"comment_status":"closed","ping_status":"closed","template":"","meta":{"footnotes":""},"acf":[],"yoast_head":"<!-- This site is optimized with the Yoast SEO plugin v23.5 - https:\/\/yoast.com\/wordpress\/plugins\/seo\/ -->\n<title>RANO WASH FY20 Quarterly and Annual Report - RANO WASH<\/title>\n<meta name=\"robots\" content=\"index, follow, max-snippet:-1, max-image-preview:large, max-video-preview:-1\" \/>\n<link rel=\"canonical\" href=\"https:\/\/care.mg\/ranowash\/rano-wash-fy20-quarterly-and-annual-report-2\/\" \/>\n<meta property=\"og:locale\" content=\"fr_FR\" \/>\n<meta property=\"og:type\" content=\"article\" \/>\n<meta property=\"og:title\" content=\"RANO WASH FY20 Quarterly and Annual Report - RANO WASH\" \/>\n<meta property=\"og:description\" content=\"RANO WASH Q1 FY2020 Quarterly Report T\u00e9l\u00e9charger le document RANO WASH Q2 2020 Revised Report T\u00e9l\u00e9charger le document RANO WASH Q3 2020 Revised Report T\u00e9l\u00e9charger le document RANO WASH Q4 2020 Revised Report T\u00e9l\u00e9charger le document\" \/>\n<meta property=\"og:url\" content=\"https:\/\/care.mg\/ranowash\/rano-wash-fy20-quarterly-and-annual-report-2\/\" \/>\n<meta property=\"og:site_name\" content=\"RANO WASH\" \/>\n<meta property=\"article:publisher\" content=\"https:\/\/www.facebook.com\/CAREMadagascar\" \/>\n<meta property=\"article:modified_time\" content=\"2023-02-21T14:56:14+00:00\" \/>\n<meta property=\"og:image\" content=\"https:\/\/care.mg\/ranowash\/wp-content\/uploads\/2023\/02\/RANO-WASH-Q1-FY2020-Quarterly-Report-1.jpg\" \/>\n<meta name=\"twitter:card\" content=\"summary_large_image\" \/>\n<meta name=\"twitter:site\" content=\"@CAREMadagascar\" \/>\n<script type=\"application\/ld+json\" class=\"yoast-schema-graph\">{\"@context\":\"https:\/\/schema.org\",\"@graph\":[{\"@type\":\"WebPage\",\"@id\":\"https:\/\/care.mg\/ranowash\/rano-wash-fy20-quarterly-and-annual-report-2\/\",\"url\":\"https:\/\/care.mg\/ranowash\/rano-wash-fy20-quarterly-and-annual-report-2\/\",\"name\":\"RANO WASH FY20 Quarterly and Annual Report - RANO WASH\",\"isPartOf\":{\"@id\":\"https:\/\/care.mg\/ranowash\/#website\"},\"primaryImageOfPage\":{\"@id\":\"https:\/\/care.mg\/ranowash\/rano-wash-fy20-quarterly-and-annual-report-2\/#primaryimage\"},\"image\":{\"@id\":\"https:\/\/care.mg\/ranowash\/rano-wash-fy20-quarterly-and-annual-report-2\/#primaryimage\"},\"thumbnailUrl\":\"https:\/\/care.mg\/ranowash\/wp-content\/uploads\/2023\/02\/RANO-WASH-Q1-FY2020-Quarterly-Report-1.jpg\",\"datePublished\":\"2023-02-21T13:13:38+00:00\",\"dateModified\":\"2023-02-21T14:56:14+00:00\",\"inLanguage\":\"fr-FR\",\"potentialAction\":[{\"@type\":\"ReadAction\",\"target\":[\"https:\/\/care.mg\/ranowash\/rano-wash-fy20-quarterly-and-annual-report-2\/\"]}]},{\"@type\":\"ImageObject\",\"inLanguage\":\"fr-FR\",\"@id\":\"https:\/\/care.mg\/ranowash\/rano-wash-fy20-quarterly-and-annual-report-2\/#primaryimage\",\"url\":\"https:\/\/care.mg\/ranowash\/wp-content\/uploads\/2023\/02\/RANO-WASH-Q1-FY2020-Quarterly-Report-1.jpg\",\"contentUrl\":\"https:\/\/care.mg\/ranowash\/wp-content\/uploads\/2023\/02\/RANO-WASH-Q1-FY2020-Quarterly-Report-1.jpg\",\"width\":453,\"height\":645},{\"@type\":\"WebSite\",\"@id\":\"https:\/\/care.mg\/ranowash\/#website\",\"url\":\"https:\/\/care.mg\/ranowash\/\",\"name\":\"RANO WASH\",\"description\":\"Rural Access to New Opportunities in Water, Sanitation and Hygiene\",\"publisher\":{\"@id\":\"https:\/\/care.mg\/ranowash\/#organization\"},\"potentialAction\":[{\"@type\":\"SearchAction\",\"target\":{\"@type\":\"EntryPoint\",\"urlTemplate\":\"https:\/\/care.mg\/ranowash\/?s={search_term_string}\"},\"query-input\":{\"@type\":\"PropertyValueSpecification\",\"valueRequired\":true,\"valueName\":\"search_term_string\"}}],\"inLanguage\":\"fr-FR\"},{\"@type\":\"Organization\",\"@id\":\"https:\/\/care.mg\/ranowash\/#organization\",\"name\":\"RANO WASH\",\"url\":\"https:\/\/care.mg\/ranowash\/\",\"logo\":{\"@type\":\"ImageObject\",\"inLanguage\":\"fr-FR\",\"@id\":\"https:\/\/care.mg\/ranowash\/#\/schema\/logo\/image\/\",\"url\":\"https:\/\/care.mg\/ranowash\/wp-content\/uploads\/2022\/08\/logo-mini-usaid-rw.png\",\"contentUrl\":\"https:\/\/care.mg\/ranowash\/wp-content\/uploads\/2022\/08\/logo-mini-usaid-rw.png\",\"width\":470,\"height\":97,\"caption\":\"RANO WASH\"},\"image\":{\"@id\":\"https:\/\/care.mg\/ranowash\/#\/schema\/logo\/image\/\"},\"sameAs\":[\"https:\/\/www.facebook.com\/CAREMadagascar\",\"https:\/\/x.com\/CAREMadagascar\"]}]}<\/script>\n<!-- \/ Yoast SEO plugin. -->","yoast_head_json":{"title":"RANO WASH FY20 Quarterly and Annual Report - RANO WASH","robots":{"index":"index","follow":"follow","max-snippet":"max-snippet:-1","max-image-preview":"max-image-preview:large","max-video-preview":"max-video-preview:-1"},"canonical":"https:\/\/care.mg\/ranowash\/rano-wash-fy20-quarterly-and-annual-report-2\/","og_locale":"fr_FR","og_type":"article","og_title":"RANO WASH FY20 Quarterly and Annual Report - RANO WASH","og_description":"RANO WASH Q1 FY2020 Quarterly Report T\u00e9l\u00e9charger le document RANO WASH Q2 2020 Revised Report T\u00e9l\u00e9charger le document RANO WASH Q3 2020 Revised Report T\u00e9l\u00e9charger le document RANO WASH Q4 2020 Revised Report T\u00e9l\u00e9charger le document","og_url":"https:\/\/care.mg\/ranowash\/rano-wash-fy20-quarterly-and-annual-report-2\/","og_site_name":"RANO WASH","article_publisher":"https:\/\/www.facebook.com\/CAREMadagascar","article_modified_time":"2023-02-21T14:56:14+00:00","og_image":[{"url":"https:\/\/care.mg\/ranowash\/wp-content\/uploads\/2023\/02\/RANO-WASH-Q1-FY2020-Quarterly-Report-1.jpg"}],"twitter_card":"summary_large_image","twitter_site":"@CAREMadagascar","schema":{"@context":"https:\/\/schema.org","@graph":[{"@type":"WebPage","@id":"https:\/\/care.mg\/ranowash\/rano-wash-fy20-quarterly-and-annual-report-2\/","url":"https:\/\/care.mg\/ranowash\/rano-wash-fy20-quarterly-and-annual-report-2\/","name":"RANO WASH FY20 Quarterly and Annual Report - RANO WASH","isPartOf":{"@id":"https:\/\/care.mg\/ranowash\/#website"},"primaryImageOfPage":{"@id":"https:\/\/care.mg\/ranowash\/rano-wash-fy20-quarterly-and-annual-report-2\/#primaryimage"},"image":{"@id":"https:\/\/care.mg\/ranowash\/rano-wash-fy20-quarterly-and-annual-report-2\/#primaryimage"},"thumbnailUrl":"https:\/\/care.mg\/ranowash\/wp-content\/uploads\/2023\/02\/RANO-WASH-Q1-FY2020-Quarterly-Report-1.jpg","datePublished":"2023-02-21T13:13:38+00:00","dateModified":"2023-02-21T14:56:14+00:00","inLanguage":"fr-FR","potentialAction":[{"@type":"ReadAction","target":["https:\/\/care.mg\/ranowash\/rano-wash-fy20-quarterly-and-annual-report-2\/"]}]},{"@type":"ImageObject","inLanguage":"fr-FR","@id":"https:\/\/care.mg\/ranowash\/rano-wash-fy20-quarterly-and-annual-report-2\/#primaryimage","url":"https:\/\/care.mg\/ranowash\/wp-content\/uploads\/2023\/02\/RANO-WASH-Q1-FY2020-Quarterly-Report-1.jpg","contentUrl":"https:\/\/care.mg\/ranowash\/wp-content\/uploads\/2023\/02\/RANO-WASH-Q1-FY2020-Quarterly-Report-1.jpg","width":453,"height":645},{"@type":"WebSite","@id":"https:\/\/care.mg\/ranowash\/#website","url":"https:\/\/care.mg\/ranowash\/","name":"RANO WASH","description":"Rural Access to New Opportunities in Water, Sanitation and Hygiene","publisher":{"@id":"https:\/\/care.mg\/ranowash\/#organization"},"potentialAction":[{"@type":"SearchAction","target":{"@type":"EntryPoint","urlTemplate":"https:\/\/care.mg\/ranowash\/?s={search_term_string}"},"query-input":{"@type":"PropertyValueSpecification","valueRequired":true,"valueName":"search_term_string"}}],"inLanguage":"fr-FR"},{"@type":"Organization","@id":"https:\/\/care.mg\/ranowash\/#organization","name":"RANO WASH","url":"https:\/\/care.mg\/ranowash\/","logo":{"@type":"ImageObject","inLanguage":"fr-FR","@id":"https:\/\/care.mg\/ranowash\/#\/schema\/logo\/image\/","url":"https:\/\/care.mg\/ranowash\/wp-content\/uploads\/2022\/08\/logo-mini-usaid-rw.png","contentUrl":"https:\/\/care.mg\/ranowash\/wp-content\/uploads\/2022\/08\/logo-mini-usaid-rw.png","width":470,"height":97,"caption":"RANO WASH"},"image":{"@id":"https:\/\/care.mg\/ranowash\/#\/schema\/logo\/image\/"},"sameAs":["https:\/\/www.facebook.com\/CAREMadagascar","https:\/\/x.com\/CAREMadagascar"]}]}},"_links":{"self":[{"href":"https:\/\/care.mg\/ranowash\/wp-json\/wp\/v2\/pages\/243153"}],"collection":[{"href":"https:\/\/care.mg\/ranowash\/wp-json\/wp\/v2\/pages"}],"about":[{"href":"https:\/\/care.mg\/ranowash\/wp-json\/wp\/v2\/types\/page"}],"author":[{"embeddable":true,"href":"https:\/\/care.mg\/ranowash\/wp-json\/wp\/v2\/users\/5"}],"replies":[{"embeddable":true,"href":"https:\/\/care.mg\/ranowash\/wp-json\/wp\/v2\/comments?post=243153"}],"version-history":[{"count":14,"href":"https:\/\/care.mg\/ranowash\/wp-json\/wp\/v2\/pages\/243153\/revisions"}],"predecessor-version":[{"id":243184,"href":"https:\/\/care.mg\/ranowash\/wp-json\/wp\/v2\/pages\/243153\/revisions\/243184"}],"wp:attachment":[{"href":"https:\/\/care.mg\/ranowash\/wp-json\/wp\/v2\/media?parent=243153"}],"curies":[{"name":"wp","href":"https:\/\/api.w.org\/{rel}","templated":true}]}}