{"id":243621,"date":"2023-03-19T11:00:38","date_gmt":"2023-03-19T10:00:38","guid":{"rendered":"https:\/\/care.mg\/ranowash\/?page_id=243621"},"modified":"2023-07-11T18:25:33","modified_gmt":"2023-07-11T16:25:33","slug":"outils-de-formation","status":"publish","type":"page","link":"https:\/\/care.mg\/ranowash\/outils-de-formation\/","title":{"rendered":"Outils de formation"},"content":{"rendered":"\t\t<div data-elementor-type=\"wp-page\" data-elementor-id=\"243621\" class=\"elementor elementor-243621\" data-elementor-settings=\"[]\">\r\n\t\t\t\t\t\t<div class=\"elementor-inner\">\r\n\t\t\t\t\t\t\t<div class=\"elementor-section-wrap\">\r\n\t\t\t\t\t\t\t<section class=\"elementor-section elementor-top-section elementor-element elementor-element-3301dc6 elementor-section-boxed elementor-section-height-default elementor-section-height-default\" data-id=\"3301dc6\" data-element_type=\"section\">\r\n\t\t\t\t\t\t<div class=\"elementor-container elementor-column-gap-default\">\r\n\t\t\t\t\t\t\t<div class=\"elementor-row\">\r\n\t\t\t\t\t<div class=\"elementor-column elementor-col-100 elementor-top-column elementor-element elementor-element-e5eeb59\" data-id=\"e5eeb59\" data-element_type=\"column\">\r\n\t\t\t<div class=\"elementor-column-wrap elementor-element-populated\">\r\n\t\t\t\t\t\t\t<div class=\"elementor-widget-wrap\">\r\n\t\t\t\t\t\t<div class=\"elementor-element elementor-element-e4708a6 elementor-widget elementor-widget-text-editor\" data-id=\"e4708a6\" data-element_type=\"widget\" data-widget_type=\"text-editor.default\">\r\n\t\t\t\t<div class=\"elementor-widget-container\">\r\n\t\t\t\t\t<div class=\"elementor-text-editor elementor-clearfix\"><h6><span style=\"color: #ff9900;\"><strong>Curricula de formation<\/strong><\/span><\/h6><ol><li><a href=\"https:\/\/care.mg\/ranowash\/wp-content\/uploads\/2023\/07\/1-Maitrise-douvrage-communale-Apprenant.pdf\" target=\"_blank\" rel=\"noopener\">Maitrise d&rsquo;ouvrage communale Apprenant<\/a><\/li><li><a href=\"https:\/\/care.mg\/ranowash\/wp-content\/uploads\/2023\/07\/1-Maitrise-douvrage-communale-Formateur.pdf\" target=\"_blank\" rel=\"noopener\">Maitrise d&rsquo;ouvrage communale Formateur<\/a><\/li><li><a href=\"https:\/\/care.mg\/ranowash\/wp-content\/uploads\/2023\/07\/2-OSC-EAH-Apprenant.pdf\" target=\"_blank\" rel=\"noopener\">OSC-EAH Apprenant<\/a><\/li><li><a href=\"https:\/\/care.mg\/ranowash\/wp-content\/uploads\/2023\/07\/2-OSC-EAH-Formateur.pdf\" target=\"_blank\" rel=\"noopener\">OSC-EAH Formateur<\/a><\/li><li><a href=\"https:\/\/care.mg\/ranowash\/wp-content\/uploads\/2023\/07\/3-PCDEAH-Apprenant.pdf\" target=\"_blank\" rel=\"noopener\">PCDEAH Apprenant<\/a><\/li><li><a href=\"https:\/\/care.mg\/ranowash\/wp-content\/uploads\/2023\/07\/3-PCDEAH-Formateur.pdf\" target=\"_blank\" rel=\"noopener\">PCDEAH Formateur<\/a><\/li><li><a href=\"https:\/\/care.mg\/ranowash\/wp-content\/uploads\/2023\/07\/4-Mecanisme-de-redevabilite-Apprenant.pdf\" target=\"_blank\" rel=\"noopener\">M\u00e9canisme de redevabilit\u00e9 Apprenant<\/a><\/li><li><a href=\"https:\/\/care.mg\/ranowash\/wp-content\/uploads\/2023\/07\/4-Mecanisme-de-redevabilite-Formateur.pdf\" target=\"_blank\" rel=\"noopener\">M\u00e9canisme de redevabilit\u00e9 Formateur<\/a><\/li><li><a href=\"https:\/\/care.mg\/ranowash\/wp-content\/uploads\/2023\/07\/5-CAO-Apprenant.pdf.pdf\" target=\"_blank\" rel=\"noopener\">CAO Apprenant<\/a><\/li><li><a href=\"https:\/\/care.mg\/ranowash\/wp-content\/uploads\/2023\/07\/5-CAO-Formateur.pdf\" target=\"_blank\" rel=\"noopener\">CAO Formateur<\/a><\/li><li><a href=\"https:\/\/care.mg\/ranowash\/wp-content\/uploads\/2023\/07\/6-Operation-et-Maintenance-des-systemes-deau-Apprenant.pdf\" target=\"_blank\" rel=\"noopener\">Op\u00e9ration et Maintenance des syst\u00e8mes d&rsquo;eau Apprenant<\/a><\/li><li><a href=\"https:\/\/care.mg\/ranowash\/wp-content\/uploads\/2023\/07\/6-Operation-et-Maintenance-des-systemes-deau-Formateur.pdf\" target=\"_blank\" rel=\"noopener\">Op\u00e9ration et Maintenance des syst\u00e8mes d&rsquo;eau Formateur<\/a><\/li><li><a href=\"https:\/\/care.mg\/ranowash\/wp-content\/uploads\/2023\/07\/7-Marketing-des-services-deau-Apprenant.pdf\" target=\"_blank\" rel=\"noopener\">Marketing des services d&rsquo;eau Apprenant<\/a><\/li><li><a href=\"https:\/\/care.mg\/ranowash\/wp-content\/uploads\/2023\/07\/7-Marketing-des-services-deau-Formateur.pdf\" target=\"_blank\" rel=\"noopener\">Marketing des services d&rsquo;eau Formateur<\/a><\/li><li><a href=\"https:\/\/care.mg\/ranowash\/wp-content\/uploads\/2023\/07\/8-CLTS-Apprenant.pdf\" target=\"_blank\" rel=\"noopener\">CLTS Apprenant<\/a><\/li><li><a href=\"https:\/\/care.mg\/ranowash\/wp-content\/uploads\/2023\/07\/8-CLTS-Formateur.pdf\" target=\"_blank\" rel=\"noopener\">CLTS Formateur<\/a><\/li><li><a href=\"https:\/\/care.mg\/ranowash\/wp-content\/uploads\/2023\/07\/9-Promoteur-local-Apprenant.pdf\" target=\"_blank\" rel=\"noopener\">Promoteur local Apprenant<\/a><\/li><li><a href=\"https:\/\/care.mg\/ranowash\/wp-content\/uploads\/2023\/07\/9-Promoteur-local-Formateur.pdf\" target=\"_blank\" rel=\"noopener\">Promoteur local Formateur<\/a><\/li><li><a href=\"https:\/\/care.mg\/ranowash\/wp-content\/uploads\/2023\/07\/10-Analyse-et-Action-sociale-Apprenant.pdf\" target=\"_blank\" rel=\"noopener\">Analyse et Action sociale Apprenant<\/a><\/li><li><a href=\"https:\/\/care.mg\/ranowash\/wp-content\/uploads\/2023\/07\/10-Analyse-et-Action-sociale-Formateur.pdf\" target=\"_blank\" rel=\"noopener\">Analyse et Action sociale Formateur<\/a><\/li><li><a href=\"https:\/\/care.mg\/ranowash\/wp-content\/uploads\/2023\/07\/11-Education-Financiere-Apprenant.pdf\" target=\"_blank\" rel=\"noopener\">Education Financi\u00e8re Apprenant<\/a><\/li><li><a href=\"https:\/\/care.mg\/ranowash\/wp-content\/uploads\/2023\/07\/11-Educution-Financiere-Formateur.pdf\" target=\"_blank\" rel=\"noopener\">Education Financi\u00e8re Formateur<\/a><\/li><li><a href=\"https:\/\/care.mg\/ranowash\/wp-content\/uploads\/2023\/07\/12-Engagement-des-Hommes-Apprenant.pdf\" target=\"_blank\" rel=\"noopener\">Engagement des Hommes Apprenant<\/a><\/li><li><a href=\"https:\/\/care.mg\/ranowash\/wp-content\/uploads\/2023\/07\/12-Engagement-des-Hommes-Formateur.pdf\" target=\"_blank\" rel=\"noopener\">Engagement des Hommes Formateur<\/a><\/li><\/ol><h6><span style=\"color: #ff9900;\"><strong>Formation des jeunes et femmes op\u00e9rateurs locaux<\/strong><\/span><\/h6><ol><li><a href=\"https:\/\/care.mg\/ranowash\/wp-content\/uploads\/2023\/03\/Curriculum-de-formation-Entrepreunariat-Jeunes-operateurs-WASH-1.pdf\">Curriculum de formation Entrepreunariat Jeunes op\u00e9rateurs WASH<\/a><\/li><li><a href=\"https:\/\/care.mg\/ranowash\/wp-content\/uploads\/2023\/03\/Guide-des-formateurs-Entrepreunariat-Jeunes-operateurs-WASH.pdf\">Guide des formateurs Entrepreunariat Jeunes op\u00e9rateurs WASH<\/a><\/li><li><a href=\"https:\/\/care.mg\/ranowash\/wp-content\/uploads\/2023\/03\/Diarinny-tetikasako.pdf\">Diarin\u2019ny tetikasako<\/a><\/li><li><a href=\"https:\/\/care.mg\/ranowash\/wp-content\/uploads\/2023\/03\/18_Carte-conseil-en-education-financiere.pdf\">Carte-conseils en \u00e9ducation financi\u00e8re<\/a><\/li><\/ol><h6><span style=\"color: #ff9900;\"><strong>Formation sur la qualit\u00e9 de l&rsquo;eau et la gestion de contrat<\/strong><\/span><\/h6><ol><li><a href=\"https:\/\/drive.google.com\/file\/d\/1ZWIsCP066Kte-K30AhzyBhRbykGXnZg3\/view?usp=sharing\">Formation sur la qualit\u00e9 de l\u2019eau avec AQUASISTANCE<\/a><\/li><li><a href=\"https:\/\/drive.google.com\/file\/d\/19qw1kCedjJKK_aXYYQLjqCrd18nvZxYv\/view?usp=sharing\">Formation AQUASISTANCE sur la gestion de contrat<\/a><\/li><\/ol><\/div>\r\n\t\t\t\t<\/div>\r\n\t\t\t\t<\/div>\r\n\t\t\t\t\t\t<\/div>\r\n\t\t\t\t\t<\/div>\r\n\t\t<\/div>\r\n\t\t\t\t\t\t\t\t<\/div>\r\n\t\t\t\t\t<\/div>\r\n\t\t<\/section>\r\n\t\t\t\t\t\t<\/div>\r\n\t\t\t\t\t\t<\/div>\r\n\t\t\t\t\t<\/div>\r\n\t\t","protected":false},"excerpt":{"rendered":"<p>Curricula de formation Maitrise d&rsquo;ouvrage communale Apprenant Maitrise d&rsquo;ouvrage communale Formateur OSC-EAH Apprenant OSC-EAH Formateur PCDEAH Apprenant PCDEAH Formateur M\u00e9canisme de redevabilit\u00e9 Apprenant M\u00e9canisme de redevabilit\u00e9 Formateur CAO Apprenant CAO Formateur Op\u00e9ration et Maintenance des syst\u00e8mes d&rsquo;eau Apprenant Op\u00e9ration et Maintenance des syst\u00e8mes d&rsquo;eau Formateur Marketing des services d&rsquo;eau Apprenant Marketing des services d&rsquo;eau Formateur [&hellip;]<\/p>\n","protected":false},"author":5,"featured_media":0,"parent":0,"menu_order":0,"comment_status":"closed","ping_status":"closed","template":"","meta":{"footnotes":""},"acf":[],"yoast_head":"<!-- This site is optimized with the Yoast SEO plugin v23.5 - https:\/\/yoast.com\/wordpress\/plugins\/seo\/ -->\n<title>Outils de formation - RANO WASH<\/title>\n<meta name=\"robots\" content=\"index, follow, max-snippet:-1, max-image-preview:large, max-video-preview:-1\" \/>\n<link rel=\"canonical\" href=\"https:\/\/care.mg\/ranowash\/outils-de-formation\/\" \/>\n<meta property=\"og:locale\" content=\"fr_FR\" \/>\n<meta property=\"og:type\" content=\"article\" \/>\n<meta property=\"og:title\" content=\"Outils de formation - RANO WASH\" \/>\n<meta property=\"og:description\" content=\"Curricula de formation Maitrise d&rsquo;ouvrage communale Apprenant Maitrise d&rsquo;ouvrage communale Formateur OSC-EAH Apprenant OSC-EAH Formateur PCDEAH Apprenant PCDEAH Formateur M\u00e9canisme de redevabilit\u00e9 Apprenant M\u00e9canisme de redevabilit\u00e9 Formateur CAO Apprenant CAO Formateur Op\u00e9ration et Maintenance des syst\u00e8mes d&rsquo;eau Apprenant Op\u00e9ration et Maintenance des syst\u00e8mes d&rsquo;eau Formateur Marketing des services d&rsquo;eau Apprenant Marketing des services d&rsquo;eau Formateur [&hellip;]\" \/>\n<meta property=\"og:url\" content=\"https:\/\/care.mg\/ranowash\/outils-de-formation\/\" \/>\n<meta property=\"og:site_name\" content=\"RANO WASH\" \/>\n<meta property=\"article:publisher\" content=\"https:\/\/www.facebook.com\/CAREMadagascar\" \/>\n<meta property=\"article:modified_time\" content=\"2023-07-11T16:25:33+00:00\" \/>\n<meta name=\"twitter:card\" content=\"summary_large_image\" \/>\n<meta name=\"twitter:site\" content=\"@CAREMadagascar\" \/>\n<meta name=\"twitter:label1\" content=\"Dur\u00e9e de lecture estim\u00e9e\" \/>\n\t<meta name=\"twitter:data1\" content=\"1 minute\" \/>\n<script type=\"application\/ld+json\" class=\"yoast-schema-graph\">{\"@context\":\"https:\/\/schema.org\",\"@graph\":[{\"@type\":\"WebPage\",\"@id\":\"https:\/\/care.mg\/ranowash\/outils-de-formation\/\",\"url\":\"https:\/\/care.mg\/ranowash\/outils-de-formation\/\",\"name\":\"Outils de formation - RANO WASH\",\"isPartOf\":{\"@id\":\"https:\/\/care.mg\/ranowash\/#website\"},\"datePublished\":\"2023-03-19T10:00:38+00:00\",\"dateModified\":\"2023-07-11T16:25:33+00:00\",\"inLanguage\":\"fr-FR\",\"potentialAction\":[{\"@type\":\"ReadAction\",\"target\":[\"https:\/\/care.mg\/ranowash\/outils-de-formation\/\"]}]},{\"@type\":\"WebSite\",\"@id\":\"https:\/\/care.mg\/ranowash\/#website\",\"url\":\"https:\/\/care.mg\/ranowash\/\",\"name\":\"RANO WASH\",\"description\":\"Rural Access to New Opportunities in Water, Sanitation and Hygiene\",\"publisher\":{\"@id\":\"https:\/\/care.mg\/ranowash\/#organization\"},\"potentialAction\":[{\"@type\":\"SearchAction\",\"target\":{\"@type\":\"EntryPoint\",\"urlTemplate\":\"https:\/\/care.mg\/ranowash\/?s={search_term_string}\"},\"query-input\":{\"@type\":\"PropertyValueSpecification\",\"valueRequired\":true,\"valueName\":\"search_term_string\"}}],\"inLanguage\":\"fr-FR\"},{\"@type\":\"Organization\",\"@id\":\"https:\/\/care.mg\/ranowash\/#organization\",\"name\":\"RANO WASH\",\"url\":\"https:\/\/care.mg\/ranowash\/\",\"logo\":{\"@type\":\"ImageObject\",\"inLanguage\":\"fr-FR\",\"@id\":\"https:\/\/care.mg\/ranowash\/#\/schema\/logo\/image\/\",\"url\":\"https:\/\/care.mg\/ranowash\/wp-content\/uploads\/2022\/08\/logo-mini-usaid-rw.png\",\"contentUrl\":\"https:\/\/care.mg\/ranowash\/wp-content\/uploads\/2022\/08\/logo-mini-usaid-rw.png\",\"width\":470,\"height\":97,\"caption\":\"RANO WASH\"},\"image\":{\"@id\":\"https:\/\/care.mg\/ranowash\/#\/schema\/logo\/image\/\"},\"sameAs\":[\"https:\/\/www.facebook.com\/CAREMadagascar\",\"https:\/\/x.com\/CAREMadagascar\"]}]}<\/script>\n<!-- \/ Yoast SEO plugin. -->","yoast_head_json":{"title":"Outils de formation - RANO WASH","robots":{"index":"index","follow":"follow","max-snippet":"max-snippet:-1","max-image-preview":"max-image-preview:large","max-video-preview":"max-video-preview:-1"},"canonical":"https:\/\/care.mg\/ranowash\/outils-de-formation\/","og_locale":"fr_FR","og_type":"article","og_title":"Outils de formation - RANO WASH","og_description":"Curricula de formation Maitrise d&rsquo;ouvrage communale Apprenant Maitrise d&rsquo;ouvrage communale Formateur OSC-EAH Apprenant OSC-EAH Formateur PCDEAH Apprenant PCDEAH Formateur M\u00e9canisme de redevabilit\u00e9 Apprenant M\u00e9canisme de redevabilit\u00e9 Formateur CAO Apprenant CAO Formateur Op\u00e9ration et Maintenance des syst\u00e8mes d&rsquo;eau Apprenant Op\u00e9ration et Maintenance des syst\u00e8mes d&rsquo;eau Formateur Marketing des services d&rsquo;eau Apprenant Marketing des services d&rsquo;eau Formateur [&hellip;]","og_url":"https:\/\/care.mg\/ranowash\/outils-de-formation\/","og_site_name":"RANO WASH","article_publisher":"https:\/\/www.facebook.com\/CAREMadagascar","article_modified_time":"2023-07-11T16:25:33+00:00","twitter_card":"summary_large_image","twitter_site":"@CAREMadagascar","twitter_misc":{"Dur\u00e9e de lecture estim\u00e9e":"1 minute"},"schema":{"@context":"https:\/\/schema.org","@graph":[{"@type":"WebPage","@id":"https:\/\/care.mg\/ranowash\/outils-de-formation\/","url":"https:\/\/care.mg\/ranowash\/outils-de-formation\/","name":"Outils de formation - RANO WASH","isPartOf":{"@id":"https:\/\/care.mg\/ranowash\/#website"},"datePublished":"2023-03-19T10:00:38+00:00","dateModified":"2023-07-11T16:25:33+00:00","inLanguage":"fr-FR","potentialAction":[{"@type":"ReadAction","target":["https:\/\/care.mg\/ranowash\/outils-de-formation\/"]}]},{"@type":"WebSite","@id":"https:\/\/care.mg\/ranowash\/#website","url":"https:\/\/care.mg\/ranowash\/","name":"RANO WASH","description":"Rural Access to New Opportunities in Water, Sanitation and Hygiene","publisher":{"@id":"https:\/\/care.mg\/ranowash\/#organization"},"potentialAction":[{"@type":"SearchAction","target":{"@type":"EntryPoint","urlTemplate":"https:\/\/care.mg\/ranowash\/?s={search_term_string}"},"query-input":{"@type":"PropertyValueSpecification","valueRequired":true,"valueName":"search_term_string"}}],"inLanguage":"fr-FR"},{"@type":"Organization","@id":"https:\/\/care.mg\/ranowash\/#organization","name":"RANO WASH","url":"https:\/\/care.mg\/ranowash\/","logo":{"@type":"ImageObject","inLanguage":"fr-FR","@id":"https:\/\/care.mg\/ranowash\/#\/schema\/logo\/image\/","url":"https:\/\/care.mg\/ranowash\/wp-content\/uploads\/2022\/08\/logo-mini-usaid-rw.png","contentUrl":"https:\/\/care.mg\/ranowash\/wp-content\/uploads\/2022\/08\/logo-mini-usaid-rw.png","width":470,"height":97,"caption":"RANO WASH"},"image":{"@id":"https:\/\/care.mg\/ranowash\/#\/schema\/logo\/image\/"},"sameAs":["https:\/\/www.facebook.com\/CAREMadagascar","https:\/\/x.com\/CAREMadagascar"]}]}},"_links":{"self":[{"href":"https:\/\/care.mg\/ranowash\/wp-json\/wp\/v2\/pages\/243621"}],"collection":[{"href":"https:\/\/care.mg\/ranowash\/wp-json\/wp\/v2\/pages"}],"about":[{"href":"https:\/\/care.mg\/ranowash\/wp-json\/wp\/v2\/types\/page"}],"author":[{"embeddable":true,"href":"https:\/\/care.mg\/ranowash\/wp-json\/wp\/v2\/users\/5"}],"replies":[{"embeddable":true,"href":"https:\/\/care.mg\/ranowash\/wp-json\/wp\/v2\/comments?post=243621"}],"version-history":[{"count":18,"href":"https:\/\/care.mg\/ranowash\/wp-json\/wp\/v2\/pages\/243621\/revisions"}],"predecessor-version":[{"id":244700,"href":"https:\/\/care.mg\/ranowash\/wp-json\/wp\/v2\/pages\/243621\/revisions\/244700"}],"wp:attachment":[{"href":"https:\/\/care.mg\/ranowash\/wp-json\/wp\/v2\/media?parent=243621"}],"curies":[{"name":"wp","href":"https:\/\/api.w.org\/{rel}","templated":true}]}}