{"id":243625,"date":"2023-03-19T11:01:29","date_gmt":"2023-03-19T10:01:29","guid":{"rendered":"https:\/\/care.mg\/ranowash\/?page_id=243625"},"modified":"2023-03-23T18:34:07","modified_gmt":"2023-03-23T17:34:07","slug":"document-et-reference","status":"publish","type":"page","link":"https:\/\/care.mg\/ranowash\/document-et-reference\/","title":{"rendered":"Document et r\u00e9f\u00e9rence"},"content":{"rendered":"\t\t<div data-elementor-type=\"wp-page\" data-elementor-id=\"243625\" class=\"elementor elementor-243625\" data-elementor-settings=\"[]\">\r\n\t\t\t\t\t\t<div class=\"elementor-inner\">\r\n\t\t\t\t\t\t\t<div class=\"elementor-section-wrap\">\r\n\t\t\t\t\t\t\t<section class=\"elementor-section elementor-top-section elementor-element elementor-element-7f5ad12a elementor-section-boxed elementor-section-height-default elementor-section-height-default\" data-id=\"7f5ad12a\" data-element_type=\"section\">\r\n\t\t\t\t\t\t<div class=\"elementor-container elementor-column-gap-default\">\r\n\t\t\t\t\t\t\t<div class=\"elementor-row\">\r\n\t\t\t\t\t<div class=\"elementor-column elementor-col-100 elementor-top-column elementor-element elementor-element-3d2a0989\" data-id=\"3d2a0989\" data-element_type=\"column\">\r\n\t\t\t<div class=\"elementor-column-wrap elementor-element-populated\">\r\n\t\t\t\t\t\t\t<div class=\"elementor-widget-wrap\">\r\n\t\t\t\t\t\t<div class=\"elementor-element elementor-element-57688534 elementor-widget elementor-widget-text-editor\" data-id=\"57688534\" data-element_type=\"widget\" data-widget_type=\"text-editor.default\">\r\n\t\t\t\t<div class=\"elementor-widget-container\">\r\n\t\t\t\t\t<div class=\"elementor-text-editor elementor-clearfix\"><h6><span style=\"color: #f0af31;\"><strong>Changement de Comportement et utilisation des services WASH<\/strong><\/span><\/h6><p>&#8211; <a href=\"https:\/\/care.mg\/ranowash\/wp-content\/uploads\/2023\/03\/7_kittle-b-2017-practical-guide-to-conducting-barrier-analysis.pdf\" target=\"_blank\" rel=\"noopener\">Kittle-b-2017-practical-guide-to-barrier-analysis<\/a><\/p><p>&#8211; <a href=\"https:\/\/care.mg\/ranowash\/wp-content\/uploads\/2023\/03\/Feuille-de-route-version-defnitive.pdf\" target=\"_blank\" rel=\"noopener\">Feuille de route Madagasikara Madio<\/a><\/p><p>&#8211; <a href=\"https:\/\/care.mg\/ranowash\/wp-content\/uploads\/2023\/03\/Protocole-de-verification-et-de-certification-version-definitive.pdf\" target=\"_blank\" rel=\"noopener\">Protocole national de verification et certification ODF<\/a><\/p><p>&#8211; <a href=\"https:\/\/care.mg\/ranowash\/wp-content\/uploads\/2023\/03\/6_cahier-VSLA.pdf\" target=\"_blank\" rel=\"noopener\">Cahier VSLA_RANO HP<\/a><\/p><p>&#8211; <a href=\"https:\/\/care.mg\/ranowash\/wp-content\/uploads\/2023\/03\/7_Village-Agent-Model-Learning-Document.pdf\" target=\"_blank\" rel=\"noopener\">Village model learning document_CARE<\/a><\/p><\/div>\r\n\t\t\t\t<\/div>\r\n\t\t\t\t<\/div>\r\n\t\t\t\t\t\t<\/div>\r\n\t\t\t\t\t<\/div>\r\n\t\t<\/div>\r\n\t\t\t\t\t\t\t\t<\/div>\r\n\t\t\t\t\t<\/div>\r\n\t\t<\/section>\r\n\t\t\t\t<section class=\"elementor-section elementor-top-section elementor-element elementor-element-7603ee0a elementor-section-boxed elementor-section-height-default elementor-section-height-default\" data-id=\"7603ee0a\" data-element_type=\"section\">\r\n\t\t\t\t\t\t<div class=\"elementor-container elementor-column-gap-default\">\r\n\t\t\t\t\t\t\t<div class=\"elementor-row\">\r\n\t\t\t\t\t<div class=\"elementor-column elementor-col-100 elementor-top-column elementor-element elementor-element-426b917c\" data-id=\"426b917c\" data-element_type=\"column\">\r\n\t\t\t<div class=\"elementor-column-wrap elementor-element-populated\">\r\n\t\t\t\t\t\t\t<div class=\"elementor-widget-wrap\">\r\n\t\t\t\t\t\t<div class=\"elementor-element elementor-element-7dada775 elementor-widget elementor-widget-text-editor\" data-id=\"7dada775\" data-element_type=\"widget\" data-widget_type=\"text-editor.default\">\r\n\t\t\t\t<div class=\"elementor-widget-container\">\r\n\t\t\t\t\t<div class=\"elementor-text-editor elementor-clearfix\"><h6><span style=\"font-weight: bolder; color: #f0af31;\">Partenariat Public Priv\u00e9 pour des services d\u2019eau potable<\/span><\/h6><p>WMA des six r\u00e9gions d\u2019intervention et ses annexes<\/p><ul><li><a href=\"https:\/\/drive.google.com\/file\/d\/1L-HdJilTUH6VRfxIJWq1c1yhLRMxZcI1\/view?usp=sharing\" target=\"_blank\" rel=\"noopener\">Evaluation complet du March\u00e9 WASH R\u00e9gion Vakinankaratra \u2013 AmoroniMania \u2013 Haute Matsiatra<\/a><\/li><li><a href=\"https:\/\/docs.google.com\/document\/d\/1Z3MGdo-UJXycQspEFbgldek1aXIv2kUS\/edit?usp=sharing&amp;ouid=108305625213566806134&amp;rtpof=true&amp;sd=true\" target=\"_blank\" rel=\"noopener\">R\u00e9sum\u00e9 ex\u00e9cutif<\/a><\/li><li><a href=\"https:\/\/drive.google.com\/file\/d\/1CUHtvUwBx5OSaAB5OnMmEe7VMaIKs60m\/view?usp=sharing\" target=\"_blank\" rel=\"noopener\">Ses Annexes<\/a><\/li><\/ul><p>&#8211; <a href=\"https:\/\/drive.google.com\/file\/d\/1IFSpbU9_kT32_QxGwBEalqGFmHdoAf-Q\/view?usp=sharing\" target=\"_blank\" rel=\"noopener\">Evaluation complet du march\u00e9 WASH R\u00e9gion Atsinanana \u2013 Alaotra mangoro \u2013 Vatovavy-Fitovinanany\u00a0:<\/a><\/p><ul><li><a href=\"https:\/\/docs.google.com\/document\/d\/1fuKO-gVPY_knkR4_cfY1E3l61v3F7Bnm\/edit?usp=sharing&amp;ouid=108305625213566806134&amp;rtpof=true&amp;sd=true\" target=\"_blank\" rel=\"noopener\">R\u00e9sum\u00e9 ex\u00e9cutif<\/a>\u00a0<\/li><li><a href=\"https:\/\/drive.google.com\/file\/d\/1SGpUs8YKT4HWMSIpgZe4U0_9RyV2Ny-j\/view?usp=sharing\" target=\"_blank\" rel=\"noopener\">Ses Annexes<\/a><\/li><\/ul><p>&#8211; <a href=\"https:\/\/drive.google.com\/file\/d\/15qElwMjxJsWD2uoV4LeAXWi8n0z_carB\/view?usp=sharing\" target=\"_blank\" rel=\"noopener\">Chronologie des mod\u00e8les de PPP WASH \u00e0 Madagascar<\/a><\/p><p>&#8211; <a href=\"https:\/\/drive.google.com\/file\/d\/1Hj7GMCY0X6EPVregvIKbT7xCvweJOiFM\/view?usp=sharing\" target=\"_blank\" rel=\"noopener\">Les PDMW REGION ATSINANANA<\/a><\/p><p>&#8211; <a href=\"https:\/\/drive.google.com\/file\/d\/1DdkRqX56tksQwPUQTfc841zusbODqwTn\/view?usp=sharing\" target=\"_blank\" rel=\"noopener\">Les PDMW REGION ALAOTRA MANGORO<\/a><\/p><p>&#8211; <a href=\"https:\/\/drive.google.com\/file\/d\/17LYcFFVdIRv4tcMur2JLGJwwo5fsKP3o\/view?usp=sharing\" target=\"_blank\" rel=\"noopener\">Contrat de financement Mod\u00e8le<\/a><\/p><p>&#8211; <a href=\"https:\/\/drive.google.com\/file\/d\/1imCvrW97yrqNiPfx1sKA16P77twuvvUQ\/view?usp=sharing\" target=\"_blank\" rel=\"noopener\">Contrat de d\u00e9l\u00e9gation de gestion de service public d\u2019eau, assainissement et de l\u2019hygi\u00e8ne Mod\u00e8le<\/a><\/p><p>&#8211; <a href=\"https:\/\/drive.google.com\/drive\/folders\/1yd7rlTRIi2cHraTMekv-Rw-rrxZsp97p?usp=sharing\" target=\"_blank\" rel=\"noopener\">Les Lois et Directives ainsi que le plan national et autre documents utilis\u00e9 durant le d\u00e9veloppement des outils de RANO WASH<\/a><\/p><p>&#8211; <a href=\"https:\/\/drive.google.com\/file\/d\/1lZ5hHG_49hks1TTZ7hfUbXPPNLuPGVYs\/view?usp=sharing\" target=\"_blank\" rel=\"noopener\">Avenant au contrat PPP suite \u00e0 la demande de contrat PPP+<\/a><\/p><p>&#8211; <a href=\"https:\/\/drive.google.com\/file\/d\/1ZYZYQ8iGa-TNY4FDAd_r5FdfwQYS0MO0\/view?usp=sharing\" target=\"_blank\" rel=\"noopener\">Addendum au contrat de d\u00e9l\u00e9gation de gestion initial<\/a><\/p><p>&#8211; <a href=\"https:\/\/drive.google.com\/file\/d\/17LYcFFVdIRv4tcMur2JLGJwwo5fsKP3o\/view?usp=sharing\" target=\"_blank\" rel=\"noopener\">Mod\u00e8le de contrat de financement sous candidature spontan\u00e9e<\/a><\/p><p>&#8211; <a href=\"https:\/\/drive.google.com\/file\/d\/1jVS0huON0C9cVYhg5PjMiqvtHNuIN5gk\/view?usp=sharing\" target=\"_blank\" rel=\"noopener\">Pr\u00e9sentation de l\u2019AMIC<\/a><\/p><p>&#8211; <a href=\"https:\/\/drive.google.com\/file\/d\/1VSreRKASBU7frjIgM5xmJQR0KBYczG6f\/view?usp=sharing\" target=\"_blank\" rel=\"noopener\">Partage de SOLIDIS<\/a><\/p><\/div>\r\n\t\t\t\t<\/div>\r\n\t\t\t\t<\/div>\r\n\t\t\t\t\t\t<\/div>\r\n\t\t\t\t\t<\/div>\r\n\t\t<\/div>\r\n\t\t\t\t\t\t\t\t<\/div>\r\n\t\t\t\t\t<\/div>\r\n\t\t<\/section>\r\n\t\t\t\t<section class=\"elementor-section elementor-top-section elementor-element elementor-element-64d6c2eb elementor-section-boxed elementor-section-height-default elementor-section-height-default\" data-id=\"64d6c2eb\" data-element_type=\"section\">\r\n\t\t\t\t\t\t<div class=\"elementor-container elementor-column-gap-default\">\r\n\t\t\t\t\t\t\t<div class=\"elementor-row\">\r\n\t\t\t\t\t<div class=\"elementor-column elementor-col-100 elementor-top-column elementor-element elementor-element-3b5ccfba\" data-id=\"3b5ccfba\" data-element_type=\"column\">\r\n\t\t\t<div class=\"elementor-column-wrap elementor-element-populated\">\r\n\t\t\t\t\t\t\t<div class=\"elementor-widget-wrap\">\r\n\t\t\t\t\t\t<div class=\"elementor-element elementor-element-2e4e2ec4 elementor-widget elementor-widget-text-editor\" data-id=\"2e4e2ec4\" data-element_type=\"widget\" data-widget_type=\"text-editor.default\">\r\n\t\t\t\t<div class=\"elementor-widget-container\">\r\n\t\t\t\t\t<div class=\"elementor-text-editor elementor-clearfix\"><h6><strong><span style=\"color: #ff9900;\">Gouvernance et suivi du secteur Eau, Assainissement et Hygi\u00e8ne<\/span><\/strong><\/h6><p>&#8211; <a href=\"https:\/\/care.mg\/ranowash\/wp-content\/uploads\/2023\/03\/3.-TDR-SCN-EAH-TDR-draft-ver.-230519-fr.pdf\" target=\"_blank\" rel=\"noopener\">Tdr de la structure de coordination draft (230519)<\/a><\/p><p>&#8211; <a href=\"https:\/\/care.mg\/ranowash\/wp-content\/uploads\/2023\/03\/4.-TDR-Comite-de-Suivi-SCC-fr.pdf\" target=\"_blank\" rel=\"noopener\">TDR Comit\u00e9 de Suivi SCC<\/a><\/p><p>&#8211; <a href=\"https:\/\/care.mg\/ranowash\/wp-content\/uploads\/2023\/03\/5.-convention-type-SNC-EAH-revise-230519-fr.pdf\" target=\"_blank\" rel=\"noopener\">Convention type-SNC-EAH (revis\u00e9) 230519<\/a><\/p><p>&#8211; <a href=\"https:\/\/care.mg\/ranowash\/wp-content\/uploads\/2023\/03\/6.-OBJECTIF-ET-CIBLE-PAR-REGION_21.06.19-fr.xls\" target=\"_blank\" rel=\"noopener\">OBJECTIF ET CIBLE PAR REGION_21.06.19<\/a><\/p><p>&#8211; <a href=\"https:\/\/care.mg\/ranowash\/wp-content\/uploads\/2023\/03\/synthese_nationale_BPON_300718-hAJA.xlsx\" target=\"_blank\" rel=\"noopener\">BPON<\/a><\/p><p>&#8211; <a href=\"https:\/\/drive.google.com\/file\/d\/167QT6nCh6SZboIEOTQ7RcObXNwJhl2pO\/view?usp=share_link\" target=\"_blank\" rel=\"noopener\">BPON et BPOR 2018<\/a><\/p><p>&#8211; <a href=\"https:\/\/care.mg\/ranowash\/wp-content\/uploads\/2023\/03\/PROPOSITION-DRAFT-PLAN-DE-SUIVI-ET-EVALUATION-POLITIQUE-EAU-HYGIENE-ET-ASSAINISSEMENT-version-compile.pdf\" target=\"_blank\" rel=\"noopener\">Proposition du plan de suivi et \u00e9valuation du projet de politique EAH<\/a><\/p><p>&#8211; <a href=\"https:\/\/care.mg\/ranowash\/wp-content\/uploads\/2023\/03\/06.-Livret-NOMENCLATURE-version-simple.pdf\" target=\"_blank\" rel=\"noopener\">Livret NOMENCLATURE version simple<\/a><\/p><\/div>\r\n\t\t\t\t<\/div>\r\n\t\t\t\t<\/div>\r\n\t\t\t\t\t\t<\/div>\r\n\t\t\t\t\t<\/div>\r\n\t\t<\/div>\r\n\t\t\t\t\t\t\t\t<\/div>\r\n\t\t\t\t\t<\/div>\r\n\t\t<\/section>\r\n\t\t\t\t<section class=\"elementor-section elementor-top-section elementor-element elementor-element-a929b13 elementor-section-boxed elementor-section-height-default elementor-section-height-default\" data-id=\"a929b13\" data-element_type=\"section\">\r\n\t\t\t\t\t\t<div class=\"elementor-container elementor-column-gap-default\">\r\n\t\t\t\t\t\t\t<div class=\"elementor-row\">\r\n\t\t\t\t\t<div class=\"elementor-column elementor-col-100 elementor-top-column elementor-element elementor-element-081f69e\" data-id=\"081f69e\" data-element_type=\"column\">\r\n\t\t\t<div class=\"elementor-column-wrap elementor-element-populated\">\r\n\t\t\t\t\t\t\t<div class=\"elementor-widget-wrap\">\r\n\t\t\t\t\t\t<div class=\"elementor-element elementor-element-19fc097 elementor-widget elementor-widget-text-editor\" data-id=\"19fc097\" data-element_type=\"widget\" data-widget_type=\"text-editor.default\">\r\n\t\t\t\t<div class=\"elementor-widget-container\">\r\n\t\t\t\t\t<div class=\"elementor-text-editor elementor-clearfix\"><h6><strong><span style=\"color: #ff9900;\">Suivi, Evaluation, Redevabilit\u00e9, Apprentissage<\/span><\/strong><\/h6><ul><li><a href=\"https:\/\/drive.google.com\/file\/d\/1Ylcu_0DUH_w_0MqLK6b9jCbcMUU5bgL5\/view?usp=share_link\" target=\"_blank\" rel=\"noopener\">RW_STG_RANO WASH Revised MEAL Plan_10.05.19 \u2013 Clean<\/a><\/li><li><a href=\"https:\/\/drive.google.com\/file\/d\/1Ylcu_0DUH_w_0MqLK6b9jCbcMUU5bgL5\/view?usp=share_link\" target=\"_blank\" rel=\"noopener\">RW_STG_Manuel Op\u00e9rationnelle du MEAL_EN_2021.03.02.<\/a><\/li><li><a href=\"https:\/\/drive.google.com\/file\/d\/14j0ImOxF2BfmGkQXKhtwt3sL5BYKwjmS\/view?usp=share_link\" target=\"_blank\" rel=\"noopener\">Plan de transition et de retrait MEAL<\/a><\/li><li><a href=\"https:\/\/drive.google.com\/drive\/folders\/1rv9YQwIrhkhpnS7t3vc1EGNYV3jSPTH5?usp=share_link\" target=\"_blank\" rel=\"noopener\">PIRS<\/a><\/li><li><a href=\"https:\/\/drive.google.com\/file\/d\/1a4wJlkBYgQQx1qPQoPMKVHWYGkUYzseG\/view?usp=share_link\" target=\"_blank\" rel=\"noopener\">MDG_2010_FRA_Simple Poverty Scorecard<\/a><\/li><\/ul><\/div>\r\n\t\t\t\t<\/div>\r\n\t\t\t\t<\/div>\r\n\t\t\t\t\t\t<\/div>\r\n\t\t\t\t\t<\/div>\r\n\t\t<\/div>\r\n\t\t\t\t\t\t\t\t<\/div>\r\n\t\t\t\t\t<\/div>\r\n\t\t<\/section>\r\n\t\t\t\t\t\t<\/div>\r\n\t\t\t\t\t\t<\/div>\r\n\t\t\t\t\t<\/div>\r\n\t\t","protected":false},"excerpt":{"rendered":"<p>Changement de Comportement et utilisation des services WASH &#8211; Kittle-b-2017-practical-guide-to-barrier-analysis &#8211; Feuille de route Madagasikara Madio &#8211; Protocole national de verification et certification ODF &#8211; Cahier VSLA_RANO HP &#8211; Village model learning document_CARE Partenariat Public Priv\u00e9 pour des services d\u2019eau potable WMA des six r\u00e9gions d\u2019intervention et ses annexes Evaluation complet du March\u00e9 WASH R\u00e9gion [&hellip;]<\/p>\n","protected":false},"author":5,"featured_media":0,"parent":0,"menu_order":0,"comment_status":"closed","ping_status":"closed","template":"","meta":{"footnotes":""},"acf":[],"yoast_head":"<!-- This site is optimized with the Yoast SEO plugin v23.5 - https:\/\/yoast.com\/wordpress\/plugins\/seo\/ -->\n<title>Document et r\u00e9f\u00e9rence - RANO WASH<\/title>\n<meta name=\"robots\" content=\"index, follow, max-snippet:-1, max-image-preview:large, max-video-preview:-1\" \/>\n<link rel=\"canonical\" href=\"https:\/\/care.mg\/ranowash\/document-et-reference\/\" \/>\n<meta property=\"og:locale\" content=\"fr_FR\" \/>\n<meta property=\"og:type\" content=\"article\" \/>\n<meta property=\"og:title\" content=\"Document et r\u00e9f\u00e9rence - RANO WASH\" \/>\n<meta property=\"og:description\" content=\"Changement de Comportement et utilisation des services WASH &#8211; Kittle-b-2017-practical-guide-to-barrier-analysis &#8211; Feuille de route Madagasikara Madio &#8211; Protocole national de verification et certification ODF &#8211; Cahier VSLA_RANO HP &#8211; Village model learning document_CARE Partenariat Public Priv\u00e9 pour des services d\u2019eau potable WMA des six r\u00e9gions d\u2019intervention et ses annexes Evaluation complet du March\u00e9 WASH R\u00e9gion [&hellip;]\" \/>\n<meta property=\"og:url\" content=\"https:\/\/care.mg\/ranowash\/document-et-reference\/\" \/>\n<meta property=\"og:site_name\" content=\"RANO WASH\" \/>\n<meta property=\"article:publisher\" content=\"https:\/\/www.facebook.com\/CAREMadagascar\" \/>\n<meta property=\"article:modified_time\" content=\"2023-03-23T17:34:07+00:00\" \/>\n<meta name=\"twitter:card\" content=\"summary_large_image\" \/>\n<meta name=\"twitter:site\" content=\"@CAREMadagascar\" \/>\n<meta name=\"twitter:label1\" content=\"Dur\u00e9e de lecture estim\u00e9e\" \/>\n\t<meta name=\"twitter:data1\" content=\"1 minute\" \/>\n<script type=\"application\/ld+json\" class=\"yoast-schema-graph\">{\"@context\":\"https:\/\/schema.org\",\"@graph\":[{\"@type\":\"WebPage\",\"@id\":\"https:\/\/care.mg\/ranowash\/document-et-reference\/\",\"url\":\"https:\/\/care.mg\/ranowash\/document-et-reference\/\",\"name\":\"Document et r\u00e9f\u00e9rence - RANO WASH\",\"isPartOf\":{\"@id\":\"https:\/\/care.mg\/ranowash\/#website\"},\"datePublished\":\"2023-03-19T10:01:29+00:00\",\"dateModified\":\"2023-03-23T17:34:07+00:00\",\"inLanguage\":\"fr-FR\",\"potentialAction\":[{\"@type\":\"ReadAction\",\"target\":[\"https:\/\/care.mg\/ranowash\/document-et-reference\/\"]}]},{\"@type\":\"WebSite\",\"@id\":\"https:\/\/care.mg\/ranowash\/#website\",\"url\":\"https:\/\/care.mg\/ranowash\/\",\"name\":\"RANO WASH\",\"description\":\"Rural Access to New Opportunities in Water, Sanitation and Hygiene\",\"publisher\":{\"@id\":\"https:\/\/care.mg\/ranowash\/#organization\"},\"potentialAction\":[{\"@type\":\"SearchAction\",\"target\":{\"@type\":\"EntryPoint\",\"urlTemplate\":\"https:\/\/care.mg\/ranowash\/?s={search_term_string}\"},\"query-input\":{\"@type\":\"PropertyValueSpecification\",\"valueRequired\":true,\"valueName\":\"search_term_string\"}}],\"inLanguage\":\"fr-FR\"},{\"@type\":\"Organization\",\"@id\":\"https:\/\/care.mg\/ranowash\/#organization\",\"name\":\"RANO WASH\",\"url\":\"https:\/\/care.mg\/ranowash\/\",\"logo\":{\"@type\":\"ImageObject\",\"inLanguage\":\"fr-FR\",\"@id\":\"https:\/\/care.mg\/ranowash\/#\/schema\/logo\/image\/\",\"url\":\"https:\/\/care.mg\/ranowash\/wp-content\/uploads\/2022\/08\/logo-mini-usaid-rw.png\",\"contentUrl\":\"https:\/\/care.mg\/ranowash\/wp-content\/uploads\/2022\/08\/logo-mini-usaid-rw.png\",\"width\":470,\"height\":97,\"caption\":\"RANO WASH\"},\"image\":{\"@id\":\"https:\/\/care.mg\/ranowash\/#\/schema\/logo\/image\/\"},\"sameAs\":[\"https:\/\/www.facebook.com\/CAREMadagascar\",\"https:\/\/x.com\/CAREMadagascar\"]}]}<\/script>\n<!-- \/ Yoast SEO plugin. -->","yoast_head_json":{"title":"Document et r\u00e9f\u00e9rence - RANO WASH","robots":{"index":"index","follow":"follow","max-snippet":"max-snippet:-1","max-image-preview":"max-image-preview:large","max-video-preview":"max-video-preview:-1"},"canonical":"https:\/\/care.mg\/ranowash\/document-et-reference\/","og_locale":"fr_FR","og_type":"article","og_title":"Document et r\u00e9f\u00e9rence - RANO WASH","og_description":"Changement de Comportement et utilisation des services WASH &#8211; Kittle-b-2017-practical-guide-to-barrier-analysis &#8211; Feuille de route Madagasikara Madio &#8211; Protocole national de verification et certification ODF &#8211; Cahier VSLA_RANO HP &#8211; Village model learning document_CARE Partenariat Public Priv\u00e9 pour des services d\u2019eau potable WMA des six r\u00e9gions d\u2019intervention et ses annexes Evaluation complet du March\u00e9 WASH R\u00e9gion [&hellip;]","og_url":"https:\/\/care.mg\/ranowash\/document-et-reference\/","og_site_name":"RANO WASH","article_publisher":"https:\/\/www.facebook.com\/CAREMadagascar","article_modified_time":"2023-03-23T17:34:07+00:00","twitter_card":"summary_large_image","twitter_site":"@CAREMadagascar","twitter_misc":{"Dur\u00e9e de lecture estim\u00e9e":"1 minute"},"schema":{"@context":"https:\/\/schema.org","@graph":[{"@type":"WebPage","@id":"https:\/\/care.mg\/ranowash\/document-et-reference\/","url":"https:\/\/care.mg\/ranowash\/document-et-reference\/","name":"Document et r\u00e9f\u00e9rence - RANO WASH","isPartOf":{"@id":"https:\/\/care.mg\/ranowash\/#website"},"datePublished":"2023-03-19T10:01:29+00:00","dateModified":"2023-03-23T17:34:07+00:00","inLanguage":"fr-FR","potentialAction":[{"@type":"ReadAction","target":["https:\/\/care.mg\/ranowash\/document-et-reference\/"]}]},{"@type":"WebSite","@id":"https:\/\/care.mg\/ranowash\/#website","url":"https:\/\/care.mg\/ranowash\/","name":"RANO WASH","description":"Rural Access to New Opportunities in Water, Sanitation and Hygiene","publisher":{"@id":"https:\/\/care.mg\/ranowash\/#organization"},"potentialAction":[{"@type":"SearchAction","target":{"@type":"EntryPoint","urlTemplate":"https:\/\/care.mg\/ranowash\/?s={search_term_string}"},"query-input":{"@type":"PropertyValueSpecification","valueRequired":true,"valueName":"search_term_string"}}],"inLanguage":"fr-FR"},{"@type":"Organization","@id":"https:\/\/care.mg\/ranowash\/#organization","name":"RANO WASH","url":"https:\/\/care.mg\/ranowash\/","logo":{"@type":"ImageObject","inLanguage":"fr-FR","@id":"https:\/\/care.mg\/ranowash\/#\/schema\/logo\/image\/","url":"https:\/\/care.mg\/ranowash\/wp-content\/uploads\/2022\/08\/logo-mini-usaid-rw.png","contentUrl":"https:\/\/care.mg\/ranowash\/wp-content\/uploads\/2022\/08\/logo-mini-usaid-rw.png","width":470,"height":97,"caption":"RANO WASH"},"image":{"@id":"https:\/\/care.mg\/ranowash\/#\/schema\/logo\/image\/"},"sameAs":["https:\/\/www.facebook.com\/CAREMadagascar","https:\/\/x.com\/CAREMadagascar"]}]}},"_links":{"self":[{"href":"https:\/\/care.mg\/ranowash\/wp-json\/wp\/v2\/pages\/243625"}],"collection":[{"href":"https:\/\/care.mg\/ranowash\/wp-json\/wp\/v2\/pages"}],"about":[{"href":"https:\/\/care.mg\/ranowash\/wp-json\/wp\/v2\/types\/page"}],"author":[{"embeddable":true,"href":"https:\/\/care.mg\/ranowash\/wp-json\/wp\/v2\/users\/5"}],"replies":[{"embeddable":true,"href":"https:\/\/care.mg\/ranowash\/wp-json\/wp\/v2\/comments?post=243625"}],"version-history":[{"count":13,"href":"https:\/\/care.mg\/ranowash\/wp-json\/wp\/v2\/pages\/243625\/revisions"}],"predecessor-version":[{"id":244244,"href":"https:\/\/care.mg\/ranowash\/wp-json\/wp\/v2\/pages\/243625\/revisions\/244244"}],"wp:attachment":[{"href":"https:\/\/care.mg\/ranowash\/wp-json\/wp\/v2\/media?parent=243625"}],"curies":[{"name":"wp","href":"https:\/\/api.w.org\/{rel}","templated":true}]}}