{"id":244049,"date":"2023-03-22T08:19:37","date_gmt":"2023-03-22T07:19:37","guid":{"rendered":"https:\/\/care.mg\/ranowash\/?page_id=244049"},"modified":"2023-07-20T04:45:43","modified_gmt":"2023-07-20T02:45:43","slug":"strategie-de-couverture-des-services-deau-potable","status":"publish","type":"page","link":"https:\/\/care.mg\/ranowash\/strategie-de-couverture-des-services-deau-potable\/","title":{"rendered":"Marketing et entreprenariat, th\u00e9matique Strat\u00e9gie de couverture des services d\u2019eau potable"},"content":{"rendered":"\t\t<div data-elementor-type=\"wp-page\" data-elementor-id=\"244049\" class=\"elementor elementor-244049\" data-elementor-settings=\"[]\">\r\n\t\t\t\t\t\t<div class=\"elementor-inner\">\r\n\t\t\t\t\t\t\t<div class=\"elementor-section-wrap\">\r\n\t\t\t\t\t\t\t<section class=\"elementor-section elementor-top-section elementor-element elementor-element-7539b72 elementor-section-boxed elementor-section-height-default elementor-section-height-default\" data-id=\"7539b72\" data-element_type=\"section\">\r\n\t\t\t\t\t\t<div class=\"elementor-container elementor-column-gap-default\">\r\n\t\t\t\t\t\t\t<div class=\"elementor-row\">\r\n\t\t\t\t\t<div class=\"elementor-column elementor-col-100 elementor-top-column elementor-element elementor-element-0e9ffba\" data-id=\"0e9ffba\" data-element_type=\"column\">\r\n\t\t\t<div class=\"elementor-column-wrap elementor-element-populated\">\r\n\t\t\t\t\t\t\t<div class=\"elementor-widget-wrap\">\r\n\t\t\t\t\t\t<div class=\"elementor-element elementor-element-e683a18 elementor-widget elementor-widget-heading\" data-id=\"e683a18\" data-element_type=\"widget\" data-widget_type=\"heading.default\">\r\n\t\t\t\t<div class=\"elementor-widget-container\">\r\n\t\t\t<h5 class=\"elementor-heading-title elementor-size-default\">Strat\u00e9gie de couverture des services d\u2019eau potable<\/h5>\t\t<\/div>\r\n\t\t\t\t<\/div>\r\n\t\t\t\t<div class=\"elementor-element elementor-element-d54fb33 elementor-widget elementor-widget-text-editor\" data-id=\"d54fb33\" data-element_type=\"widget\" data-widget_type=\"text-editor.default\">\r\n\t\t\t\t<div class=\"elementor-widget-container\">\r\n\t\t\t\t\t<div class=\"elementor-text-editor elementor-clearfix\"><p><strong>Marketing pour les services d\u2019eau potable<\/strong><\/p><ol><li><a href=\"https:\/\/drive.google.com\/file\/d\/1eIO76URBRDYd8BSGB-O5SZJ1M6qZ16AG\/view?usp=share_link\">Curriculum de formation en marketing et entreprenariat des op\u00e9rateurs WASH<\/a><br \/><a href=\"https:\/\/drive.google.com\/file\/d\/18148y_nysR-jdZD5dHRuuTr8yGTu7xCd\/view?usp=share_link\">liste des WSPs<\/a><\/li><li><a href=\"https:\/\/drive.google.com\/file\/d\/1FqaLpA33Fba0FgxNqbMKak_x7ECZLh0Z\/view?usp=share_link\">Marketing supporting plan<\/a><\/li><li><a href=\"https:\/\/docs.google.com\/spreadsheets\/d\/11GYMnULJ6CVAVn97AfyN071pIAWP2SbQ\/edit?usp=share_link&amp;ouid=111003689666134074787&amp;rtpof=true&amp;sd=true\">Outil de Business plan de service d\u2019eau potable<\/a><\/li><li><a href=\"https:\/\/docs.google.com\/document\/d\/1LoJGdEHT18FbB15MMkQtaaUBFW5WPeB8\/edit?usp=share_link&amp;ouid=111003689666134074787&amp;rtpof=true&amp;sd=true\">Exemples de business mod\u00e8les WASH<\/a><\/li><li><a href=\"https:\/\/docs.google.com\/spreadsheets\/d\/1C4-WdKi8woizVqtepRJDHBoQWjBgT1xH\/edit?usp=share_link&amp;ouid=111003689666134074787&amp;rtpof=true&amp;sd=true\">Business plans type pour candidatures spontan\u00e9es<\/a><\/li><li><a href=\"https:\/\/drive.google.com\/file\/d\/1asvCHvlxxxeaanqiFjBme-ICr7_0XimL\/view?usp=share_link\">Guides sommaires pour contractualisation avec les communes<\/a><\/li><li><a href=\"https:\/\/drive.google.com\/drive\/folders\/10TE2VEbZ5DXcfq61zO2N7gJES2IVp8By?usp=share_link\">Fiches communales de pr\u00e9sentation du potentiel de march\u00e9 en termes de services d\u2019eau potable<\/a><\/li><li><a href=\"https:\/\/drive.google.com\/drive\/folders\/12OZ0_k5rPCKeiiIQqnoiN3f-BcPuC24t?usp=share_link\">Processus pour les candidatures spontan\u00e9es<\/a><\/li><\/ol><p><strong>Entreprises performantes dans la gestion de services d\u2019eau potable<\/strong><\/p><ol><li><a href=\"https:\/\/docs.google.com\/spreadsheets\/d\/184neXuCAkN5Erm7ZbgIESlg_08UpBXFJ\/edit?usp=share_link&amp;ouid=111003689666134074787&amp;rtpof=true&amp;sd=true\">Profil des entreprises<\/a><\/li><li><a href=\"https:\/\/care.mg\/ranowash\/wp-content\/uploads\/2021\/04\/Comment-utiliser-la-version-demo-de-loutil-ODK-developpe-dans-le-cadre-de-lappui-aux-entreprises-partenaires-de-RANO-WASH.pdf\">Outils de t\u00e9l\u00e9gestion pour les entreprises<\/a><\/li><li><a href=\"https:\/\/drive.google.com\/file\/d\/1K2xlR-kbgn49bKDoKRPQCz10khqeVDuz\/view?usp=share_link\">Evolution du nombre de branchements apr\u00e8s les campagnes marketing sur 2 sites pilotes<\/a><\/li><li><a href=\"https:\/\/drive.google.com\/file\/d\/1ZeAt4kZRyCEmBWmliLdbPBvJ-ZydRv-U\/view?usp=share_link\">D\u00e9fis dans le coaching des entreprises<\/a><\/li><li><a href=\"https:\/\/drive.google.com\/file\/d\/15PgaZ81Iv-wvUm1ocVelGd39wTgiGaJh\/view?usp=share_link\">Formats de rentabilit\u00e9 des entreprises de services d\u2019eau potable<\/a><\/li><\/ol><p><strong>Diversification des partenariats inter-priv\u00e9s<\/strong><\/p><ol><li><a href=\"https:\/\/docs.google.com\/document\/d\/1fS3xUg8pAo6dodlfbPc4Fl19Ud3t3VV2\/edit?usp=share_link&amp;ouid=111003689666134074787&amp;rtpof=true&amp;sd=true\">Exp\u00e9rience de RANOWASH sur les kiosques \u00e0 jetons m\u00e9canis\u00e9s<\/a><\/li><li><a href=\"https:\/\/drive.google.com\/file\/d\/1pv-i8zGgD95CZoq68tHPRykIZjyQT51t\/view?usp=share_link\">Mod\u00e8le de contrat de partenariat revendeur-WSP<\/a><\/li><li><a href=\"https:\/\/drive.google.com\/file\/d\/1DOyA6KY80aJ7RPSpPJsHeEUEkrYQcamO\/view?usp=share_link\">Le\u00e7ons apprises lors de l\u2019implantation des points d\u2019eau collectifs automatis\u00e9s<\/a><\/li><li><a href=\"https:\/\/docs.google.com\/spreadsheets\/d\/1jYQFCCHFMaxwbXLdFexxbzl7IJyqFLSs\/edit?usp=share_link&amp;ouid=111003689666134074787&amp;rtpof=true&amp;sd=true\">Comparaison des tarifs d\u2019acc\u00e8s avant et apr\u00e8s la mise en place des services<\/a><\/li><li><a href=\"https:\/\/drive.google.com\/file\/d\/1nc_iIJCe5nx5ybrIUQEh_DLvsqhDV-jq\/view?usp=share_link\">Arrangements financiers effectu\u00e9s par les WSPs pour les constructions<\/a><\/li><li><a href=\"https:\/\/docs.google.com\/spreadsheets\/d\/1WwxtcLS-D_XQtPlFUtVVAoqj2_8Kam6h\/edit?usp=share_link&amp;ouid=111003689666134074787&amp;rtpof=true&amp;sd=true\">Analyse comparative des offres et int\u00e9r\u00eats bancaires pour les entreprises<\/a><\/li><li><a href=\"https:\/\/drive.google.com\/file\/d\/1DLPTdWtdC-8rAWiEMqNgNvCxLkARS5OC\/view?usp=share_link\">Investissements financiers des WSPs dans la mise en place des services d\u2019eau potable<\/a><\/li><\/ol><\/div>\r\n\t\t\t\t<\/div>\r\n\t\t\t\t<\/div>\r\n\t\t\t\t\t\t<\/div>\r\n\t\t\t\t\t<\/div>\r\n\t\t<\/div>\r\n\t\t\t\t\t\t\t\t<\/div>\r\n\t\t\t\t\t<\/div>\r\n\t\t<\/section>\r\n\t\t\t\t\t\t<\/div>\r\n\t\t\t\t\t\t<\/div>\r\n\t\t\t\t\t<\/div>\r\n\t\t","protected":false},"excerpt":{"rendered":"<p>Strat\u00e9gie de couverture des services d\u2019eau potable Marketing pour les services d\u2019eau potable Curriculum de formation en marketing et entreprenariat des op\u00e9rateurs WASHliste des WSPs Marketing supporting plan Outil de Business plan de service d\u2019eau potable Exemples de business mod\u00e8les WASH Business plans type pour candidatures spontan\u00e9es Guides sommaires pour contractualisation avec les communes Fiches [&hellip;]<\/p>\n","protected":false},"author":5,"featured_media":0,"parent":0,"menu_order":0,"comment_status":"closed","ping_status":"closed","template":"","meta":{"footnotes":""},"acf":[],"yoast_head":"<!-- This site is optimized with the Yoast SEO plugin v23.5 - https:\/\/yoast.com\/wordpress\/plugins\/seo\/ -->\n<title>Marketing et entreprenariat, th\u00e9matique Strat\u00e9gie de couverture des services d\u2019eau potable - RANO WASH<\/title>\n<meta name=\"robots\" content=\"index, follow, max-snippet:-1, max-image-preview:large, max-video-preview:-1\" \/>\n<link rel=\"canonical\" href=\"https:\/\/care.mg\/ranowash\/strategie-de-couverture-des-services-deau-potable\/\" \/>\n<meta property=\"og:locale\" content=\"fr_FR\" \/>\n<meta property=\"og:type\" content=\"article\" \/>\n<meta property=\"og:title\" content=\"Marketing et entreprenariat, th\u00e9matique Strat\u00e9gie de couverture des services d\u2019eau potable - RANO WASH\" \/>\n<meta property=\"og:description\" content=\"Strat\u00e9gie de couverture des services d\u2019eau potable Marketing pour les services d\u2019eau potable Curriculum de formation en marketing et entreprenariat des op\u00e9rateurs WASHliste des WSPs Marketing supporting plan Outil de Business plan de service d\u2019eau potable Exemples de business mod\u00e8les WASH Business plans type pour candidatures spontan\u00e9es Guides sommaires pour contractualisation avec les communes Fiches [&hellip;]\" \/>\n<meta property=\"og:url\" content=\"https:\/\/care.mg\/ranowash\/strategie-de-couverture-des-services-deau-potable\/\" \/>\n<meta property=\"og:site_name\" content=\"RANO WASH\" \/>\n<meta property=\"article:publisher\" content=\"https:\/\/www.facebook.com\/CAREMadagascar\" \/>\n<meta property=\"article:modified_time\" content=\"2023-07-20T02:45:43+00:00\" \/>\n<meta name=\"twitter:card\" content=\"summary_large_image\" \/>\n<meta name=\"twitter:site\" content=\"@CAREMadagascar\" \/>\n<meta name=\"twitter:label1\" content=\"Dur\u00e9e de lecture estim\u00e9e\" \/>\n\t<meta name=\"twitter:data1\" content=\"1 minute\" \/>\n<script type=\"application\/ld+json\" class=\"yoast-schema-graph\">{\"@context\":\"https:\/\/schema.org\",\"@graph\":[{\"@type\":\"WebPage\",\"@id\":\"https:\/\/care.mg\/ranowash\/strategie-de-couverture-des-services-deau-potable\/\",\"url\":\"https:\/\/care.mg\/ranowash\/strategie-de-couverture-des-services-deau-potable\/\",\"name\":\"Marketing et entreprenariat, th\u00e9matique Strat\u00e9gie de couverture des services d\u2019eau potable - RANO WASH\",\"isPartOf\":{\"@id\":\"https:\/\/care.mg\/ranowash\/#website\"},\"datePublished\":\"2023-03-22T07:19:37+00:00\",\"dateModified\":\"2023-07-20T02:45:43+00:00\",\"inLanguage\":\"fr-FR\",\"potentialAction\":[{\"@type\":\"ReadAction\",\"target\":[\"https:\/\/care.mg\/ranowash\/strategie-de-couverture-des-services-deau-potable\/\"]}]},{\"@type\":\"WebSite\",\"@id\":\"https:\/\/care.mg\/ranowash\/#website\",\"url\":\"https:\/\/care.mg\/ranowash\/\",\"name\":\"RANO WASH\",\"description\":\"Rural Access to New Opportunities in Water, Sanitation and Hygiene\",\"publisher\":{\"@id\":\"https:\/\/care.mg\/ranowash\/#organization\"},\"potentialAction\":[{\"@type\":\"SearchAction\",\"target\":{\"@type\":\"EntryPoint\",\"urlTemplate\":\"https:\/\/care.mg\/ranowash\/?s={search_term_string}\"},\"query-input\":{\"@type\":\"PropertyValueSpecification\",\"valueRequired\":true,\"valueName\":\"search_term_string\"}}],\"inLanguage\":\"fr-FR\"},{\"@type\":\"Organization\",\"@id\":\"https:\/\/care.mg\/ranowash\/#organization\",\"name\":\"RANO WASH\",\"url\":\"https:\/\/care.mg\/ranowash\/\",\"logo\":{\"@type\":\"ImageObject\",\"inLanguage\":\"fr-FR\",\"@id\":\"https:\/\/care.mg\/ranowash\/#\/schema\/logo\/image\/\",\"url\":\"https:\/\/care.mg\/ranowash\/wp-content\/uploads\/2022\/08\/logo-mini-usaid-rw.png\",\"contentUrl\":\"https:\/\/care.mg\/ranowash\/wp-content\/uploads\/2022\/08\/logo-mini-usaid-rw.png\",\"width\":470,\"height\":97,\"caption\":\"RANO WASH\"},\"image\":{\"@id\":\"https:\/\/care.mg\/ranowash\/#\/schema\/logo\/image\/\"},\"sameAs\":[\"https:\/\/www.facebook.com\/CAREMadagascar\",\"https:\/\/x.com\/CAREMadagascar\"]}]}<\/script>\n<!-- \/ Yoast SEO plugin. -->","yoast_head_json":{"title":"Marketing et entreprenariat, th\u00e9matique Strat\u00e9gie de couverture des services d\u2019eau potable - RANO WASH","robots":{"index":"index","follow":"follow","max-snippet":"max-snippet:-1","max-image-preview":"max-image-preview:large","max-video-preview":"max-video-preview:-1"},"canonical":"https:\/\/care.mg\/ranowash\/strategie-de-couverture-des-services-deau-potable\/","og_locale":"fr_FR","og_type":"article","og_title":"Marketing et entreprenariat, th\u00e9matique Strat\u00e9gie de couverture des services d\u2019eau potable - RANO WASH","og_description":"Strat\u00e9gie de couverture des services d\u2019eau potable Marketing pour les services d\u2019eau potable Curriculum de formation en marketing et entreprenariat des op\u00e9rateurs WASHliste des WSPs Marketing supporting plan Outil de Business plan de service d\u2019eau potable Exemples de business mod\u00e8les WASH Business plans type pour candidatures spontan\u00e9es Guides sommaires pour contractualisation avec les communes Fiches [&hellip;]","og_url":"https:\/\/care.mg\/ranowash\/strategie-de-couverture-des-services-deau-potable\/","og_site_name":"RANO WASH","article_publisher":"https:\/\/www.facebook.com\/CAREMadagascar","article_modified_time":"2023-07-20T02:45:43+00:00","twitter_card":"summary_large_image","twitter_site":"@CAREMadagascar","twitter_misc":{"Dur\u00e9e de lecture estim\u00e9e":"1 minute"},"schema":{"@context":"https:\/\/schema.org","@graph":[{"@type":"WebPage","@id":"https:\/\/care.mg\/ranowash\/strategie-de-couverture-des-services-deau-potable\/","url":"https:\/\/care.mg\/ranowash\/strategie-de-couverture-des-services-deau-potable\/","name":"Marketing et entreprenariat, th\u00e9matique Strat\u00e9gie de couverture des services d\u2019eau potable - RANO WASH","isPartOf":{"@id":"https:\/\/care.mg\/ranowash\/#website"},"datePublished":"2023-03-22T07:19:37+00:00","dateModified":"2023-07-20T02:45:43+00:00","inLanguage":"fr-FR","potentialAction":[{"@type":"ReadAction","target":["https:\/\/care.mg\/ranowash\/strategie-de-couverture-des-services-deau-potable\/"]}]},{"@type":"WebSite","@id":"https:\/\/care.mg\/ranowash\/#website","url":"https:\/\/care.mg\/ranowash\/","name":"RANO WASH","description":"Rural Access to New Opportunities in Water, Sanitation and Hygiene","publisher":{"@id":"https:\/\/care.mg\/ranowash\/#organization"},"potentialAction":[{"@type":"SearchAction","target":{"@type":"EntryPoint","urlTemplate":"https:\/\/care.mg\/ranowash\/?s={search_term_string}"},"query-input":{"@type":"PropertyValueSpecification","valueRequired":true,"valueName":"search_term_string"}}],"inLanguage":"fr-FR"},{"@type":"Organization","@id":"https:\/\/care.mg\/ranowash\/#organization","name":"RANO WASH","url":"https:\/\/care.mg\/ranowash\/","logo":{"@type":"ImageObject","inLanguage":"fr-FR","@id":"https:\/\/care.mg\/ranowash\/#\/schema\/logo\/image\/","url":"https:\/\/care.mg\/ranowash\/wp-content\/uploads\/2022\/08\/logo-mini-usaid-rw.png","contentUrl":"https:\/\/care.mg\/ranowash\/wp-content\/uploads\/2022\/08\/logo-mini-usaid-rw.png","width":470,"height":97,"caption":"RANO WASH"},"image":{"@id":"https:\/\/care.mg\/ranowash\/#\/schema\/logo\/image\/"},"sameAs":["https:\/\/www.facebook.com\/CAREMadagascar","https:\/\/x.com\/CAREMadagascar"]}]}},"_links":{"self":[{"href":"https:\/\/care.mg\/ranowash\/wp-json\/wp\/v2\/pages\/244049"}],"collection":[{"href":"https:\/\/care.mg\/ranowash\/wp-json\/wp\/v2\/pages"}],"about":[{"href":"https:\/\/care.mg\/ranowash\/wp-json\/wp\/v2\/types\/page"}],"author":[{"embeddable":true,"href":"https:\/\/care.mg\/ranowash\/wp-json\/wp\/v2\/users\/5"}],"replies":[{"embeddable":true,"href":"https:\/\/care.mg\/ranowash\/wp-json\/wp\/v2\/comments?post=244049"}],"version-history":[{"count":13,"href":"https:\/\/care.mg\/ranowash\/wp-json\/wp\/v2\/pages\/244049\/revisions"}],"predecessor-version":[{"id":244735,"href":"https:\/\/care.mg\/ranowash\/wp-json\/wp\/v2\/pages\/244049\/revisions\/244735"}],"wp:attachment":[{"href":"https:\/\/care.mg\/ranowash\/wp-json\/wp\/v2\/media?parent=244049"}],"curies":[{"name":"wp","href":"https:\/\/api.w.org\/{rel}","templated":true}]}}