{"id":244122,"date":"2023-03-22T17:47:08","date_gmt":"2023-03-22T16:47:08","guid":{"rendered":"https:\/\/care.mg\/ranowash\/?page_id=244122"},"modified":"2023-07-20T04:43:25","modified_gmt":"2023-07-20T02:43:25","slug":"thematique-infrastructures-wash-conformes-a-lenvironnement-et-perennes-face-aux-aleas-climatiques","status":"publish","type":"page","link":"https:\/\/care.mg\/ranowash\/thematique-infrastructures-wash-conformes-a-lenvironnement-et-perennes-face-aux-aleas-climatiques\/","title":{"rendered":"Infrastructures WASH conformes \u00e0 l\u2019environnement et p\u00e9rennes face aux al\u00e9as climatiques"},"content":{"rendered":"\t\t<div data-elementor-type=\"wp-page\" data-elementor-id=\"244122\" class=\"elementor elementor-244122\" data-elementor-settings=\"[]\">\r\n\t\t\t\t\t\t<div class=\"elementor-inner\">\r\n\t\t\t\t\t\t\t<div class=\"elementor-section-wrap\">\r\n\t\t\t\t\t\t\t<section class=\"elementor-section elementor-top-section elementor-element elementor-element-2b4633f elementor-section-boxed elementor-section-height-default elementor-section-height-default\" data-id=\"2b4633f\" data-element_type=\"section\">\r\n\t\t\t\t\t\t<div class=\"elementor-container elementor-column-gap-default\">\r\n\t\t\t\t\t\t\t<div class=\"elementor-row\">\r\n\t\t\t\t\t<div class=\"elementor-column elementor-col-100 elementor-top-column elementor-element elementor-element-348f8e6\" data-id=\"348f8e6\" data-element_type=\"column\">\r\n\t\t\t<div class=\"elementor-column-wrap elementor-element-populated\">\r\n\t\t\t\t\t\t\t<div class=\"elementor-widget-wrap\">\r\n\t\t\t\t\t\t<div class=\"elementor-element elementor-element-a4164c4 elementor-widget elementor-widget-text-editor\" data-id=\"a4164c4\" data-element_type=\"widget\" data-widget_type=\"text-editor.default\">\r\n\t\t\t\t<div class=\"elementor-widget-container\">\r\n\t\t\t\t\t<div class=\"elementor-text-editor elementor-clearfix\"><p><strong>Phase Pr\u00e9paratoire\u00a0<\/strong><br \/>\u2013\u00a0<a href=\"https:\/\/drive.google.com\/drive\/folders\/1qCCc-gvPNB6YZCpxuARg5H05l2A2qM8O\">1.1. Cadrage<\/a><br \/>\u2013\u00a0<a href=\"https:\/\/drive.google.com\/drive\/folders\/1CsrycueEZYJ4BRrrCfxHDWxBrVOtoSWH\">1.2. Choix des Communes<\/a><\/p><p><strong>Phase conception : Etudes techniques et \u00e9tudes environnementales<\/strong><br \/>\u2013\u00a0<a href=\"https:\/\/drive.google.com\/drive\/folders\/1DgrmkgakTLcgxGpwEaaZT62RGTBsbasu\">2.1. Etude d\u2019Avant-projet<\/a><br \/>\u2013\u00a0<a href=\"https:\/\/drive.google.com\/drive\/folders\/1k--6Yo7FeKJooFXAxTiK66XQABzCXRyf?usp=sharing\">2.2. Validation des \u00e9tudes<\/a><br \/>\u2013\u00a0<a href=\"https:\/\/drive.google.com\/drive\/folders\/1Wr5BpCF1y19RHNcht9AtYKU3sAMKr9QK\">2.2.1. RW Avant-Projet Sommaire<\/a><br \/>\u2013\u00a0<a href=\"https:\/\/drive.google.com\/drive\/folders\/1m3Q5nTwY0MR_4LwusijV--2f8bpW2_kR\">2.2.2. RW Avant Propet D\u00e9taill\u00e9<\/a><br \/>\u2013\u00a0<a href=\"https:\/\/drive.google.com\/drive\/folders\/1lnZt57g1PG2k1M2RaoMqScv78s7zzCZr\">2.2.3. RW Environmental Screening Form<\/a><br \/>\u2013\u00a0<a href=\"https:\/\/drive.google.com\/file\/d\/1Hkf06_hVqWffmcaq_U9fg5t6QldULamS\/view?usp=sharing\">2.2.4. Liste des APS \u2013 APD<\/a><\/p><p><strong>Qualit\u00e9 de l\u2019eau<\/strong><br \/>\u2013\u00a0<a href=\"https:\/\/drive.google.com\/drive\/folders\/18vsl96w8alSTwDVqDYAzE1H6CdPuSTCU\">3.1. Param\u00e8tre \u00e0 analyser<\/a><br \/>\u2013\u00a0<a href=\"https:\/\/drive.google.com\/drive\/folders\/1tER_9aJVKUT2-jhnmZPjrZwJewYNNBT4\">3.2. Unit\u00e9 de traitement<\/a><\/p><p><strong>Phase Travaux<\/strong><br \/>\u2013\u00a0<a href=\"https:\/\/drive.google.com\/drive\/folders\/1Q4llm3icN3fw0wnDV0Mi3tV-LtutIs5U\">4.1. Au d\u00e9marrage<\/a><br \/>\u2013\u00a0<a href=\"https:\/\/drive.google.com\/drive\/folders\/1jmBjRyL_8Q37ROCzF92xjsyecO5y7ZM1\">4.2. Vie de chantier<\/a><br \/>\u2013\u00a0<a href=\"https:\/\/drive.google.com\/drive\/folders\/1mqMEdKruOLlIO973T0zgFpafFxKhPBDV\">4.3. Rapportage et module de formation<\/a><\/p><p><strong>Phase exploitation<\/strong> <br \/>\u2013\u00a0<a href=\"https:\/\/drive.google.com\/drive\/folders\/1Dhe9L-F09YWmCQnn08h6_hmZ_MyjnD78\">5.2. Rapportage et documentation<\/a><\/p><\/div>\r\n\t\t\t\t<\/div>\r\n\t\t\t\t<\/div>\r\n\t\t\t\t\t\t<\/div>\r\n\t\t\t\t\t<\/div>\r\n\t\t<\/div>\r\n\t\t\t\t\t\t\t\t<\/div>\r\n\t\t\t\t\t<\/div>\r\n\t\t<\/section>\r\n\t\t\t\t\t\t<\/div>\r\n\t\t\t\t\t\t<\/div>\r\n\t\t\t\t\t<\/div>\r\n\t\t","protected":false},"excerpt":{"rendered":"<p>Phase Pr\u00e9paratoire\u00a0\u2013\u00a01.1. Cadrage\u2013\u00a01.2. Choix des Communes Phase conception : Etudes techniques et \u00e9tudes environnementales\u2013\u00a02.1. Etude d\u2019Avant-projet\u2013\u00a02.2. Validation des \u00e9tudes\u2013\u00a02.2.1. RW Avant-Projet Sommaire\u2013\u00a02.2.2. RW Avant Propet D\u00e9taill\u00e9\u2013\u00a02.2.3. RW Environmental Screening Form\u2013\u00a02.2.4. Liste des APS \u2013 APD Qualit\u00e9 de l\u2019eau\u2013\u00a03.1. Param\u00e8tre \u00e0 analyser\u2013\u00a03.2. Unit\u00e9 de traitement Phase Travaux\u2013\u00a04.1. Au d\u00e9marrage\u2013\u00a04.2. Vie de chantier\u2013\u00a04.3. Rapportage et module de [&hellip;]<\/p>\n","protected":false},"author":5,"featured_media":0,"parent":0,"menu_order":0,"comment_status":"closed","ping_status":"closed","template":"","meta":{"footnotes":""},"acf":[],"yoast_head":"<!-- This site is optimized with the Yoast SEO plugin v23.5 - https:\/\/yoast.com\/wordpress\/plugins\/seo\/ -->\n<title>Infrastructures WASH conformes \u00e0 l\u2019environnement et p\u00e9rennes face aux al\u00e9as climatiques - RANO WASH<\/title>\n<meta name=\"robots\" content=\"index, follow, max-snippet:-1, max-image-preview:large, max-video-preview:-1\" \/>\n<link rel=\"canonical\" href=\"https:\/\/care.mg\/ranowash\/thematique-infrastructures-wash-conformes-a-lenvironnement-et-perennes-face-aux-aleas-climatiques\/\" \/>\n<meta property=\"og:locale\" content=\"fr_FR\" \/>\n<meta property=\"og:type\" content=\"article\" \/>\n<meta property=\"og:title\" content=\"Infrastructures WASH conformes \u00e0 l\u2019environnement et p\u00e9rennes face aux al\u00e9as climatiques - RANO WASH\" \/>\n<meta property=\"og:description\" content=\"Phase Pr\u00e9paratoire\u00a0\u2013\u00a01.1. Cadrage\u2013\u00a01.2. Choix des Communes Phase conception : Etudes techniques et \u00e9tudes environnementales\u2013\u00a02.1. Etude d\u2019Avant-projet\u2013\u00a02.2. Validation des \u00e9tudes\u2013\u00a02.2.1. RW Avant-Projet Sommaire\u2013\u00a02.2.2. RW Avant Propet D\u00e9taill\u00e9\u2013\u00a02.2.3. RW Environmental Screening Form\u2013\u00a02.2.4. Liste des APS \u2013 APD Qualit\u00e9 de l\u2019eau\u2013\u00a03.1. Param\u00e8tre \u00e0 analyser\u2013\u00a03.2. Unit\u00e9 de traitement Phase Travaux\u2013\u00a04.1. Au d\u00e9marrage\u2013\u00a04.2. Vie de chantier\u2013\u00a04.3. Rapportage et module de [&hellip;]\" \/>\n<meta property=\"og:url\" content=\"https:\/\/care.mg\/ranowash\/thematique-infrastructures-wash-conformes-a-lenvironnement-et-perennes-face-aux-aleas-climatiques\/\" \/>\n<meta property=\"og:site_name\" content=\"RANO WASH\" \/>\n<meta property=\"article:publisher\" content=\"https:\/\/www.facebook.com\/CAREMadagascar\" \/>\n<meta property=\"article:modified_time\" content=\"2023-07-20T02:43:25+00:00\" \/>\n<meta name=\"twitter:card\" content=\"summary_large_image\" \/>\n<meta name=\"twitter:site\" content=\"@CAREMadagascar\" \/>\n<script type=\"application\/ld+json\" class=\"yoast-schema-graph\">{\"@context\":\"https:\/\/schema.org\",\"@graph\":[{\"@type\":\"WebPage\",\"@id\":\"https:\/\/care.mg\/ranowash\/thematique-infrastructures-wash-conformes-a-lenvironnement-et-perennes-face-aux-aleas-climatiques\/\",\"url\":\"https:\/\/care.mg\/ranowash\/thematique-infrastructures-wash-conformes-a-lenvironnement-et-perennes-face-aux-aleas-climatiques\/\",\"name\":\"Infrastructures WASH conformes \u00e0 l\u2019environnement et p\u00e9rennes face aux al\u00e9as climatiques - RANO WASH\",\"isPartOf\":{\"@id\":\"https:\/\/care.mg\/ranowash\/#website\"},\"datePublished\":\"2023-03-22T16:47:08+00:00\",\"dateModified\":\"2023-07-20T02:43:25+00:00\",\"inLanguage\":\"fr-FR\",\"potentialAction\":[{\"@type\":\"ReadAction\",\"target\":[\"https:\/\/care.mg\/ranowash\/thematique-infrastructures-wash-conformes-a-lenvironnement-et-perennes-face-aux-aleas-climatiques\/\"]}]},{\"@type\":\"WebSite\",\"@id\":\"https:\/\/care.mg\/ranowash\/#website\",\"url\":\"https:\/\/care.mg\/ranowash\/\",\"name\":\"RANO WASH\",\"description\":\"Rural Access to New Opportunities in Water, Sanitation and Hygiene\",\"publisher\":{\"@id\":\"https:\/\/care.mg\/ranowash\/#organization\"},\"potentialAction\":[{\"@type\":\"SearchAction\",\"target\":{\"@type\":\"EntryPoint\",\"urlTemplate\":\"https:\/\/care.mg\/ranowash\/?s={search_term_string}\"},\"query-input\":{\"@type\":\"PropertyValueSpecification\",\"valueRequired\":true,\"valueName\":\"search_term_string\"}}],\"inLanguage\":\"fr-FR\"},{\"@type\":\"Organization\",\"@id\":\"https:\/\/care.mg\/ranowash\/#organization\",\"name\":\"RANO WASH\",\"url\":\"https:\/\/care.mg\/ranowash\/\",\"logo\":{\"@type\":\"ImageObject\",\"inLanguage\":\"fr-FR\",\"@id\":\"https:\/\/care.mg\/ranowash\/#\/schema\/logo\/image\/\",\"url\":\"https:\/\/care.mg\/ranowash\/wp-content\/uploads\/2022\/08\/logo-mini-usaid-rw.png\",\"contentUrl\":\"https:\/\/care.mg\/ranowash\/wp-content\/uploads\/2022\/08\/logo-mini-usaid-rw.png\",\"width\":470,\"height\":97,\"caption\":\"RANO WASH\"},\"image\":{\"@id\":\"https:\/\/care.mg\/ranowash\/#\/schema\/logo\/image\/\"},\"sameAs\":[\"https:\/\/www.facebook.com\/CAREMadagascar\",\"https:\/\/x.com\/CAREMadagascar\"]}]}<\/script>\n<!-- \/ Yoast SEO plugin. -->","yoast_head_json":{"title":"Infrastructures WASH conformes \u00e0 l\u2019environnement et p\u00e9rennes face aux al\u00e9as climatiques - RANO WASH","robots":{"index":"index","follow":"follow","max-snippet":"max-snippet:-1","max-image-preview":"max-image-preview:large","max-video-preview":"max-video-preview:-1"},"canonical":"https:\/\/care.mg\/ranowash\/thematique-infrastructures-wash-conformes-a-lenvironnement-et-perennes-face-aux-aleas-climatiques\/","og_locale":"fr_FR","og_type":"article","og_title":"Infrastructures WASH conformes \u00e0 l\u2019environnement et p\u00e9rennes face aux al\u00e9as climatiques - RANO WASH","og_description":"Phase Pr\u00e9paratoire\u00a0\u2013\u00a01.1. Cadrage\u2013\u00a01.2. Choix des Communes Phase conception : Etudes techniques et \u00e9tudes environnementales\u2013\u00a02.1. Etude d\u2019Avant-projet\u2013\u00a02.2. Validation des \u00e9tudes\u2013\u00a02.2.1. RW Avant-Projet Sommaire\u2013\u00a02.2.2. RW Avant Propet D\u00e9taill\u00e9\u2013\u00a02.2.3. RW Environmental Screening Form\u2013\u00a02.2.4. Liste des APS \u2013 APD Qualit\u00e9 de l\u2019eau\u2013\u00a03.1. Param\u00e8tre \u00e0 analyser\u2013\u00a03.2. Unit\u00e9 de traitement Phase Travaux\u2013\u00a04.1. Au d\u00e9marrage\u2013\u00a04.2. Vie de chantier\u2013\u00a04.3. Rapportage et module de [&hellip;]","og_url":"https:\/\/care.mg\/ranowash\/thematique-infrastructures-wash-conformes-a-lenvironnement-et-perennes-face-aux-aleas-climatiques\/","og_site_name":"RANO WASH","article_publisher":"https:\/\/www.facebook.com\/CAREMadagascar","article_modified_time":"2023-07-20T02:43:25+00:00","twitter_card":"summary_large_image","twitter_site":"@CAREMadagascar","schema":{"@context":"https:\/\/schema.org","@graph":[{"@type":"WebPage","@id":"https:\/\/care.mg\/ranowash\/thematique-infrastructures-wash-conformes-a-lenvironnement-et-perennes-face-aux-aleas-climatiques\/","url":"https:\/\/care.mg\/ranowash\/thematique-infrastructures-wash-conformes-a-lenvironnement-et-perennes-face-aux-aleas-climatiques\/","name":"Infrastructures WASH conformes \u00e0 l\u2019environnement et p\u00e9rennes face aux al\u00e9as climatiques - RANO WASH","isPartOf":{"@id":"https:\/\/care.mg\/ranowash\/#website"},"datePublished":"2023-03-22T16:47:08+00:00","dateModified":"2023-07-20T02:43:25+00:00","inLanguage":"fr-FR","potentialAction":[{"@type":"ReadAction","target":["https:\/\/care.mg\/ranowash\/thematique-infrastructures-wash-conformes-a-lenvironnement-et-perennes-face-aux-aleas-climatiques\/"]}]},{"@type":"WebSite","@id":"https:\/\/care.mg\/ranowash\/#website","url":"https:\/\/care.mg\/ranowash\/","name":"RANO WASH","description":"Rural Access to New Opportunities in Water, Sanitation and Hygiene","publisher":{"@id":"https:\/\/care.mg\/ranowash\/#organization"},"potentialAction":[{"@type":"SearchAction","target":{"@type":"EntryPoint","urlTemplate":"https:\/\/care.mg\/ranowash\/?s={search_term_string}"},"query-input":{"@type":"PropertyValueSpecification","valueRequired":true,"valueName":"search_term_string"}}],"inLanguage":"fr-FR"},{"@type":"Organization","@id":"https:\/\/care.mg\/ranowash\/#organization","name":"RANO WASH","url":"https:\/\/care.mg\/ranowash\/","logo":{"@type":"ImageObject","inLanguage":"fr-FR","@id":"https:\/\/care.mg\/ranowash\/#\/schema\/logo\/image\/","url":"https:\/\/care.mg\/ranowash\/wp-content\/uploads\/2022\/08\/logo-mini-usaid-rw.png","contentUrl":"https:\/\/care.mg\/ranowash\/wp-content\/uploads\/2022\/08\/logo-mini-usaid-rw.png","width":470,"height":97,"caption":"RANO WASH"},"image":{"@id":"https:\/\/care.mg\/ranowash\/#\/schema\/logo\/image\/"},"sameAs":["https:\/\/www.facebook.com\/CAREMadagascar","https:\/\/x.com\/CAREMadagascar"]}]}},"_links":{"self":[{"href":"https:\/\/care.mg\/ranowash\/wp-json\/wp\/v2\/pages\/244122"}],"collection":[{"href":"https:\/\/care.mg\/ranowash\/wp-json\/wp\/v2\/pages"}],"about":[{"href":"https:\/\/care.mg\/ranowash\/wp-json\/wp\/v2\/types\/page"}],"author":[{"embeddable":true,"href":"https:\/\/care.mg\/ranowash\/wp-json\/wp\/v2\/users\/5"}],"replies":[{"embeddable":true,"href":"https:\/\/care.mg\/ranowash\/wp-json\/wp\/v2\/comments?post=244122"}],"version-history":[{"count":18,"href":"https:\/\/care.mg\/ranowash\/wp-json\/wp\/v2\/pages\/244122\/revisions"}],"predecessor-version":[{"id":244734,"href":"https:\/\/care.mg\/ranowash\/wp-json\/wp\/v2\/pages\/244122\/revisions\/244734"}],"wp:attachment":[{"href":"https:\/\/care.mg\/ranowash\/wp-json\/wp\/v2\/media?parent=244122"}],"curies":[{"name":"wp","href":"https:\/\/api.w.org\/{rel}","templated":true}]}}